{"id":339,"date":"2019-02-01T12:19:58","date_gmt":"2019-02-01T11:19:58","guid":{"rendered":"http:\/\/blogs.bellvitgehospital.cat\/farmacologiaclinica\/?page_id=339"},"modified":"2019-02-06T16:18:19","modified_gmt":"2019-02-06T15:18:19","slug":"comparte","status":"publish","type":"page","link":"http:\/\/blogs.bellvitgehospital.cat\/farmacologiaclinica\/comparte\/","title":{"rendered":"Comparte"},"content":{"rendered":"<p><img loading=\"lazy\" class=\"alignleft wp-image-350\" src=\"http:\/\/blogs.bellvitgehospital.cat\/farmacologiaclinica\/wp-content\/uploads\/sites\/5\/2019\/02\/question-mark-1872634_960_720.jpg\" alt=\"\" width=\"307\" height=\"169\" srcset=\"http:\/\/blogs.bellvitgehospital.cat\/farmacologiaclinica\/wp-content\/uploads\/sites\/5\/2019\/02\/question-mark-1872634_960_720.jpg 960w, http:\/\/blogs.bellvitgehospital.cat\/farmacologiaclinica\/wp-content\/uploads\/sites\/5\/2019\/02\/question-mark-1872634_960_720-300x165.jpg 300w, http:\/\/blogs.bellvitgehospital.cat\/farmacologiaclinica\/wp-content\/uploads\/sites\/5\/2019\/02\/question-mark-1872634_960_720-768x422.jpg 768w\" sizes=\"(max-width: 307px) 100vw, 307px\" \/>Queremos conocer tu opini\u00f3n.<\/p>\n<p>Uno de los aspectos que definen y dan sentido el concepto web 2.0 y los blogs como elementos centrales, es la transmisi\u00f3n multidireccional de la informaci\u00f3n.<\/p>\n<p>Esto implica compartir, enriquece el debate y genera m\u00e1s conocimiento.<\/p>\n<p>Si tienes un comentario sobre nuestras publicaciones, contacta a trav\u00e9s de nuestro correo <a href=\"mailto:farmacologiaclinica@bellvitgehospital.cat\">farmacologiaclinica@bellvitgehospital.cat<\/a><\/p>\n<p>Este es un espacio para compartir.<\/p>\n","protected":false},"excerpt":{"rendered":"<p>Queremos conocer tu opini\u00f3n. Uno de los aspectos que definen y dan sentido el concepto web 2.0 y los blogs como elementos centrales, es la transmisi\u00f3n multidireccional de la informaci\u00f3n. Esto implica compartir, enriquece el debate y genera m\u00e1s conocimiento. &hellip; <a href=\"http:\/\/blogs.bellvitgehospital.cat\/farmacologiaclinica\/comparte\/\">Continua llegint <span class=\"meta-nav\">&rarr;<\/span><\/a><\/p>\n","protected":false},"author":10,"featured_media":0,"parent":0,"menu_order":0,"comment_status":"closed","ping_status":"closed","template":"","meta":[],"_links":{"self":[{"href":"http:\/\/blogs.bellvitgehospital.cat\/farmacologiaclinica\/wp-json\/wp\/v2\/pages\/339"}],"collection":[{"href":"http:\/\/blogs.bellvitgehospital.cat\/farmacologiaclinica\/wp-json\/wp\/v2\/pages"}],"about":[{"href":"http:\/\/blogs.bellvitgehospital.cat\/farmacologiaclinica\/wp-json\/wp\/v2\/types\/page"}],"author":[{"embeddable":true,"href":"http:\/\/blogs.bellvitgehospital.cat\/farmacologiaclinica\/wp-json\/wp\/v2\/users\/10"}],"replies":[{"embeddable":true,"href":"http:\/\/blogs.bellvitgehospital.cat\/farmacologiaclinica\/wp-json\/wp\/v2\/comments?post=339"}],"version-history":[{"count":10,"href":"http:\/\/blogs.bellvitgehospital.cat\/farmacologiaclinica\/wp-json\/wp\/v2\/pages\/339\/revisions"}],"predecessor-version":[{"id":375,"href":"http:\/\/blogs.bellvitgehospital.cat\/farmacologiaclinica\/wp-json\/wp\/v2\/pages\/339\/revisions\/375"}],"wp:attachment":[{"href":"http:\/\/blogs.bellvitgehospital.cat\/farmacologiaclinica\/wp-json\/wp\/v2\/media?parent=339"}],"curies":[{"name":"wp","href":"https:\/\/api.w.org\/{rel}","templated":true}]}}