{"id":337,"date":"2019-02-01T12:15:31","date_gmt":"2019-02-01T11:15:31","guid":{"rendered":"http:\/\/blogs.bellvitgehospital.cat\/farmacologiaclinica\/?page_id=337"},"modified":"2019-02-06T16:18:54","modified_gmt":"2019-02-06T15:18:54","slug":"comparteix","status":"publish","type":"page","link":"http:\/\/blogs.bellvitgehospital.cat\/farmacologiaclinica\/comparteix\/","title":{"rendered":"Comparteix"},"content":{"rendered":"<p><img loading=\"lazy\" class=\"alignleft wp-image-350\" style=\"line-height: 24px; font-size: 16px;\" src=\"http:\/\/blogs.bellvitgehospital.cat\/farmacologiaclinica\/wp-content\/uploads\/sites\/5\/2019\/02\/question-mark-1872634_960_720.jpg\" alt=\"\" width=\"309\" height=\"170\" srcset=\"http:\/\/blogs.bellvitgehospital.cat\/farmacologiaclinica\/wp-content\/uploads\/sites\/5\/2019\/02\/question-mark-1872634_960_720.jpg 960w, http:\/\/blogs.bellvitgehospital.cat\/farmacologiaclinica\/wp-content\/uploads\/sites\/5\/2019\/02\/question-mark-1872634_960_720-300x165.jpg 300w, http:\/\/blogs.bellvitgehospital.cat\/farmacologiaclinica\/wp-content\/uploads\/sites\/5\/2019\/02\/question-mark-1872634_960_720-768x422.jpg 768w\" sizes=\"(max-width: 309px) 100vw, 309px\" \/>Volem con\u00e8ixer la teva opini\u00f3.<\/p>\n<p>Un dels aspectes que defineixen i donen sentit al concepte web 2.0 i els blogs com a elements centrals, \u00e9s la transmissi\u00f3 multidireccional de la informaci\u00f3.<\/p>\n<p>&nbsp;<\/p>\n<p>Aix\u00f2 implica compartir, enriqueix el debat i genera m\u00e9s coneixement.<\/p>\n<p>Si tens un comentari sobre les nostres publicacions, contacta a trav\u00e9s del nostre correu\u00a0<a href=\"mailto:farmacologiaclinica@bellvitgehospital.cat\" target=\"_blank\" rel=\"noopener\">farmacologiaclinica@bellvitgehospital.cat<\/a><\/p>\n<p>Aquest \u00e9s un espai per compartir.<\/p>\n","protected":false},"excerpt":{"rendered":"<p>Volem con\u00e8ixer la teva opini\u00f3. Un dels aspectes que defineixen i donen sentit al concepte web 2.0 i els blogs com a elements centrals, \u00e9s la transmissi\u00f3 multidireccional de la informaci\u00f3. &nbsp; Aix\u00f2 implica compartir, enriqueix el debat i genera &hellip; <a href=\"http:\/\/blogs.bellvitgehospital.cat\/farmacologiaclinica\/comparteix\/\">Continua llegint <span class=\"meta-nav\">&rarr;<\/span><\/a><\/p>\n","protected":false},"author":10,"featured_media":0,"parent":0,"menu_order":0,"comment_status":"closed","ping_status":"closed","template":"","meta":[],"_links":{"self":[{"href":"http:\/\/blogs.bellvitgehospital.cat\/farmacologiaclinica\/wp-json\/wp\/v2\/pages\/337"}],"collection":[{"href":"http:\/\/blogs.bellvitgehospital.cat\/farmacologiaclinica\/wp-json\/wp\/v2\/pages"}],"about":[{"href":"http:\/\/blogs.bellvitgehospital.cat\/farmacologiaclinica\/wp-json\/wp\/v2\/types\/page"}],"author":[{"embeddable":true,"href":"http:\/\/blogs.bellvitgehospital.cat\/farmacologiaclinica\/wp-json\/wp\/v2\/users\/10"}],"replies":[{"embeddable":true,"href":"http:\/\/blogs.bellvitgehospital.cat\/farmacologiaclinica\/wp-json\/wp\/v2\/comments?post=337"}],"version-history":[{"count":7,"href":"http:\/\/blogs.bellvitgehospital.cat\/farmacologiaclinica\/wp-json\/wp\/v2\/pages\/337\/revisions"}],"predecessor-version":[{"id":376,"href":"http:\/\/blogs.bellvitgehospital.cat\/farmacologiaclinica\/wp-json\/wp\/v2\/pages\/337\/revisions\/376"}],"wp:attachment":[{"href":"http:\/\/blogs.bellvitgehospital.cat\/farmacologiaclinica\/wp-json\/wp\/v2\/media?parent=337"}],"curies":[{"name":"wp","href":"https:\/\/api.w.org\/{rel}","templated":true}]}}