{"id":308,"date":"2019-01-25T12:45:11","date_gmt":"2019-01-25T12:45:11","guid":{"rendered":"http:\/\/blogs.bellvitgehospital.cat\/farmacologiaclinica\/?page_id=308"},"modified":"2019-01-30T14:55:47","modified_gmt":"2019-01-30T13:55:47","slug":"mes-informacio-sobre-les-cookies","status":"publish","type":"page","link":"http:\/\/blogs.bellvitgehospital.cat\/farmacologiaclinica\/mes-informacio-sobre-les-cookies\/","title":{"rendered":"M\u00e9s informaci\u00f3 sobre les cookies"},"content":{"rendered":"<p><strong>Qu\u00e8 \u00e9s una <em>cookie<\/em>?<\/strong><\/p>\n<p>Una <em>cookie <\/em>\u00e9s un fitxer de text<strong> inofensiu<\/strong> que s\u2019emmagatzema en el seu navegador quan visita qualsevol p\u00e0gina web. La utilitat de la<em> cookie<\/em> \u00e9s que el web sigui capa\u00e7 de recordar la seva visita quan torni a navegar per aquesta p\u00e0gina. Encara que molta gent no ho sap les <em>cookies <\/em>es porten utilitzant des de fa 20 anys, quan van apar\u00e8ixer els primers navegadors per al Word Wide Web.<\/p>\n<p><strong>Qu\u00e8 NO \u00c9S una<em> cookie<\/em>?<\/strong><\/p>\n<p>No \u00e9s un virus, ni un troi\u00e0, ni un cuc, ni spam, nispyware, ni obre finestres pop-up.<\/p>\n<p><strong>Quina informaci\u00f3 emmagatzema una <em>cookie<\/em>?<\/strong><\/p>\n<p>Les <em>cookies <\/em>no solen emmagatzemar informaci\u00f3 sensible sobre vost\u00e8, com a targetes de cr\u00e8dit o dades banc\u00e0ries, fotografies, el seu DNI o informaci\u00f3 personal, etc. Les dades que guarden s\u00f3n de car\u00e0cter t\u00e8cnic, prefer\u00e8ncies personals, personalitzaci\u00f3 de continguts, etc.<\/p>\n<p>El servidor web no li associa a vost\u00e8 com a persona si no al seu navegador web. De fet, si vost\u00e8 navega habitualment amb Internet Explorer i prova de navegar pel mateix web amb Firefox o Chrome veur\u00e0 que el web no s\u2019adona que \u00e9s vost\u00e8 la mateixa persona perqu\u00e8 en realitat est\u00e0 associant el navegador, no a la persona.<\/p>\n<p><strong>Quin tipus de <em>cookies<\/em> existeixen?<\/strong><\/p>\n<ul>\n<li><strong><em>Cookies <\/em><\/strong><strong>t\u00e8cniques:<\/strong> S\u00f3n les m\u00e9s elementals i permeten, entre altres coses, saber quan est\u00e0 navegant un hum\u00e0 o una aplicaci\u00f3 automatitzada, quan navega un usuari an\u00f2nim i un registrat, tasques b\u00e0siques per al funcionament de qualsevol web din\u00e0mic.<\/li>\n<li><strong><em>Cookies<\/em><\/strong><strong> d\u2019an\u00e0lisis:<\/strong> Recullen informaci\u00f3 sobre el tipus de navegaci\u00f3 que esta realitzant, les seccions que m\u00e9s utilitza, productes consultants, franja hor\u00e0ria d\u2019\u00fas, idioma, etc.<\/li>\n<li><strong><em>Cookies<\/em><\/strong><strong> publicit\u00e0ries:<\/strong> Mostren publicitat en funci\u00f3 de la seva navegaci\u00f3, el seu pa\u00eds de proced\u00e8ncia, idioma, etc.<\/li>\n<\/ul>\n<p><strong>Qu\u00e8 s\u00f3n les <em>cookies<\/em> pr\u00f2pies i de tercers?<\/strong><\/p>\n<p>Les <em>cookies<\/em> pr\u00f2pies s\u00f3n les generades per la p\u00e0gina que est\u00e0 visitant i les de tercers s\u00f3n les generades per serveis o prove\u00efdors externs com Facebook, Twitter, Google, etc.<\/p>\n<p><strong>Qu\u00e8 ocorre si desactivo les <em>cookies<\/em>?<\/strong><\/p>\n<p>Perqu\u00e8 entengui l\u2019abast que pot tenir desactivar les<em> cookies<\/em> li mostrem uns exemples:<\/p>\n<ul>\n<li>No podr\u00e0 compartir continguts d\u2019aquest web a Facebook, Twitter o qualsevol altra xarxa social.<\/li>\n<li>El lloc web no podr\u00e0 adaptar els continguts a les seves prefer\u00e8ncies personals, com sol oc\u00f3rrer a les botigues online.<\/li>\n<li>No podr\u00e0 accedir a l\u2019\u00e0rea personal d\u2019aquest web, com per exemple El meu compte o El meu perfil o Les meves comandes.<\/li>\n<li>Botigues online: Li ser\u00e0 impossible realitzar compres online, hauran de ser telef\u00f2niques o visitant la botiga f\u00edsica si \u00e9s disposa d\u2019ella.<\/li>\n<li>No ser\u00e0 possible personalitzar les seves prefer\u00e8ncies geogr\u00e0fiques com a franja hor\u00e0ria, divisa o idioma.<\/li>\n<li>El lloc web no podr\u00e0 realitzar anal\u00edtiques web sobre visitants i tr\u00e0nsit en el web, la qual cosa dificultar\u00e0 que el web sigui competitiu.<\/li>\n<li>No podr\u00e0 escriure en el blog, no podr\u00e0 pujar fotos, publicar comentaris, valorar o puntuar continguts. El web tampoc podr\u00e0 saber si vost\u00e8 \u00e9s un hum\u00e0 o una aplicaci\u00f3 automatitzada que publica spam.<\/li>\n<li>No es podr\u00e0 mostrar publicitat sectoritzada, la qual cosa reduir\u00e0 els ingressos publicitaris del web.<\/li>\n<li>Totes les xarxes socials usen <em>cookies<\/em>, si les desactiva no podr\u00e0 utilitzar cap xarxa social.<\/li>\n<\/ul>\n<p><strong>Es poden eliminar les <em>cookies<\/em>?<\/strong><\/p>\n<p>Si. No nom\u00e9s eliminar, tamb\u00e9 bloquejar, de forma general o particular per a un domini espec\u00edfic.<\/p>\n<p>Per eliminar les <em>cookies<\/em> d\u2019un lloc web ha d\u2019anar a la configuraci\u00f3 del seu navegador i all\u00ed podr\u00e0 buscar les associades al domini en q\u00fcesti\u00f3 i conducta a la seva eliminaci\u00f3.<\/p>\n<p><strong>Configuraci\u00f3 de <em>cookies<\/em> per als navegadors m\u00e9s populars<\/strong><\/p>\n<p>A continuaci\u00f3 li indiquem com accedir a una <em>cookie<\/em> determinada del navegador <strong>Chrome<\/strong>. Nota: aquests passos poden variar en funci\u00f3 de la versi\u00f3 del navegador:<\/p>\n<ol>\n<li>Vagi a Configuraci\u00f3 o prefer\u00e8ncies mitjan\u00e7ant el men\u00fa Arxiu o b\u00e9 punxant la icona de personalitzaci\u00f3 que apareix a dalt a la dreta.<\/li>\n<li>Veur\u00e0 diferents seccions, punxi l\u2019opci\u00f3 Mostrar opcions avan\u00e7ades.<\/li>\n<li>Vagi a Privacitat, Configuraci\u00f3 de contingut.<\/li>\n<li>Seleccioni Totes les <em>cookies<\/em> i les dades de llocs.<\/li>\n<li>Apareixer\u00e0 un llistat amb totes les <em>cookies <\/em>ordenades per domini. Perqu\u00e8 li sigui m\u00e9s f\u00e0cil trobar les<em> cookies<\/em> d\u2019un determinat domini introdueixi parcial o totalment la direcci\u00f3 en el camp Buscar<\/li>\n<li>Despr\u00e9s de realitzar aquest filtre apareixeran en pantalla una o diverses l\u00ednies amb les <em>cookies<\/em> del web sol\u00b7licitat. Ara nom\u00e9s ha de seleccionar-la i pr\u00e9mer la X per a procedir a la seva eliminaci\u00f3.<\/li>\n<\/ol>\n<p>Per a accedir a la configuraci\u00f3 de<em> cookies<\/em> del navegador <strong>Internet Explorer<\/strong> segueixi aquests passos (poden variar en funci\u00f3 de la versi\u00f3 del navegador):<\/p>\n<ol>\n<li>Vagi a Eines, Opcions d\u2019Internet<\/li>\n<li>Faci click a Privacitat<\/li>\n<li>Ajusti el nivell de privacitat que desitgi.<\/li>\n<\/ol>\n<p>Per a accedir a la configuraci\u00f3 de <em>cookies <\/em>del navegador <strong>Firefox <\/strong>segueixi aquests passos (poden variar en funci\u00f3 de la versi\u00f3 del navegador):<\/p>\n<ol>\n<li>Vagi a opcions o prefer\u00e8ncies segons el seu sistema operatiu.<\/li>\n<li>Faci click a Privacitat.<\/li>\n<li>A Historial tri\u00ef Usar una configuraci\u00f3 personalitzada per a l\u2019historial.<\/li>\n<li>Ara veur\u00e0 l\u2019opci\u00f3 Acceptar <em>cookies<\/em>, pot activar-la o desactivar-la segons les seves prefer\u00e8ncies.<\/li>\n<\/ol>\n<p>Per a accedir a la configuraci\u00f3 de <em>cookies<\/em> del navegador <strong>Safari per a OSX<\/strong> segueixi aquests passos (poden variar en funci\u00f3 de la versi\u00f3 del navegador):<\/p>\n<ol>\n<li>Vagi a Prefer\u00e8ncies, despr\u00e9s de Privacitat.<\/li>\n<li>En aquest lloc veur\u00e0 l\u2019opci\u00f3 Bloquejar<em> cookies<\/em> perqu\u00e8 ajusti el tipus de bloqueig que desitja realitzar.<\/li>\n<\/ol>\n<p>Per a accedir a la configuraci\u00f3 de<em> cookies<\/em> del navegador <strong>Safari per a iOS<\/strong> segueixi aquests passos (poden variar en funci\u00f3 de la versi\u00f3 del navegador):<\/p>\n<ol>\n<li>Vagi a Ajustos, despr\u00e9s Safari.<\/li>\n<li>Vagi a Privacitat i Seguretat, veur\u00e0 l\u2019opci\u00f3 Bloquejar<em> cookies<\/em> perqu\u00e8 ajusti el tipus de bloqueig que desitja realitzar.<\/li>\n<\/ol>\n<p>Per a accedir a la configuraci\u00f3 de <em>cookies <\/em>del navegador per a dispositius <strong>Android<\/strong> segueixi aquests passos (poden variar en funci\u00f3 de la versi\u00f3 del navegador):<\/p>\n<ol>\n<li>Executi el navegador i premi la tecla Men\u00fa, despr\u00e9s Ajustos.<\/li>\n<li>Vagi a Seguretat i Privacitat, veur\u00e0 l\u2019opci\u00f3 Acceptar <em>cookies <\/em>perqu\u00e8 activi o desactivi la casella.<\/li>\n<\/ol>\n<p>Per a accedir a la configuraci\u00f3 de <em>cookies <\/em>del navegador per a dispositius <strong>Windows Phone<\/strong> segueixi aquests passos (poden variar en funci\u00f3 de la versi\u00f3 del navegador):<\/p>\n<ol>\n<li>Obri Internet Explorer, despr\u00e9s M\u00e9s, despr\u00e9s Configuraci\u00f3<\/li>\n<li>Ara pot activar o desactivar la casella Permetre<\/li>\n<\/ol>\n<p>Assessor de <em>cookies<\/em> \u00e9s un <a href=\"https:\/\/wordpress.org\/plugins\/asesor-cookies-para-la-ley-en-espana\/\" target=\"_blank\" rel=\"noopener\">plugin per a WordPress<\/a> creat per Carlos Doral (web artesanal.com)<\/p>\n","protected":false},"excerpt":{"rendered":"<p>Qu\u00e8 \u00e9s una cookie? Una cookie \u00e9s un fitxer de text inofensiu que s\u2019emmagatzema en el seu navegador quan visita qualsevol p\u00e0gina web. La utilitat de la cookie \u00e9s que el web sigui capa\u00e7 de recordar la seva visita quan &hellip; <a href=\"http:\/\/blogs.bellvitgehospital.cat\/farmacologiaclinica\/mes-informacio-sobre-les-cookies\/\">Continua llegint <span class=\"meta-nav\">&rarr;<\/span><\/a><\/p>\n","protected":false},"author":10,"featured_media":0,"parent":0,"menu_order":0,"comment_status":"closed","ping_status":"closed","template":"","meta":[],"_links":{"self":[{"href":"http:\/\/blogs.bellvitgehospital.cat\/farmacologiaclinica\/wp-json\/wp\/v2\/pages\/308"}],"collection":[{"href":"http:\/\/blogs.bellvitgehospital.cat\/farmacologiaclinica\/wp-json\/wp\/v2\/pages"}],"about":[{"href":"http:\/\/blogs.bellvitgehospital.cat\/farmacologiaclinica\/wp-json\/wp\/v2\/types\/page"}],"author":[{"embeddable":true,"href":"http:\/\/blogs.bellvitgehospital.cat\/farmacologiaclinica\/wp-json\/wp\/v2\/users\/10"}],"replies":[{"embeddable":true,"href":"http:\/\/blogs.bellvitgehospital.cat\/farmacologiaclinica\/wp-json\/wp\/v2\/comments?post=308"}],"version-history":[{"count":3,"href":"http:\/\/blogs.bellvitgehospital.cat\/farmacologiaclinica\/wp-json\/wp\/v2\/pages\/308\/revisions"}],"predecessor-version":[{"id":331,"href":"http:\/\/blogs.bellvitgehospital.cat\/farmacologiaclinica\/wp-json\/wp\/v2\/pages\/308\/revisions\/331"}],"wp:attachment":[{"href":"http:\/\/blogs.bellvitgehospital.cat\/farmacologiaclinica\/wp-json\/wp\/v2\/media?parent=308"}],"curies":[{"name":"wp","href":"https:\/\/api.w.org\/{rel}","templated":true}]}}