{"id":287,"date":"2019-01-25T12:20:44","date_gmt":"2019-01-25T12:20:44","guid":{"rendered":"http:\/\/blogs.bellvitgehospital.cat\/farmacologiaclinica\/?page_id=287"},"modified":"2019-01-25T12:20:44","modified_gmt":"2019-01-25T12:20:44","slug":"hub-2","status":"publish","type":"page","link":"http:\/\/blogs.bellvitgehospital.cat\/farmacologiaclinica\/hub-2\/","title":{"rendered":"HUB"},"content":{"rendered":"<p>El <a href=\"http:\/\/www.bellvitgehospital.cat\/es\">Hospital Universitario de Bellvitge<\/a> est\u00e1 situado en Hospitalet de Llobregat, en el sur de Barcelona. Cuenta con la pr\u00e1ctica totalidad de las especialidades m\u00e9dicas y quir\u00fargicas, excepto la pediatr\u00eda y la obstetricia.\u00a0Desarrolla actividades en el \u00e1mbito de la asistencia, la investigaci\u00f3n y la docencia.<\/p>\n<p><img loading=\"lazy\" class=\"alignnone size-full wp-image-201\" src=\"http:\/\/blogs.bellvitgehospital.cat\/farmacologiaclinica\/wp-content\/uploads\/sites\/5\/2019\/01\/hub_desde_duran_150806_19.jpg\" alt=\"\" width=\"1110\" height=\"500\" \/><\/p>\n<p>Es centro de referencia terciaria para todo el eje Sur de Catalu\u00f1a, hasta las Tierras del Ebro, y hospital de proximidad y de referencia territorial para los municipios de Hospitalet y El Prat de Llobregat.<\/p>\n","protected":false},"excerpt":{"rendered":"<p>El Hospital Universitario de Bellvitge est\u00e1 situado en Hospitalet de Llobregat, en el sur de Barcelona. Cuenta con la pr\u00e1ctica totalidad de las especialidades m\u00e9dicas y quir\u00fargicas, excepto la pediatr\u00eda y la obstetricia.\u00a0Desarrolla actividades en el \u00e1mbito de la asistencia, &hellip; <a href=\"http:\/\/blogs.bellvitgehospital.cat\/farmacologiaclinica\/hub-2\/\">Continua llegint <span class=\"meta-nav\">&rarr;<\/span><\/a><\/p>\n","protected":false},"author":10,"featured_media":0,"parent":0,"menu_order":0,"comment_status":"closed","ping_status":"closed","template":"","meta":[],"_links":{"self":[{"href":"http:\/\/blogs.bellvitgehospital.cat\/farmacologiaclinica\/wp-json\/wp\/v2\/pages\/287"}],"collection":[{"href":"http:\/\/blogs.bellvitgehospital.cat\/farmacologiaclinica\/wp-json\/wp\/v2\/pages"}],"about":[{"href":"http:\/\/blogs.bellvitgehospital.cat\/farmacologiaclinica\/wp-json\/wp\/v2\/types\/page"}],"author":[{"embeddable":true,"href":"http:\/\/blogs.bellvitgehospital.cat\/farmacologiaclinica\/wp-json\/wp\/v2\/users\/10"}],"replies":[{"embeddable":true,"href":"http:\/\/blogs.bellvitgehospital.cat\/farmacologiaclinica\/wp-json\/wp\/v2\/comments?post=287"}],"version-history":[{"count":1,"href":"http:\/\/blogs.bellvitgehospital.cat\/farmacologiaclinica\/wp-json\/wp\/v2\/pages\/287\/revisions"}],"predecessor-version":[{"id":288,"href":"http:\/\/blogs.bellvitgehospital.cat\/farmacologiaclinica\/wp-json\/wp\/v2\/pages\/287\/revisions\/288"}],"wp:attachment":[{"href":"http:\/\/blogs.bellvitgehospital.cat\/farmacologiaclinica\/wp-json\/wp\/v2\/media?parent=287"}],"curies":[{"name":"wp","href":"https:\/\/api.w.org\/{rel}","templated":true}]}}