{"id":285,"date":"2019-01-25T12:16:33","date_gmt":"2019-01-25T12:16:33","guid":{"rendered":"http:\/\/blogs.bellvitgehospital.cat\/farmacologiaclinica\/?page_id=285"},"modified":"2019-01-25T12:23:11","modified_gmt":"2019-01-25T12:23:11","slug":"hub","status":"publish","type":"page","link":"http:\/\/blogs.bellvitgehospital.cat\/farmacologiaclinica\/hub\/","title":{"rendered":"HUB"},"content":{"rendered":"<p><a href=\"http:\/\/www.bellvitgehospital.cat\/ca\">L\u2019Hospital Universitari de Bellvitge<\/a> est\u00e0 situat a L&#8217;Hospitalet de Llobregat, al sud de Barcelona. Compta amb la pr\u00e0ctica totalitat de les especialitats m\u00e8diques i quir\u00fargiques, excepte la pediatria i l\u2019obstetr\u00edcia. Desenvolupa activitats en l&#8217;\u00e0mbit de l&#8217;assist\u00e8ncia, la recerca i la doc\u00e8ncia.<\/p>\n<p><img loading=\"lazy\" class=\"alignnone size-full wp-image-201\" src=\"http:\/\/blogs.bellvitgehospital.cat\/farmacologiaclinica\/wp-content\/uploads\/sites\/5\/2019\/01\/hub_desde_duran_150806_19.jpg\" alt=\"\" width=\"1110\" height=\"500\" \/><\/p>\n<p>\u00c9s centre de refer\u00e8ncia terci\u00e0ria per a tot l\u2019eix Sud de Catalunya, fins a les Terres de l\u2019Ebre, i hospital de proximitat i de refer\u00e8ncia territorial per als municipis de L\u2019Hospitalet i El Prat de Llobregat.<\/p>\n","protected":false},"excerpt":{"rendered":"<p>L\u2019Hospital Universitari de Bellvitge est\u00e0 situat a L&#8217;Hospitalet de Llobregat, al sud de Barcelona. Compta amb la pr\u00e0ctica totalitat de les especialitats m\u00e8diques i quir\u00fargiques, excepte la pediatria i l\u2019obstetr\u00edcia. Desenvolupa activitats en l&#8217;\u00e0mbit de l&#8217;assist\u00e8ncia, la recerca i la &hellip; <a href=\"http:\/\/blogs.bellvitgehospital.cat\/farmacologiaclinica\/hub\/\">Continua llegint <span class=\"meta-nav\">&rarr;<\/span><\/a><\/p>\n","protected":false},"author":10,"featured_media":0,"parent":0,"menu_order":0,"comment_status":"closed","ping_status":"closed","template":"","meta":[],"_links":{"self":[{"href":"http:\/\/blogs.bellvitgehospital.cat\/farmacologiaclinica\/wp-json\/wp\/v2\/pages\/285"}],"collection":[{"href":"http:\/\/blogs.bellvitgehospital.cat\/farmacologiaclinica\/wp-json\/wp\/v2\/pages"}],"about":[{"href":"http:\/\/blogs.bellvitgehospital.cat\/farmacologiaclinica\/wp-json\/wp\/v2\/types\/page"}],"author":[{"embeddable":true,"href":"http:\/\/blogs.bellvitgehospital.cat\/farmacologiaclinica\/wp-json\/wp\/v2\/users\/10"}],"replies":[{"embeddable":true,"href":"http:\/\/blogs.bellvitgehospital.cat\/farmacologiaclinica\/wp-json\/wp\/v2\/comments?post=285"}],"version-history":[{"count":4,"href":"http:\/\/blogs.bellvitgehospital.cat\/farmacologiaclinica\/wp-json\/wp\/v2\/pages\/285\/revisions"}],"predecessor-version":[{"id":294,"href":"http:\/\/blogs.bellvitgehospital.cat\/farmacologiaclinica\/wp-json\/wp\/v2\/pages\/285\/revisions\/294"}],"wp:attachment":[{"href":"http:\/\/blogs.bellvitgehospital.cat\/farmacologiaclinica\/wp-json\/wp\/v2\/media?parent=285"}],"curies":[{"name":"wp","href":"https:\/\/api.w.org\/{rel}","templated":true}]}}