{"id":281,"date":"2019-01-25T12:13:48","date_gmt":"2019-01-25T12:13:48","guid":{"rendered":"http:\/\/blogs.bellvitgehospital.cat\/farmacologiaclinica\/?page_id=281"},"modified":"2019-01-29T07:23:29","modified_gmt":"2019-01-29T07:23:29","slug":"normas-de-uso","status":"publish","type":"page","link":"http:\/\/blogs.bellvitgehospital.cat\/farmacologiaclinica\/normas-de-uso\/","title":{"rendered":"Normas de uso"},"content":{"rendered":"<p><strong>Informaci\u00f3n general<\/strong><\/p>\n<p>En cumplimiento de la Ley 34\/2002, del 11 de julio, de servicios de la sociedad de la informaci\u00f3n y comercio electr\u00f3nico, y otra legislaci\u00f3n complementaria, se informa que el titular de este blog es el Instituto Catal\u00e0 de la Salut \u2013 en adelante ICS, con domicilio social en la Gran V\u00eda de las Corts Catalanas, 587, 08007 Barcelona, con el CIF n\u00fam. Q-5855029-D.<\/p>\n<p>El ICS permite la reutilizaci\u00f3n de los contenidos y de los datos de este blog para todo el mundo y sin ning\u00fan tipo de limitaci\u00f3n temporal ni restricci\u00f3n m\u00e1s all\u00e1 de las condiciones b\u00e1sicas establecidas en el art\u00edculo 8 de la Ley 37\/2007 (citaci\u00f3n de la fuente, no alteraci\u00f3n ni desnaturalizaci\u00f3n de la informaci\u00f3n y especificaci\u00f3n de la fecha de la \u00faltima actualizaci\u00f3n) y siempre que no se contradiga con la licencia o aviso que pueda tener una obra y que es la que prevalece.<\/p>\n<p><strong>Modalidades de reutilizaci\u00f3n de la informaci\u00f3n del blog al servicio de Farmacolog\u00eda Cl\u00ednica del HUB<\/strong><\/p>\n<p>La Ley 37\/2007, del 16 de noviembre, sobre reutilizaci\u00f3n de la informaci\u00f3n del sector p\u00fablico, que transpone la Directiva 2003\/98\/CE del Parlamento Europeo y del Consejo, regula la reutilizaci\u00f3n de la informaci\u00f3n p\u00fablica de que disponen las administraciones y organismos que participan mayoritariamente, es decir, el derecho de todos los agentes potenciales del mercado a la reutilizaci\u00f3n de la informaci\u00f3n de las instancias p\u00fablicas. De acuerdo con esta normativa, el ICS, como empresa p\u00fablica de la Generalitat de Catalu\u00f1a, permite la reproducci\u00f3n, la distribuci\u00f3n y la comunicaci\u00f3n p\u00fablica de la obra y, adem\u00e1s, la transformaci\u00f3n de la obra para hacer obras derivadas, para todo el mundo y sin ninguna limitaci\u00f3n temporal, y siempre que no se contradiga con la licencia o aviso que pueda tener una obra y es la que prevalece.<\/p>\n<p>Para reutilizar la informaci\u00f3n, hay que seguir las condiciones siguientes:<\/p>\n<ul>\n<li>No desnaturalizar el sentido de la informaci\u00f3n.<\/li>\n<li>Citar siempre la fuente de la informaci\u00f3n.<\/li>\n<li>Mencionar la fecha de la \u00faltima actualizaci\u00f3n de la informaci\u00f3n.<\/li>\n<li>Hay que citar siempre el autor o el titular de los derechos: Instituto Catal\u00e0 de la Salud.<\/li>\n<\/ul>\n","protected":false},"excerpt":{"rendered":"<p>Informaci\u00f3n general En cumplimiento de la Ley 34\/2002, del 11 de julio, de servicios de la sociedad de la informaci\u00f3n y comercio electr\u00f3nico, y otra legislaci\u00f3n complementaria, se informa que el titular de este blog es el Instituto Catal\u00e0 de &hellip; <a href=\"http:\/\/blogs.bellvitgehospital.cat\/farmacologiaclinica\/normas-de-uso\/\">Continua llegint <span class=\"meta-nav\">&rarr;<\/span><\/a><\/p>\n","protected":false},"author":10,"featured_media":0,"parent":0,"menu_order":0,"comment_status":"closed","ping_status":"closed","template":"","meta":[],"_links":{"self":[{"href":"http:\/\/blogs.bellvitgehospital.cat\/farmacologiaclinica\/wp-json\/wp\/v2\/pages\/281"}],"collection":[{"href":"http:\/\/blogs.bellvitgehospital.cat\/farmacologiaclinica\/wp-json\/wp\/v2\/pages"}],"about":[{"href":"http:\/\/blogs.bellvitgehospital.cat\/farmacologiaclinica\/wp-json\/wp\/v2\/types\/page"}],"author":[{"embeddable":true,"href":"http:\/\/blogs.bellvitgehospital.cat\/farmacologiaclinica\/wp-json\/wp\/v2\/users\/10"}],"replies":[{"embeddable":true,"href":"http:\/\/blogs.bellvitgehospital.cat\/farmacologiaclinica\/wp-json\/wp\/v2\/comments?post=281"}],"version-history":[{"count":2,"href":"http:\/\/blogs.bellvitgehospital.cat\/farmacologiaclinica\/wp-json\/wp\/v2\/pages\/281\/revisions"}],"predecessor-version":[{"id":312,"href":"http:\/\/blogs.bellvitgehospital.cat\/farmacologiaclinica\/wp-json\/wp\/v2\/pages\/281\/revisions\/312"}],"wp:attachment":[{"href":"http:\/\/blogs.bellvitgehospital.cat\/farmacologiaclinica\/wp-json\/wp\/v2\/media?parent=281"}],"curies":[{"name":"wp","href":"https:\/\/api.w.org\/{rel}","templated":true}]}}