{"id":279,"date":"2019-01-25T12:13:17","date_gmt":"2019-01-25T12:13:17","guid":{"rendered":"http:\/\/blogs.bellvitgehospital.cat\/farmacologiaclinica\/?page_id=279"},"modified":"2019-01-25T12:13:17","modified_gmt":"2019-01-25T12:13:17","slug":"normes-dus","status":"publish","type":"page","link":"http:\/\/blogs.bellvitgehospital.cat\/farmacologiaclinica\/normes-dus\/","title":{"rendered":"Normes d&#8217;\u00fas"},"content":{"rendered":"<p><strong>Informaci\u00f3 general<\/strong><\/p>\n<p>En compliment de la Llei 34\/2002, d\u201911 de juliol, de serveis de la societat de la informaci\u00f3 i comer\u00e7 electr\u00f2nic, i altra legislaci\u00f3 complement\u00e0ria, s\u2019informa que el titular d\u2019aquest blog \u00e9s l\u2019Institut Catal\u00e0 de la Salut \u2013en endavant ICS\u2013, amb domicili social a la Gran Via de les Corts Catalanes, 587, 08007 Barcelona, amb el CIF n\u00fam. Q-5855029-D.<\/p>\n<p>L\u2019ICS permet la reutilitzaci\u00f3 dels continguts i de les dades d\u2019aquest blog per a tot el m\u00f3n i sense cap mena de limitaci\u00f3 temporal ni restricci\u00f3 m\u00e9s enll\u00e0 de les condicions b\u00e0siques establertes en l\u2019article 8 de la Llei 37\/2007 (citaci\u00f3 de la font, no alteraci\u00f3 ni desnaturalitzaci\u00f3 de la informaci\u00f3 i especificaci\u00f3 de la data d\u2019\u00faltima actualitzaci\u00f3), i sempre que no es contradigui amb la llic\u00e8ncia o av\u00eds que pugui tenir una obra i que \u00e9s la que preval.<\/p>\n<p><strong>Modalitats de reutilitzaci\u00f3 de la informaci\u00f3 al blog del servei de Farmacologia Cl\u00ednica de l\u2019HUB<\/strong><\/p>\n<p>La Llei 37\/2007, de 16 de novembre, sobre reutilitzaci\u00f3 de la informaci\u00f3 del sector p\u00fablic, que transposa la Directiva 2003\/98\/CE del Parlament Europeu i del Consell, regula la reutilitzaci\u00f3 de la informaci\u00f3 p\u00fablica de qu\u00e8 disposen les administracions i organismes en qu\u00e8 participen majorit\u00e0riament, \u00e9s a dir, el dret de tots els agents potencials del mercat a la reutilitzaci\u00f3 de la informaci\u00f3 de les inst\u00e0ncies p\u00fabliques. D\u2019acord amb aquesta normativa, l\u2019ICS, com a empresa p\u00fablica de la Generalitat de Catalunya, permet la reproducci\u00f3, la distribuci\u00f3 i la comunicaci\u00f3 p\u00fablica de l\u2019obra i, a m\u00e9s, la transformaci\u00f3 de l\u2019obra per fer-ne obres derivades, per a tot el m\u00f3n i sense cap limitaci\u00f3 temporal, i sempre que no es contradigui amb la llic\u00e8ncia o av\u00eds que pugui tenir una obra i que \u00e9s la que preval.<\/p>\n<p>Per reutilitzar la informaci\u00f3, cal seguir les condicions seg\u00fcents:<\/p>\n<ul>\n<li>No desnaturalitzar el sentit de la informaci\u00f3.<\/li>\n<li>Citar sempre la font de la informaci\u00f3.<\/li>\n<li>Mencionar la data de l\u2019\u00faltima actualitzaci\u00f3 de la informaci\u00f3.<\/li>\n<li>Cal citar sempre l\u2019autor o el titular dels drets: Institut Catal\u00e0 de la Salut.<\/li>\n<\/ul>\n","protected":false},"excerpt":{"rendered":"<p>Informaci\u00f3 general En compliment de la Llei 34\/2002, d\u201911 de juliol, de serveis de la societat de la informaci\u00f3 i comer\u00e7 electr\u00f2nic, i altra legislaci\u00f3 complement\u00e0ria, s\u2019informa que el titular d\u2019aquest blog \u00e9s l\u2019Institut Catal\u00e0 de la Salut \u2013en endavant &hellip; <a href=\"http:\/\/blogs.bellvitgehospital.cat\/farmacologiaclinica\/normes-dus\/\">Continua llegint <span class=\"meta-nav\">&rarr;<\/span><\/a><\/p>\n","protected":false},"author":10,"featured_media":0,"parent":0,"menu_order":0,"comment_status":"closed","ping_status":"closed","template":"","meta":[],"_links":{"self":[{"href":"http:\/\/blogs.bellvitgehospital.cat\/farmacologiaclinica\/wp-json\/wp\/v2\/pages\/279"}],"collection":[{"href":"http:\/\/blogs.bellvitgehospital.cat\/farmacologiaclinica\/wp-json\/wp\/v2\/pages"}],"about":[{"href":"http:\/\/blogs.bellvitgehospital.cat\/farmacologiaclinica\/wp-json\/wp\/v2\/types\/page"}],"author":[{"embeddable":true,"href":"http:\/\/blogs.bellvitgehospital.cat\/farmacologiaclinica\/wp-json\/wp\/v2\/users\/10"}],"replies":[{"embeddable":true,"href":"http:\/\/blogs.bellvitgehospital.cat\/farmacologiaclinica\/wp-json\/wp\/v2\/comments?post=279"}],"version-history":[{"count":1,"href":"http:\/\/blogs.bellvitgehospital.cat\/farmacologiaclinica\/wp-json\/wp\/v2\/pages\/279\/revisions"}],"predecessor-version":[{"id":280,"href":"http:\/\/blogs.bellvitgehospital.cat\/farmacologiaclinica\/wp-json\/wp\/v2\/pages\/279\/revisions\/280"}],"wp:attachment":[{"href":"http:\/\/blogs.bellvitgehospital.cat\/farmacologiaclinica\/wp-json\/wp\/v2\/media?parent=279"}],"curies":[{"name":"wp","href":"https:\/\/api.w.org\/{rel}","templated":true}]}}