{"id":179,"date":"2019-01-22T15:12:50","date_gmt":"2019-01-22T15:12:50","guid":{"rendered":"http:\/\/blogs.bellvitgehospital.cat\/farmacologiaclinica\/?page_id=179"},"modified":"2019-01-23T12:46:33","modified_gmt":"2019-01-23T12:46:33","slug":"quienes-somos","status":"publish","type":"page","link":"http:\/\/blogs.bellvitgehospital.cat\/farmacologiaclinica\/quienes-somos\/","title":{"rendered":"Qui\u00e9nes somos"},"content":{"rendered":"<p>El <a href=\"http:\/\/www.bellvitgehospital.cat\/es\/especialidades\/farmacologia-clinica\" target=\"_blank\" rel=\"noopener\">Servicio de Farmacolog\u00eda Cl\u00ednica del HUB<\/a> centra su actividad en tareas de informaci\u00f3n sobre terap\u00e9utica y apoyo al prescriptor, asesoramiento en actividades de pol\u00edtica y selecci\u00f3n de medicamentos con la participaci\u00f3n en diferentes comisiones (especialmente la Comisi\u00f3n Farmacoterap\u00e9utica), generaci\u00f3n de conocimiento mediante la investigaci\u00f3n en efectos indeseados de los medicamentos y la farmacoepidemiolog\u00eda en enfermos hospitalizados y actividades de docencia pregrado y formaci\u00f3n hospitalizada. En cuanto a la investigaci\u00f3n y docencia, el Servicio est\u00e1 vinculado al <a href=\"http:\/\/www.idibell.cat\/es\" target=\"_blank\" rel=\"noopener\">IDIBELL<\/a> y a la <a href=\"https:\/\/www.ub.edu\/web\/ub\/es\/index.html?\" target=\"_blank\" rel=\"noopener\">Universitat de Barcelona.<\/a><\/p>\n<p><img loading=\"lazy\" class=\" wp-image-208 aligncenter\" src=\"http:\/\/blogs.bellvitgehospital.cat\/farmacologiaclinica\/wp-content\/uploads\/sites\/5\/2019\/01\/seguretat_medicaments_0-2.jpg\" alt=\"\" width=\"279\" height=\"279\" srcset=\"http:\/\/blogs.bellvitgehospital.cat\/farmacologiaclinica\/wp-content\/uploads\/sites\/5\/2019\/01\/seguretat_medicaments_0-2.jpg 400w, http:\/\/blogs.bellvitgehospital.cat\/farmacologiaclinica\/wp-content\/uploads\/sites\/5\/2019\/01\/seguretat_medicaments_0-2-150x150.jpg 150w, http:\/\/blogs.bellvitgehospital.cat\/farmacologiaclinica\/wp-content\/uploads\/sites\/5\/2019\/01\/seguretat_medicaments_0-2-300x300.jpg 300w\" sizes=\"(max-width: 279px) 100vw, 279px\" \/><\/p>\n<p>El objetivo del Blog de Farmacolog\u00eda Cl\u00ednica es ofrecer un Servicio de informaci\u00f3n pr\u00e1ctica y relevando sobre cuestiones de inter\u00e9s en terap\u00e9utica y Seguridad en el uso de los medicamentos para profesionales sanitarios.<\/p>\n","protected":false},"excerpt":{"rendered":"<p>El Servicio de Farmacolog\u00eda Cl\u00ednica del HUB centra su actividad en tareas de informaci\u00f3n sobre terap\u00e9utica y apoyo al prescriptor, asesoramiento en actividades de pol\u00edtica y selecci\u00f3n de medicamentos con la participaci\u00f3n en diferentes comisiones (especialmente la Comisi\u00f3n Farmacoterap\u00e9utica), generaci\u00f3n &hellip; <a href=\"http:\/\/blogs.bellvitgehospital.cat\/farmacologiaclinica\/quienes-somos\/\">Continua llegint <span class=\"meta-nav\">&rarr;<\/span><\/a><\/p>\n","protected":false},"author":10,"featured_media":0,"parent":0,"menu_order":0,"comment_status":"closed","ping_status":"closed","template":"","meta":[],"_links":{"self":[{"href":"http:\/\/blogs.bellvitgehospital.cat\/farmacologiaclinica\/wp-json\/wp\/v2\/pages\/179"}],"collection":[{"href":"http:\/\/blogs.bellvitgehospital.cat\/farmacologiaclinica\/wp-json\/wp\/v2\/pages"}],"about":[{"href":"http:\/\/blogs.bellvitgehospital.cat\/farmacologiaclinica\/wp-json\/wp\/v2\/types\/page"}],"author":[{"embeddable":true,"href":"http:\/\/blogs.bellvitgehospital.cat\/farmacologiaclinica\/wp-json\/wp\/v2\/users\/10"}],"replies":[{"embeddable":true,"href":"http:\/\/blogs.bellvitgehospital.cat\/farmacologiaclinica\/wp-json\/wp\/v2\/comments?post=179"}],"version-history":[{"count":7,"href":"http:\/\/blogs.bellvitgehospital.cat\/farmacologiaclinica\/wp-json\/wp\/v2\/pages\/179\/revisions"}],"predecessor-version":[{"id":239,"href":"http:\/\/blogs.bellvitgehospital.cat\/farmacologiaclinica\/wp-json\/wp\/v2\/pages\/179\/revisions\/239"}],"wp:attachment":[{"href":"http:\/\/blogs.bellvitgehospital.cat\/farmacologiaclinica\/wp-json\/wp\/v2\/media?parent=179"}],"curies":[{"name":"wp","href":"https:\/\/api.w.org\/{rel}","templated":true}]}}