{"id":177,"date":"2019-01-22T15:12:26","date_gmt":"2019-01-22T15:12:26","guid":{"rendered":"http:\/\/blogs.bellvitgehospital.cat\/farmacologiaclinica\/?page_id=177"},"modified":"2019-01-23T12:51:30","modified_gmt":"2019-01-23T12:51:30","slug":"qui-som","status":"publish","type":"page","link":"http:\/\/blogs.bellvitgehospital.cat\/farmacologiaclinica\/qui-som\/","title":{"rendered":"Qui som"},"content":{"rendered":"<p>El <a href=\"http:\/\/www.bellvitgehospital.cat\/ca\/especialitats\/farmacologia-clinica\" target=\"_blank\" rel=\"noopener\">Servei de Farmacologia Cl\u00ednica de l\u2019HUB<\/a> \u00a0centra la seva activitat en tasques d\u2019informaci\u00f3 sobre terap\u00e8utica i suport al prescriptor, assessorament en activitats de pol\u00edtica i selecci\u00f3 de medicaments amb la participaci\u00f3 en diferents comissions (especialment la Comissi\u00f3 Farmacoterap\u00e8utica), generaci\u00f3 de coneixement mitjan\u00e7ant la recerca en efectes indesitjats dels medicaments i la farmacoepidemiologia en malalts hospitalitzats i activitats de doc\u00e8ncia pre-grau i formaci\u00f3 especialitzada. Pel que fa a la recerca i doc\u00e8ncia, el servei est\u00e0 vinculat a <a href=\"http:\/\/www.idibell.cat\/\" target=\"_blank\" rel=\"noopener\">IDIBELL<\/a> i la <a href=\"https:\/\/www.ub.edu\/web\/ub\/ca\/\" target=\"_blank\" rel=\"noopener\">Universitat de Barcelona<\/a>.<\/p>\n<p><img loading=\"lazy\" class=\" wp-image-206 aligncenter\" style=\"line-height: 24px; font-size: 16px;\" src=\"http:\/\/blogs.bellvitgehospital.cat\/farmacologiaclinica\/wp-content\/uploads\/sites\/5\/2019\/01\/seguretat_medicaments_0-1.jpg\" alt=\"\" width=\"269\" height=\"269\" srcset=\"http:\/\/blogs.bellvitgehospital.cat\/farmacologiaclinica\/wp-content\/uploads\/sites\/5\/2019\/01\/seguretat_medicaments_0-1.jpg 400w, http:\/\/blogs.bellvitgehospital.cat\/farmacologiaclinica\/wp-content\/uploads\/sites\/5\/2019\/01\/seguretat_medicaments_0-1-150x150.jpg 150w, http:\/\/blogs.bellvitgehospital.cat\/farmacologiaclinica\/wp-content\/uploads\/sites\/5\/2019\/01\/seguretat_medicaments_0-1-300x300.jpg 300w\" sizes=\"(max-width: 269px) 100vw, 269px\" \/><\/p>\n<p>L\u2019objectiu del Blog de Farmacologia Cl\u00ednica \u00e9s oferir un servei d\u2019informaci\u00f3 pr\u00e0ctica i rellevant sobre q\u00fcestions d\u2019inter\u00e8s en terap\u00e8utica i seguretat en l\u2019\u00fas dels medicaments per a professionals sanitaris.<\/p>\n<p>&nbsp;<\/p>\n","protected":false},"excerpt":{"rendered":"<p>El Servei de Farmacologia Cl\u00ednica de l\u2019HUB \u00a0centra la seva activitat en tasques d\u2019informaci\u00f3 sobre terap\u00e8utica i suport al prescriptor, assessorament en activitats de pol\u00edtica i selecci\u00f3 de medicaments amb la participaci\u00f3 en diferents comissions (especialment la Comissi\u00f3 Farmacoterap\u00e8utica), generaci\u00f3 &hellip; <a href=\"http:\/\/blogs.bellvitgehospital.cat\/farmacologiaclinica\/qui-som\/\">Continua llegint <span class=\"meta-nav\">&rarr;<\/span><\/a><\/p>\n","protected":false},"author":10,"featured_media":0,"parent":0,"menu_order":0,"comment_status":"closed","ping_status":"closed","template":"","meta":[],"_links":{"self":[{"href":"http:\/\/blogs.bellvitgehospital.cat\/farmacologiaclinica\/wp-json\/wp\/v2\/pages\/177"}],"collection":[{"href":"http:\/\/blogs.bellvitgehospital.cat\/farmacologiaclinica\/wp-json\/wp\/v2\/pages"}],"about":[{"href":"http:\/\/blogs.bellvitgehospital.cat\/farmacologiaclinica\/wp-json\/wp\/v2\/types\/page"}],"author":[{"embeddable":true,"href":"http:\/\/blogs.bellvitgehospital.cat\/farmacologiaclinica\/wp-json\/wp\/v2\/users\/10"}],"replies":[{"embeddable":true,"href":"http:\/\/blogs.bellvitgehospital.cat\/farmacologiaclinica\/wp-json\/wp\/v2\/comments?post=177"}],"version-history":[{"count":4,"href":"http:\/\/blogs.bellvitgehospital.cat\/farmacologiaclinica\/wp-json\/wp\/v2\/pages\/177\/revisions"}],"predecessor-version":[{"id":243,"href":"http:\/\/blogs.bellvitgehospital.cat\/farmacologiaclinica\/wp-json\/wp\/v2\/pages\/177\/revisions\/243"}],"wp:attachment":[{"href":"http:\/\/blogs.bellvitgehospital.cat\/farmacologiaclinica\/wp-json\/wp\/v2\/media?parent=177"}],"curies":[{"name":"wp","href":"https:\/\/api.w.org\/{rel}","templated":true}]}}