{"id":145,"date":"2019-01-22T10:07:46","date_gmt":"2019-01-22T10:07:46","guid":{"rendered":"http:\/\/blogs.bellvitgehospital.cat\/farmacologiaclinica\/?page_id=145"},"modified":"2019-02-11T08:24:01","modified_gmt":"2019-02-11T07:24:01","slug":"enlaces-de-interes","status":"publish","type":"page","link":"http:\/\/blogs.bellvitgehospital.cat\/farmacologiaclinica\/enlaces-de-interes\/","title":{"rendered":"Enlaces de inter\u00e9s"},"content":{"rendered":"<ul>\n<li><a href=\"http:\/\/w3.icf.uab.es\/notibg\/\" target=\"_blank\" rel=\"noopener\">E-Butllet\u00ed Groc<\/a><\/li>\n<li><a href=\"http:\/\/vicentebaos.blogspot.com.es\/\" target=\"_blank\" rel=\"noopener\">El Supositorio<\/a><\/li>\n<li><a href=\"https:\/\/elrincondesisifo.org\/\" target=\"_blank\" rel=\"noopener\">El Rinc\u00f3n de S\u00edsifo<\/a><\/li>\n<li><a href=\"http:\/\/www.hemosleido.es\/\" target=\"_blank\" rel=\"noopener\">Hemos le\u00eddo<\/a><\/li>\n<li><a href=\"http:\/\/canalsalut.gencat.cat\/ca\/actualitat\/llista_butlletins\/\" target=\"_blank\" rel=\"noopener\">Canal Salut<\/a><\/li>\n<li><a href=\"http:\/\/www.ics.gencat.cat\/butlleti_medicaments\/public\/list.php\" target=\"_blank\" rel=\"noopener\">TerapICS<\/a><\/li>\n<li><a href=\"https:\/\/www.aemps.gob.es\/home.htm\" target=\"_blank\" rel=\"noopener\">Agencia Espa\u00f1ola de Medicamentos y Productos Sanitarios &#8211; AEMPS<\/a><\/li>\n<li><a href=\"https:\/\/www.ema.europa.eu\/\" target=\"_blank\" rel=\"noopener\">European Medicines Agency &#8211; EMA<\/a><\/li>\n<li><a href=\"https:\/\/www.netvibes.com\/ernestobarrera#Piramide_5S\" target=\"_blank\" rel=\"noopener\">Web 2.0<\/a><\/li>\n<li><a href=\"http:\/\/www.guiaterapeuticablog.com\/\" target=\"_blank\" rel=\"noopener\">El blog de la gu\u00eda de la terap\u00e9utica<\/a><\/li>\n<li><a href=\"https:\/\/www.sefap.org\/blog\/\" target=\"_blank\" rel=\"noopener\">Sociedad Espa\u00f1ola de Farmac\u00e9uticos de Atenci\u00f3n Primaria<\/a><\/li>\n<\/ul>\n","protected":false},"excerpt":{"rendered":"<p>E-Butllet\u00ed Groc El Supositorio El Rinc\u00f3n de S\u00edsifo Hemos le\u00eddo Canal Salut TerapICS Agencia Espa\u00f1ola de Medicamentos y Productos Sanitarios &#8211; AEMPS European Medicines Agency &#8211; EMA Web 2.0 El blog de la gu\u00eda de la terap\u00e9utica Sociedad Espa\u00f1ola de &hellip; <a href=\"http:\/\/blogs.bellvitgehospital.cat\/farmacologiaclinica\/enlaces-de-interes\/\">Continua llegint <span class=\"meta-nav\">&rarr;<\/span><\/a><\/p>\n","protected":false},"author":10,"featured_media":0,"parent":0,"menu_order":0,"comment_status":"closed","ping_status":"closed","template":"","meta":[],"_links":{"self":[{"href":"http:\/\/blogs.bellvitgehospital.cat\/farmacologiaclinica\/wp-json\/wp\/v2\/pages\/145"}],"collection":[{"href":"http:\/\/blogs.bellvitgehospital.cat\/farmacologiaclinica\/wp-json\/wp\/v2\/pages"}],"about":[{"href":"http:\/\/blogs.bellvitgehospital.cat\/farmacologiaclinica\/wp-json\/wp\/v2\/types\/page"}],"author":[{"embeddable":true,"href":"http:\/\/blogs.bellvitgehospital.cat\/farmacologiaclinica\/wp-json\/wp\/v2\/users\/10"}],"replies":[{"embeddable":true,"href":"http:\/\/blogs.bellvitgehospital.cat\/farmacologiaclinica\/wp-json\/wp\/v2\/comments?post=145"}],"version-history":[{"count":4,"href":"http:\/\/blogs.bellvitgehospital.cat\/farmacologiaclinica\/wp-json\/wp\/v2\/pages\/145\/revisions"}],"predecessor-version":[{"id":241,"href":"http:\/\/blogs.bellvitgehospital.cat\/farmacologiaclinica\/wp-json\/wp\/v2\/pages\/145\/revisions\/241"}],"wp:attachment":[{"href":"http:\/\/blogs.bellvitgehospital.cat\/farmacologiaclinica\/wp-json\/wp\/v2\/media?parent=145"}],"curies":[{"name":"wp","href":"https:\/\/api.w.org\/{rel}","templated":true}]}}