{"id":91,"date":"2014-06-04T14:24:04","date_gmt":"2014-06-04T14:24:04","guid":{"rendered":"http:\/\/blogs.bellvitgehospital.cat\/aulaela\/?page_id=91"},"modified":"2014-09-18T12:35:06","modified_gmt":"2014-09-18T12:35:06","slug":"ela-complicacions-respiratories","status":"publish","type":"page","link":"http:\/\/blogs.bellvitgehospital.cat\/aulaela\/ela-complicacions-respiratories\/","title":{"rendered":"ELA: complicacions respirat\u00f2ries"},"content":{"rendered":"<hr \/>\n<p style=\"text-align: justify;\"><span style=\"color: #333333;\">Aquesta primera sessi\u00f3 es va dedicar a tractar les <strong>complicacions respirat\u00f2ries<\/strong> que pateixen els malalts d&#8217;ELA, un dels temes que m\u00e9s preocupa a la comunitat de pacients i cuidadors d&#8217;aquesta malaltia.<\/span><\/p>\n<p style=\"text-align: justify;\"><span style=\"color: #333333;\">Per saber com va anar la sessi\u00f3, en aquest v\u00eddeo podeu consultar les opinions i valoracions dels assistents:<\/span><\/p>\n<p>\u00a0 \u00a0 \u00a0 \u00a0 \u00a0 \u00a0 \u00a0 \u00a0 \u00a0\u00a0<iframe loading=\"lazy\" src=\"\/\/www.youtube.com\/embed\/orhOSu_ewAM\" width=\"480\" height=\"360\" frameborder=\"0\" allowfullscreen=\"allowfullscreen\"><\/iframe><\/p>\n<hr \/>\n<p><strong>Presentaci\u00f3<\/strong><\/p>\n<p style=\"text-align: justify;\"><span style=\"color: #333333;\">La Dra. Povedano, coordinadora de la Unitat Funcional d\u2019ELA de l\u2019hospital, ens\u00a0explica\u00a0el funcionament d\u2019aquesta iniciativa i presenta els continguts que es tractaran en les diferents sessions previstes. En aquesta primera, es parla sobre les <\/span><strong>complicacions respirat\u00f2ries dels pacients amb ELA<\/strong><span style=\"color: #333333;\">. Aix\u00ed mateix, d\u00f3na pas als professionals que conduiran la sessi\u00f3. La primera, \u00e9s la pneum\u00f2loga Eva Farrero, que ens explica el maneig de les <strong>complicacions respirat\u00f2ries en les malalties que afecten al sistema neuromuscular<\/strong>.<\/span><\/p>\n<p>\u00a0 \u00a0 \u00a0 \u00a0 \u00a0 \u00a0 \u00a0 \u00a0 \u00a0\u00a0<iframe loading=\"lazy\" src=\"\/\/www.youtube.com\/embed\/VnD3Y1oHsQ4\" width=\"480\" height=\"360\" frameborder=\"0\" allowfullscreen=\"allowfullscreen\"><\/iframe><\/p>\n<p style=\"text-align: justify;\"><strong>Proves diagn\u00f2stiques i tractaments<\/strong><\/p>\n<p style=\"text-align: justify;\">La Dra. N\u00faria Gonz\u00e1lez inicia l\u2019explicaci\u00f3 parlant del <strong>funcionament del sistema respiratori<\/strong> i de les diferents <strong>fases de la tos<\/strong>. Tamb\u00e9 posa en relleu la import\u00e0ncia de con\u00e8ixer la debilitat dels m\u00fasculs respiratoris a trav\u00e9s de diferents proves, com ara la espirometria, la pulsioxiometria nocturna, la prova de l\u2019efic\u00e0cia de la tos o la gasometria arterial.<\/p>\n<p>\u00a0 \u00a0 \u00a0 \u00a0 \u00a0 \u00a0 \u00a0 \u00a0 \u00a0\u00a0<iframe loading=\"lazy\" src=\"\/\/www.youtube.com\/embed\/vUVbklasdzY\" width=\"480\" height=\"360\" frameborder=\"0\" allowfullscreen=\"allowfullscreen\"><\/iframe><\/p>\n<p style=\"text-align: justify;\"><span style=\"color: #333333;\">Un cop realitzades les proves anteriors amb els resultats obtinguts es pot definir el tractament m\u00e9s adequat en cada pacient. La doctora ens explica en qu\u00e8 consisteixen els diferents tractaments existents. Un dels tractaments m\u00e9s comuns \u00e9s la <strong>ventilaci\u00f3 mec\u00e0nica no invasiva<\/strong> que consisteix en la insuflaci\u00f3 d\u2019aire per suplir l\u2019activitat dels pulmons debilitats. Tamb\u00e9, repassa les avantatges i desavantatges dels diferents tipus de m\u00e0scares.<\/span><\/p>\n<p>\u00a0 \u00a0 \u00a0 \u00a0 \u00a0 \u00a0 \u00a0 \u00a0 \u00a0\u00a0<iframe loading=\"lazy\" src=\"\/\/www.youtube.com\/embed\/dTNjoUbZrQk\" width=\"480\" height=\"360\" frameborder=\"0\" allowfullscreen=\"allowfullscreen\"><\/iframe><\/p>\n<p style=\"text-align: justify;\"><strong><span style=\"color: #333333;\">Tractament amb fisioter\u00e0pia respirat\u00f2ria<\/span><\/strong><\/p>\n<p style=\"text-align: justify;\"><span style=\"color: #333333;\">En aquesta part de la sessi\u00f3, el fisioterapeuta Llu\u00eds Mateu destaca els beneficis de la fisioter\u00e0pia respirat\u00f2ria en pacients amb ELA. Tamb\u00e9, posa en relleu les diferents t\u00e8cniques en l\u2019assist\u00e8ncia de la debilitat de la musculatura que ajuden a la manca de for\u00e7a i a millorar la qualitat de vida dels pacients.<\/span><\/p>\n<p>\u00a0 \u00a0 \u00a0 \u00a0 \u00a0 \u00a0 \u00a0 \u00a0 \u00a0\u00a0<iframe loading=\"lazy\" src=\"\/\/www.youtube.com\/embed\/8XK1T8oAlcg\" width=\"480\" height=\"360\" frameborder=\"0\" allowfullscreen=\"allowfullscreen\"><\/iframe><\/p>\n<p style=\"text-align: justify;\"><span style=\"color: #333333;\">El <strong>Cough Assist<\/strong> \u00e9s una de les eines m\u00e9s emprades en la fisioter\u00e0pia respirat\u00f2ria, aquesta ajuda a agafar i treure l\u2019aire. El fisioterapeuta Llu\u00eds Mateu ens explica les indicacions, les recomanacions d\u2019\u00fas, el funcionament i quins pacients s\u00f3n tributaris d\u2019\u00fas d\u2019aquest tractament.<\/span><\/p>\n<p>\u00a0 \u00a0 \u00a0 \u00a0 \u00a0 \u00a0 \u00a0 \u00a0 \u00a0\u00a0<iframe loading=\"lazy\" src=\"\/\/www.youtube.com\/embed\/oqevA_6keIU\" width=\"480\" height=\"360\" frameborder=\"0\" allowfullscreen=\"allowfullscreen\"><\/iframe><\/p>\n<p style=\"text-align: justify;\"><span style=\"color: #333333;\">Una actuaci\u00f3 molt important en la fisioter\u00e0pia respirat\u00f2ria \u00e9s el <strong>drenatge de secrecions<\/strong>, per tal d\u2019evitar l\u2019acumulaci\u00f3 d\u2019aquestes. Mitjan\u00e7ant un seguit d\u2019exercicis molt simples podem mantenir la mobilitat de la caixa tor\u00e0cica podem aconseguir una millora significativa en aquest aspecte. Els professionals de la sala realitzen demostracions i expliquen en directe l\u2019\u00fas i les recomanacions dels aparells exposats al llarg de la sessi\u00f3.<\/span><\/p>\n<p>\u00a0 \u00a0 \u00a0 \u00a0 \u00a0 \u00a0 \u00a0 \u00a0 \u00a0\u00a0<iframe loading=\"lazy\" src=\"\/\/www.youtube.com\/embed\/lWeOBHZKGPA\" width=\"480\" height=\"360\" frameborder=\"0\" allowfullscreen=\"allowfullscreen\"><\/iframe><\/p>\n<p style=\"text-align: justify;\"><span style=\"color: #333333;\">\u00a0<strong>Torn de preguntes<\/strong><\/span><\/p>\n<p style=\"color: #666666; text-align: justify;\"><span style=\"color: #333333;\">Un cop acabada la presentaci\u00f3 dels professionals \u00e9s l\u2019ocasi\u00f3 perfecta per a que els pacients s\u2019atreveixin a preguntar tots aquells dubtes o temors que, a vegades, no acaben de quedar resolts durant les consultes. En aquest fragment els pacients pregunten sobre <strong>l\u2019afectaci\u00f3 de la glotis<\/strong> i si existeixen altres opcions per <strong>extreure la mucositat<\/strong>.<\/span><\/p>\n<p>\u00a0 \u00a0 \u00a0 \u00a0 \u00a0 \u00a0 \u00a0 \u00a0 \u00a0\u00a0<iframe loading=\"lazy\" src=\"\/\/www.youtube.com\/embed\/0FOPUwVQYxE\" width=\"480\" height=\"360\" frameborder=\"0\" allowfullscreen=\"allowfullscreen\"><\/iframe><\/p>\n<p style=\"text-align: justify;\"><span style=\"color: #333333;\">A mesura que avan\u00e7a el torn de preguntes els pacients es senten m\u00e9s c\u00f2modes per preguntar i resoldre dubtes amb els professionals. En aquesta ocasi\u00f3, les preguntes van relacionades amb els <strong>desavantatges de l\u2019\u00fas de l\u2019aparell de ventilaci\u00f3<\/strong> i com solucionar-los, la relaci\u00f3 de la <strong>p\u00e8rdua de veu en l\u2019\u00fas de ventilaci\u00f3<\/strong> o si \u00e9s contraproduent portar moltes hores seguides la m\u00e0quina de ventilaci\u00f3.<\/span><\/p>\n<p>\u00a0 \u00a0 \u00a0 \u00a0 \u00a0 \u00a0 \u00a0 \u00a0 \u00a0\u00a0<iframe loading=\"lazy\" src=\"\/\/www.youtube.com\/embed\/3j1avl55gx8\" width=\"480\" height=\"360\" frameborder=\"0\" allowfullscreen=\"allowfullscreen\"><\/iframe><\/p>\n<p>&nbsp;<\/p>\n<div class=\"sharedaddy sd-sharing-enabled\"><div class=\"robots-nocontent sd-block sd-social sd-social-icon sd-sharing\"><h3 class=\"sd-title\">Comparteix aix\u00f2:<\/h3><div class=\"sd-content\"><ul><li class=\"share-facebook\"><a rel=\"nofollow\" data-shared=\"sharing-facebook-91\" class=\"share-facebook sd-button share-icon no-text\" href=\"http:\/\/blogs.bellvitgehospital.cat\/aulaela\/ela-complicacions-respiratories\/?share=facebook\" target=\"_blank\" title=\"Comparteix al Facebook\"><span><\/span><span class=\"sharing-screen-reader-text\">Comparteix al Facebook (Opens in new window)<\/span><\/a><\/li><li class=\"share-twitter\"><a rel=\"nofollow\" data-shared=\"sharing-twitter-91\" class=\"share-twitter sd-button share-icon no-text\" href=\"http:\/\/blogs.bellvitgehospital.cat\/aulaela\/ela-complicacions-respiratories\/?share=twitter\" target=\"_blank\" title=\"Feu clic per compartir al Twitter\"><span><\/span><span class=\"sharing-screen-reader-text\">Feu clic per compartir al Twitter (Opens in new window)<\/span><\/a><\/li><li class=\"share-google-plus-1\"><a rel=\"nofollow\" data-shared=\"sharing-google-91\" class=\"share-google-plus-1 sd-button share-icon no-text\" href=\"http:\/\/blogs.bellvitgehospital.cat\/aulaela\/ela-complicacions-respiratories\/?share=google-plus-1\" target=\"_blank\" title=\"Feu clic per compartir a Google+\"><span><\/span><span class=\"sharing-screen-reader-text\">Feu clic per compartir a Google+ (Opens in new window)<\/span><\/a><\/li><li class=\"share-email\"><a rel=\"nofollow\" data-shared=\"\" class=\"share-email sd-button share-icon no-text\" href=\"http:\/\/blogs.bellvitgehospital.cat\/aulaela\/ela-complicacions-respiratories\/?share=email\" target=\"_blank\" title=\"Feu clic per enviar un correu electr\u00f2nic a un amic\"><span><\/span><span class=\"sharing-screen-reader-text\">Feu clic per enviar un correu electr\u00f2nic a un amic (Opens in new window)<\/span><\/a><\/li><li class=\"share-print\"><a rel=\"nofollow\" data-shared=\"\" class=\"share-print sd-button share-icon no-text\" href=\"http:\/\/blogs.bellvitgehospital.cat\/aulaela\/ela-complicacions-respiratories\/\" target=\"_blank\" title=\"Feu clic per imprimir\"><span><\/span><span class=\"sharing-screen-reader-text\">Feu clic per imprimir (Opens in new window)<\/span><\/a><\/li><li class=\"share-end\"><\/li><\/ul><\/div><\/div><\/div>","protected":false},"excerpt":{"rendered":"<p>Aquesta primera sessi\u00f3 es va dedicar a tractar les complicacions respirat\u00f2ries que pateixen els malalts d&#8217;ELA, un dels temes que m\u00e9s preocupa a la comunitat de pacients i cuidadors d&#8217;aquesta malaltia. Per saber com va anar la sessi\u00f3, en aquest &hellip; <a href=\"http:\/\/blogs.bellvitgehospital.cat\/aulaela\/ela-complicacions-respiratories\/\">Continua llegint <span class=\"meta-nav\">&rarr;<\/span><\/a><\/p>\n<div class=\"sharedaddy sd-sharing-enabled\"><div class=\"robots-nocontent sd-block sd-social sd-social-icon sd-sharing\"><h3 class=\"sd-title\">Comparteix aix\u00f2:<\/h3><div class=\"sd-content\"><ul><li class=\"share-facebook\"><a rel=\"nofollow\" data-shared=\"sharing-facebook-91\" class=\"share-facebook sd-button share-icon no-text\" href=\"http:\/\/blogs.bellvitgehospital.cat\/aulaela\/ela-complicacions-respiratories\/?share=facebook\" target=\"_blank\" title=\"Comparteix al Facebook\"><span><\/span><span class=\"sharing-screen-reader-text\">Comparteix al Facebook (Opens in new window)<\/span><\/a><\/li><li class=\"share-twitter\"><a rel=\"nofollow\" data-shared=\"sharing-twitter-91\" class=\"share-twitter sd-button share-icon no-text\" href=\"http:\/\/blogs.bellvitgehospital.cat\/aulaela\/ela-complicacions-respiratories\/?share=twitter\" target=\"_blank\" title=\"Feu clic per compartir al Twitter\"><span><\/span><span class=\"sharing-screen-reader-text\">Feu clic per compartir al Twitter (Opens in new window)<\/span><\/a><\/li><li class=\"share-google-plus-1\"><a rel=\"nofollow\" data-shared=\"sharing-google-91\" class=\"share-google-plus-1 sd-button share-icon no-text\" href=\"http:\/\/blogs.bellvitgehospital.cat\/aulaela\/ela-complicacions-respiratories\/?share=google-plus-1\" target=\"_blank\" title=\"Feu clic per compartir a Google+\"><span><\/span><span class=\"sharing-screen-reader-text\">Feu clic per compartir a Google+ (Opens in new window)<\/span><\/a><\/li><li class=\"share-email\"><a rel=\"nofollow\" data-shared=\"\" class=\"share-email sd-button share-icon no-text\" href=\"http:\/\/blogs.bellvitgehospital.cat\/aulaela\/ela-complicacions-respiratories\/?share=email\" target=\"_blank\" title=\"Feu clic per enviar un correu electr\u00f2nic a un amic\"><span><\/span><span class=\"sharing-screen-reader-text\">Feu clic per enviar un correu electr\u00f2nic a un amic (Opens in new window)<\/span><\/a><\/li><li class=\"share-print\"><a rel=\"nofollow\" data-shared=\"\" class=\"share-print sd-button share-icon no-text\" href=\"http:\/\/blogs.bellvitgehospital.cat\/aulaela\/ela-complicacions-respiratories\/\" target=\"_blank\" title=\"Feu clic per imprimir\"><span><\/span><span class=\"sharing-screen-reader-text\">Feu clic per imprimir (Opens in new window)<\/span><\/a><\/li><li class=\"share-end\"><\/li><\/ul><\/div><\/div><\/div>","protected":false},"author":10,"featured_media":0,"parent":0,"menu_order":0,"comment_status":"open","ping_status":"closed","template":"","meta":[],"_links":{"self":[{"href":"http:\/\/blogs.bellvitgehospital.cat\/aulaela\/wp-json\/wp\/v2\/pages\/91"}],"collection":[{"href":"http:\/\/blogs.bellvitgehospital.cat\/aulaela\/wp-json\/wp\/v2\/pages"}],"about":[{"href":"http:\/\/blogs.bellvitgehospital.cat\/aulaela\/wp-json\/wp\/v2\/types\/page"}],"author":[{"embeddable":true,"href":"http:\/\/blogs.bellvitgehospital.cat\/aulaela\/wp-json\/wp\/v2\/users\/10"}],"replies":[{"embeddable":true,"href":"http:\/\/blogs.bellvitgehospital.cat\/aulaela\/wp-json\/wp\/v2\/comments?post=91"}],"version-history":[{"count":5,"href":"http:\/\/blogs.bellvitgehospital.cat\/aulaela\/wp-json\/wp\/v2\/pages\/91\/revisions"}],"predecessor-version":[{"id":220,"href":"http:\/\/blogs.bellvitgehospital.cat\/aulaela\/wp-json\/wp\/v2\/pages\/91\/revisions\/220"}],"wp:attachment":[{"href":"http:\/\/blogs.bellvitgehospital.cat\/aulaela\/wp-json\/wp\/v2\/media?parent=91"}],"curies":[{"name":"wp","href":"https:\/\/api.w.org\/{rel}","templated":true}]}}