{"id":820,"date":"2016-05-03T13:03:17","date_gmt":"2016-05-03T12:03:17","guid":{"rendered":"http:\/\/blogs.bellvitgehospital.cat\/aulaela\/?page_id=820"},"modified":"2019-12-10T16:10:23","modified_gmt":"2019-12-10T15:10:23","slug":"enlaces","status":"publish","type":"page","link":"http:\/\/blogs.bellvitgehospital.cat\/aulaela\/enlaces\/","title":{"rendered":"Enlaces"},"content":{"rendered":"<ul>\n<li><a href=\"http:\/\/www.fundaciomiquelvalls.org\/es\/\">Fundaci\u00f3n Miquel Valls<\/a><\/li>\n<li><a href=\"http:\/\/ffluzon.org\/\">Fundaci\u00f3n Luz\u00f3n. Unidos contra la ELA.<\/a><\/li>\n<li><a href=\"http:\/\/www.encals.eu\/\">ENCALS<\/a>. Red europea para el tratamiento de la ELA.<\/li>\n<li><a href=\"http:\/\/www.als.net\/\">ALS.net<\/a> Centro de recursos para la financiaci\u00f3n de la investigaci\u00f3n sobre la ELA<\/li>\n<li><a href=\"http:\/\/blogs.elconfidencial.com\/alma-corazon-vida\/mi-batalla-contra-la-ela\/\">Alma, coraz\u00f3n y vida. Mi batalla contra la ELA<\/a>. Blog de Carlos Matallanas.<\/li>\n<li><a href=\"http:\/\/www.scn.cat\/\">Sociedad Catalana de Neurolog\u00eda<\/a><\/li>\n<li><a href=\"http:\/\/www.alstdi.org\/als-research\/als-clinical-trials\/\">ALSTDI. Als Therapy Development Institut.<\/a> Informaci\u00f3n sobre ensayos cl\u00ednicos.<\/li>\n<li><a href=\"http:\/\/www.alsmndalliance.org\/\">International Alliance of ALS\/MND Associations<\/a><\/li>\n<li><a href=\"http:\/\/www.mndassociation.org\/\">Motor Neurone Disease Association<\/a><\/li>\n<li><a href=\"http:\/\/www.fundela.es\/\">FUNDELA<\/a> (Fundaci\u00f3n Espa\u00f1ola para el Fomento de la Investigaci\u00f3n de la Esclerosis Lateral Amiotr\u00f3fica)<\/li>\n<li><a href=\"https:\/\/www.projectmine.com\/\">Project MinE<\/a><\/li>\n<li><a href=\"http:\/\/www.alsmndalliance.org\/\">Alianza Internacional de Asociaciones de ELA\/ENM<\/a> (Enfermedad de la Neurona Motora)<\/li>\n<li><a href=\"http:\/\/eutanasia.cat\/index.php\/es\/\">Asociaci\u00f3n Dret a Morir Dignament<\/a><\/li>\n<li><a href=\"http:\/\/charcot-stiftung.de\">Charcot-stiftung.\u00a0<\/a><a href=\"http:\/\/charcot-stiftung.de\">German Charity for Amyotrophic Lateral Sclerosis<\/a><\/li>\n<li><a href=\"http:\/\/www.mnd-als.de\/\">MND-NET .\u00a0<\/a><a href=\"http:\/\/www.mnd-als.de\/\">German Network for Motor Neuron Diseases<\/a><\/li>\n<li><a href=\"http:\/\/www.wfneurology.org\/wfn-applied-research-groups\">WORLD FEDERATION OF NEUROLOGY RESEARCH GROUP .\u00a0<\/a><a href=\"http:\/\/www.wfneurology.org\/wfn-applied-research-groups\">WFN Applied Research Groups<\/a><\/li>\n<li><a href=\"http:\/\/www.fondation-thierry-latran.org\/fondation\/\">THIERRY LATRAN FONDATION<\/a><\/li>\n<li><a href=\"http:\/\/www.wfneurology.org\/\">WORLD FEDERATION OF NEUROLOGY<\/a><\/li>\n<li><a href=\"http:\/\/frick-fondation.ch\">FRICK FOUNDATION FOR ALS RESEARCH<\/a><\/li>\n<li><strong><a href=\"http:\/\/www.alsa.org\">The ALS Association Web Site<\/a><\/strong><\/li>\n<li><strong><a href=\"http:\/\/www.outcomes-umassmed.org\/als\/\">ALS C.A.R.E.<\/a><\/strong><\/li>\n<li><strong><a href=\"http:\/\/www.alshopefoundation.org\">ALS Hope Foundation<\/a><\/strong><\/li>\n<li><strong><a href=\"http:\/\/alsod.iop.kcl.ac.uk\/\">ALS Online Genetic Database<\/a><\/strong><\/li>\n<li><strong><a href=\"http:\/\/www.als.ca\">ALS\/SLA Society of Canada<\/a><\/strong><\/li>\n<li><strong><a href=\"http:\/\/www.clinicaltrials.gov\">Clinical Trials Summary: from the NIH<\/a><\/strong><\/li>\n<li><strong><a href=\"http:\/\/www.dukealsclinic.com\">Duke University ALS Clinic<\/a><\/strong><\/li>\n<li><strong><a href=\"http:\/\/www.alsmndalliance.org\/\">International Alliance of ALS\/MND Association<\/a><\/strong><\/li>\n<li><strong><a href=\"http:\/\/www.mnd.ie\">Irish Motor Neuron Disease Research Group<\/a><\/strong><\/li>\n<li><strong><a href=\"http:\/\/www.lesturnerals.org\">Les Turner ALS Foundation<\/a><\/strong><\/li>\n<li><strong><a href=\"http:\/\/www.mndassociation.org\/\">Motor Neurone Disease Association<\/a><\/strong><\/li>\n<li><strong><a href=\"http:\/\/www.mdausa.org\/\">The Muscular Dystrophy Association<\/a><\/strong><\/li>\n<li><strong><a href=\"http:\/\/www.nlm.nih.gov\/\">National Library of Medicine<\/a><\/strong><\/li>\n<li><strong><a href=\"http:\/\/www.neuro.wustl.edu\/neuromuscular\/\">Neuromuscular Disease Center<\/a><\/strong><\/li>\n<li><strong><a href=\"http:\/\/www.alsconsortium.org\/\">Northeast ALS Consortium<\/a><\/strong><\/li>\n<li><strong><a href=\"http:\/\/www.alscenter.org\/\">Packard Center for ALS Research at Johns Hopkins University<\/a><\/strong><\/li>\n<li><strong><a href=\"http:\/\/www.powmri.edu.au\/\">Prince of Wales Medical Research Institute-Kiernan Group<\/a><\/strong><\/li>\n<li><a href=\"http:\/\/www.worldmusclesociety.org\"><strong>World Muscle Society<\/strong><\/a><\/li>\n<li><strong><a href=\"https:\/\/ghr.nlm.nih.gov\/condition\/amyotrophic-lateral-sclerosis\">Genetics Home Reference<\/a><\/strong><\/li>\n<\/ul>\n<div class=\"sharedaddy sd-sharing-enabled\"><div class=\"robots-nocontent sd-block sd-social sd-social-icon sd-sharing\"><h3 class=\"sd-title\">Comparteix aix\u00f2:<\/h3><div class=\"sd-content\"><ul><li class=\"share-facebook\"><a rel=\"nofollow\" data-shared=\"sharing-facebook-820\" class=\"share-facebook sd-button share-icon no-text\" href=\"http:\/\/blogs.bellvitgehospital.cat\/aulaela\/enlaces\/?share=facebook\" target=\"_blank\" title=\"Comparteix al Facebook\"><span><\/span><span class=\"sharing-screen-reader-text\">Comparteix al Facebook (Opens in new window)<\/span><\/a><\/li><li class=\"share-twitter\"><a rel=\"nofollow\" data-shared=\"sharing-twitter-820\" class=\"share-twitter sd-button share-icon no-text\" href=\"http:\/\/blogs.bellvitgehospital.cat\/aulaela\/enlaces\/?share=twitter\" target=\"_blank\" title=\"Feu clic per compartir al Twitter\"><span><\/span><span class=\"sharing-screen-reader-text\">Feu clic per compartir al Twitter (Opens in new window)<\/span><\/a><\/li><li class=\"share-google-plus-1\"><a rel=\"nofollow\" data-shared=\"sharing-google-820\" class=\"share-google-plus-1 sd-button share-icon no-text\" href=\"http:\/\/blogs.bellvitgehospital.cat\/aulaela\/enlaces\/?share=google-plus-1\" target=\"_blank\" title=\"Feu clic per compartir a Google+\"><span><\/span><span class=\"sharing-screen-reader-text\">Feu clic per compartir a Google+ (Opens in new window)<\/span><\/a><\/li><li class=\"share-email\"><a rel=\"nofollow\" data-shared=\"\" class=\"share-email sd-button share-icon no-text\" href=\"http:\/\/blogs.bellvitgehospital.cat\/aulaela\/enlaces\/?share=email\" target=\"_blank\" title=\"Feu clic per enviar un correu electr\u00f2nic a un amic\"><span><\/span><span class=\"sharing-screen-reader-text\">Feu clic per enviar un correu electr\u00f2nic a un amic (Opens in new window)<\/span><\/a><\/li><li class=\"share-print\"><a rel=\"nofollow\" data-shared=\"\" class=\"share-print sd-button share-icon no-text\" href=\"http:\/\/blogs.bellvitgehospital.cat\/aulaela\/enlaces\/\" target=\"_blank\" title=\"Feu clic per imprimir\"><span><\/span><span class=\"sharing-screen-reader-text\">Feu clic per imprimir (Opens in new window)<\/span><\/a><\/li><li class=\"share-end\"><\/li><\/ul><\/div><\/div><\/div>","protected":false},"excerpt":{"rendered":"<p>Fundaci\u00f3n Miquel Valls Fundaci\u00f3n Luz\u00f3n. Unidos contra la ELA. ENCALS. Red europea para el tratamiento de la ELA. ALS.net Centro de recursos para la financiaci\u00f3n de la investigaci\u00f3n sobre la ELA Alma, coraz\u00f3n y vida. Mi batalla contra la ELA. &hellip; <a href=\"http:\/\/blogs.bellvitgehospital.cat\/aulaela\/enlaces\/\">Continua llegint <span class=\"meta-nav\">&rarr;<\/span><\/a><\/p>\n<div class=\"sharedaddy sd-sharing-enabled\"><div class=\"robots-nocontent sd-block sd-social sd-social-icon sd-sharing\"><h3 class=\"sd-title\">Comparteix aix\u00f2:<\/h3><div class=\"sd-content\"><ul><li class=\"share-facebook\"><a rel=\"nofollow\" data-shared=\"sharing-facebook-820\" class=\"share-facebook sd-button share-icon no-text\" href=\"http:\/\/blogs.bellvitgehospital.cat\/aulaela\/enlaces\/?share=facebook\" target=\"_blank\" title=\"Comparteix al Facebook\"><span><\/span><span class=\"sharing-screen-reader-text\">Comparteix al Facebook (Opens in new window)<\/span><\/a><\/li><li class=\"share-twitter\"><a rel=\"nofollow\" data-shared=\"sharing-twitter-820\" class=\"share-twitter sd-button share-icon no-text\" href=\"http:\/\/blogs.bellvitgehospital.cat\/aulaela\/enlaces\/?share=twitter\" target=\"_blank\" title=\"Feu clic per compartir al Twitter\"><span><\/span><span class=\"sharing-screen-reader-text\">Feu clic per compartir al Twitter (Opens in new window)<\/span><\/a><\/li><li class=\"share-google-plus-1\"><a rel=\"nofollow\" data-shared=\"sharing-google-820\" class=\"share-google-plus-1 sd-button share-icon no-text\" href=\"http:\/\/blogs.bellvitgehospital.cat\/aulaela\/enlaces\/?share=google-plus-1\" target=\"_blank\" title=\"Feu clic per compartir a Google+\"><span><\/span><span class=\"sharing-screen-reader-text\">Feu clic per compartir a Google+ (Opens in new window)<\/span><\/a><\/li><li class=\"share-email\"><a rel=\"nofollow\" data-shared=\"\" class=\"share-email sd-button share-icon no-text\" href=\"http:\/\/blogs.bellvitgehospital.cat\/aulaela\/enlaces\/?share=email\" target=\"_blank\" title=\"Feu clic per enviar un correu electr\u00f2nic a un amic\"><span><\/span><span class=\"sharing-screen-reader-text\">Feu clic per enviar un correu electr\u00f2nic a un amic (Opens in new window)<\/span><\/a><\/li><li class=\"share-print\"><a rel=\"nofollow\" data-shared=\"\" class=\"share-print sd-button share-icon no-text\" href=\"http:\/\/blogs.bellvitgehospital.cat\/aulaela\/enlaces\/\" target=\"_blank\" title=\"Feu clic per imprimir\"><span><\/span><span class=\"sharing-screen-reader-text\">Feu clic per imprimir (Opens in new window)<\/span><\/a><\/li><li class=\"share-end\"><\/li><\/ul><\/div><\/div><\/div>","protected":false},"author":10,"featured_media":0,"parent":0,"menu_order":0,"comment_status":"closed","ping_status":"closed","template":"","meta":[],"_links":{"self":[{"href":"http:\/\/blogs.bellvitgehospital.cat\/aulaela\/wp-json\/wp\/v2\/pages\/820"}],"collection":[{"href":"http:\/\/blogs.bellvitgehospital.cat\/aulaela\/wp-json\/wp\/v2\/pages"}],"about":[{"href":"http:\/\/blogs.bellvitgehospital.cat\/aulaela\/wp-json\/wp\/v2\/types\/page"}],"author":[{"embeddable":true,"href":"http:\/\/blogs.bellvitgehospital.cat\/aulaela\/wp-json\/wp\/v2\/users\/10"}],"replies":[{"embeddable":true,"href":"http:\/\/blogs.bellvitgehospital.cat\/aulaela\/wp-json\/wp\/v2\/comments?post=820"}],"version-history":[{"count":11,"href":"http:\/\/blogs.bellvitgehospital.cat\/aulaela\/wp-json\/wp\/v2\/pages\/820\/revisions"}],"predecessor-version":[{"id":2233,"href":"http:\/\/blogs.bellvitgehospital.cat\/aulaela\/wp-json\/wp\/v2\/pages\/820\/revisions\/2233"}],"wp:attachment":[{"href":"http:\/\/blogs.bellvitgehospital.cat\/aulaela\/wp-json\/wp\/v2\/media?parent=820"}],"curies":[{"name":"wp","href":"https:\/\/api.w.org\/{rel}","templated":true}]}}