{"id":69,"date":"2014-06-05T07:29:51","date_gmt":"2014-06-05T07:29:51","guid":{"rendered":"http:\/\/blogs.bellvitgehospital.cat\/aulaela\/?page_id=69"},"modified":"2014-09-18T12:23:38","modified_gmt":"2014-09-18T12:23:38","slug":"fundacio-miquel-valls","status":"publish","type":"page","link":"http:\/\/blogs.bellvitgehospital.cat\/aulaela\/fundacio-miquel-valls\/","title":{"rendered":"Fundaci\u00f3 Miquel Valls"},"content":{"rendered":"<p style=\"text-align: justify;\"><span style=\"color: #333333;\">La <strong><span style=\"text-decoration: underline;\"><span style=\"color: #ffcc00;\"><a style=\"color: #ffcc00; text-decoration: underline;\" title=\"Fundaci\u00f3 Miquel Valls\" href=\"http:\/\/www.fundaciomiquelvalls.org\" target=\"_blank\">Fundaci\u00f3 Miquel Valls<\/a><\/span><\/span><\/strong> \u00e9s l\u2019\u00fanica entitat sense \u00e0nim de lucre a tot Catalunya que treballa per millorar la qualitat de vida de les persones afectades d\u2019ELA. La fundaci\u00f3 ofereix una atenci\u00f3 integral i espec\u00edfica als afectats i les seves fam\u00edlies, i es proposa lluitar contra la malaltia mitjan\u00e7ant la investigaci\u00f3.\u00a0<\/span><br style=\"color: #666666;\" \/><br style=\"color: #666666;\" \/><span style=\"color: #333333;\">La Fundaci\u00f3 va n\u00e9ixer el 2005 a Calella (Barcelona) impulsada pel senyor Enric M. Valls, el pare del qual va patir l\u2019Esclerosi Lateral Amiotr\u00f2fica.<\/span><br style=\"color: #666666;\" \/><br style=\"color: #666666;\" \/><span style=\"color: #333333;\">L\u2019equip de professionals de la fundaci\u00f3 ofereix un ampli ventall de serveis perqu\u00e8 l\u2019atenci\u00f3 m\u00e8dica i social que rebin les persones afectades i les seves fam\u00edlies sigui de la m\u00e0xima qualitat.<\/span><\/p>\n<p style=\"text-align: justify;\"><strong>Com us poden ajudar?<\/strong><\/p>\n<p style=\"color: #666666; text-align: justify;\"><span style=\"color: #333333;\">La Fundaci\u00f3 Miquel Valls \u00e9s una entitat privada i sense \u00e0nim de lucre que treballa per millorar la qualitat de vida de les persones afectades per l\u2019Esclerosi Lateral Amiotr\u00f2fica, l\u2019ELA, i altres malalties de la motoneurona, aix\u00ed com per donar suport a les fam\u00edlies.\u00a0<\/span><\/p>\n<p style=\"text-align: justify;\"><span style=\"color: #333333;\">Des de la seva creaci\u00f3, l\u2019any 2005, l\u2019acci\u00f3 de la Fundaci\u00f3 ha estat decisiva en la lluita contra l\u2019ELA a Catalunya a trav\u00e9s de la implementaci\u00f3 d\u2019un model propi que promou una visi\u00f3 global de la malaltia i es concreta en tres l\u00ednies d\u2019actuaci\u00f3:<\/span><\/p>\n<p><span style=\"text-align: justify;\">&#8211; L\u2019atenci\u00f3 de les persones afectades i el seu entorn.<\/span><br \/>\n<span style=\"text-align: justify;\">&#8211; La coordinaci\u00f3 de l\u2019atenci\u00f3 m\u00e8dica, social, psicol\u00f2gica i de la recerca cient\u00edfica.<\/span><br \/>\n<span style=\"text-align: justify;\">&#8211; La promoci\u00f3, el foment i el suport a la investigaci\u00f3.<\/span><\/p>\n<p style=\"color: #666666; text-align: justify;\"><span style=\"color: #333333;\">Actualment, representem un col\u00b7lectiu de m\u00e9s de sis mil persones i som l\u2019\u00fanica entitat a Catalunya que aborda la problem\u00e0tica de l\u2019ELA tenint en compte tots els aspectes de la malaltia.\u00a0<\/span><\/p>\n<p style=\"text-align: justify;\"><span style=\"color: #333333;\">Volem seguir treballant en aquesta direcci\u00f3, encoratjats pel suport que rebem dia a dia per part dels nostres col\u00b7laboradors i, sobretot, de les persones afectades i les seves fam\u00edlies. Sempre amb la confian\u00e7a absoluta que l\u2019ELA \u00e9s vencible.\u00a0<\/span><\/p>\n<p style=\"text-align: justify;\"><span style=\"color: #333333;\">Per tal que pugueu con\u00e8ixer millor la nostra tasca, us convidem a llegir el text que hi ha a continuaci\u00f3 en qu\u00e8 us oferim una visi\u00f3 detallada de la tasca que desenvolupem i de quina manera podeu treure-li el m\u00e0xim profit.<\/span><\/p>\n<p style=\"text-align: justify;\"><strong>Quin \u00e9s el proc\u00e9s?<\/strong><\/p>\n<p style=\"text-align: justify;\">Un cop heu contactat amb la Fundaci\u00f3 Miquel Valls, en l\u00ednies generals, el proc\u00e9s \u00e9s el seg\u00fcent:<\/p>\n<p style=\"color: #666666; text-align: justify;\"><span style=\"color: #333333;\"><strong>1.<\/strong>\u00a0Una\u00a0<strong>treballadora social<\/strong>\u00a0de la Fundaci\u00f3 us visitar\u00e0 a casa vostra per tal de con\u00e8ixer-vos personalment i\u00a0<strong>valorar, des d\u2019un punt de vista professional, quina \u00e9s la vostra situaci\u00f3 actual en relaci\u00f3 amb la malaltia. Us informar\u00e0 sobre la malaltia i intentar\u00e0 resoldre els vostres dubtes.<\/strong><\/span><\/p>\n<p style=\"text-align: justify;\">La treballadora social us assessorar\u00e0 sobre\u00a0<strong>les ajudes p\u00fabliques a les quals podeu accedir\u00a0<\/strong>(Grau de disminuci\u00f3, incapacitat laboral, PUA, fisioter\u00e0pia a domicili, Llei de la Depend\u00e8ncia, etc), i dels tr\u00e0mits i terminis per presentar-les. Tamb\u00e9 mirar\u00e0 de guiar-vos en la comprensi\u00f3 de la situaci\u00f3 que esteu vivint i us donar\u00e0\u00a0<strong>les pautes que necessiteu per afrontar la nova realitat, escoltant-vos i donant-vos suport emocional.<\/strong><\/p>\n<p style=\"text-align: justify;\">La treballadora social realitzar\u00e0\u00a0<strong>un seguiment continuat del vostre cas, amb visites peri\u00f2diques i atenci\u00f3 telef\u00f2nica,<\/strong>coordinant l\u2019atenci\u00f3 amb la resta de professionals de la Fundaci\u00f3 i altres professionals externs.<\/p>\n<p style=\"text-align: justify;\"><span style=\"color: #333333;\"><strong>2.<\/strong>\u00a0En cas que es detecti alguna dificultat a l\u2019hora de realitzar les activitats de la vida di\u00e0ria es posar\u00e0 en contacte amb la<strong>terapeuta ocupacional<\/strong>\u00a0de la fundacio, que es despla\u00e7ar\u00e0 al vostre domicili per con\u00e8ixer com desenvolupeu\u00a0<strong>les activitats pr\u00f2pies del dia a dia<\/strong>\u00a0\u2013la dutxa, el vestir o el menjar-,\u00a0<strong>l\u2019accessibilitat i les barreres arquitect\u00f2niques de la vostra llar.<\/strong>Un cop feta aquesta valoraci\u00f3, podr\u00e0 recomanar-vos quines millores es poden introduir per mantenir el m\u00e0xim nivell d\u2019autonomia de la persona afectada i garantir la salut del cuidador, com tamb\u00e9\u00a0<strong>la utilitzaci\u00f3 d\u2019algun producte de suport<\/strong>: llit el\u00e8ctric, cadira de dutxa, etc.\u00a0<\/span><\/p>\n<p style=\"text-align: justify;\"><span style=\"color: #333333;\"><strong>3.<\/strong>\u00a0La Fundaci\u00f3 disposa d\u2019un\u00a0<strong>Banc de Productes de Suport<\/strong>\u00a0per a aquelles fam\u00edlies que requereixen d\u2019un material determinat i no poden comprar-lo, o necessiten provar-lo per valorar la seva utilitat abans d\u2019adquirir-lo.\u00a0<\/span><\/p>\n<p style=\"text-align: justify;\"><span style=\"color: #333333;\">El servei preveu el pr\u00e9stec, la reparaci\u00f3, neteja, transport, muntatge i assessorament professional per a tots els productes. El banc est\u00e0 format per material provinent de les donacions que les fam\u00edlies fan a la fundaci\u00f3 quan ja no el necessiten i de les subvencions p\u00fabliques que rebem amb aquesta finalitat.\u00a0<\/span><\/p>\n<p style=\"text-align: justify;\"><span style=\"color: #333333;\"><strong>4.<\/strong>\u00a0Si disposeu de recursos per comprar el material podeu accedir al\u00a0<strong>Servei d\u2019Ortop\u00e8dia sense \u00e0nim de lucre<\/strong>. Es tracta d\u2019una empresa vinculada a la Fundaci\u00f3 i amb finalitat social ja que tots els beneficis econ\u00f2mics que genera es reinverteixen en els projectes de l\u2019entitat. Fou creada per oferir un servei de qualitat a nivell ortop\u00e8dic.\u00a0<\/span><\/p>\n<p style=\"text-align: justify;\"><span style=\"color: #333333;\"><strong>5.<\/strong>\u00a0Si la vostra situaci\u00f3 emocional ho requereix, podeu demanar\u00a0<strong>la intervenci\u00f3 d\u2019una psic\u00f2loga de la Fundaci\u00f3,<\/strong>\u00a0que valorar\u00e0 la situaci\u00f3 comportamental i emocional i realitzar\u00e0 un pla de treball personalitzat per donar resposta a les vostres necessitats psicol\u00f2giques. L\u2019acompanyament psicol\u00f2gic durant les diferents fases de l\u2019ELA i l\u2019assessorament en la presa de les decisions vitals millora, sens dubte, la gesti\u00f3 dels diferents estats emocionals derivats de la malaltia.\u00a0<\/span><\/p>\n<p style=\"text-align: justify;\"><span style=\"color: #333333;\"><strong>6.<\/strong>\u00a0A m\u00e9s dels serveis a domicili, la fundaci\u00f3 us proporciona\u00a0<strong>l\u2019acompanyament en mat\u00e8ria d\u2019atenci\u00f3 m\u00e8dica<\/strong>, ja que treballem coordinats amb els diferents hospitals de refer\u00e8ncia del territori catal\u00e0.\u00a0<\/span><\/p>\n<p style=\"text-align: justify;\"><span style=\"color: #333333;\"><strong>7.<\/strong>\u00a0Des del 2010 formem part de la\u00a0<strong>Unitat Funcional d\u2019ELA i altres malalties de la motoneurona de l\u2019Hospital Universitari de Bellvitge. Participem en l\u2019atenci\u00f3 i la gesti\u00f3 de la unitat, i donem suport als assajos cl\u00ednics i la investigaci\u00f3 b\u00e0sica<\/strong>\u00a0que s\u2019hi duen a terme.\u00a0<\/span><\/p>\n<p style=\"text-align: justify;\"><span style=\"color: #333333;\"><strong>8.<\/strong>\u00a0Finalment, disposeu tamb\u00e9 del\u00a0<strong>servei de furgoneta Volkswagen Caddy totalment adaptada<\/strong>\u00a0gr\u00e0cies al donatiu d\u2019una fam\u00edlia afectada. Per a donar-li un bon \u00fas, est\u00e0 a disposici\u00f3 de les fam\u00edlies que tinguin la necessitat de fer algun despla\u00e7ament i no tinguin cap recurs propi per poder-lo fer.\u00a0<\/span><\/p>\n<p style=\"text-align: justify;\"><span style=\"color: #333333;\">La furgoneta es deixa en pr\u00e9stec i, segons la disponibilitat, es pot gaudir d\u2019ella un o diversos dies. El contracte de pr\u00e9stec representar\u00e0 un cost m\u00ednim, nom\u00e9s el necessari per cobrir part de l\u2019asseguran\u00e7a.\u00a0<\/span><\/p>\n<p style=\"text-align: justify;\"><span style=\"color: #333333;\">A causa a la dif\u00edcil situaci\u00f3 econ\u00f2mica actual, la Fundaci\u00f3 s\u2019ha vist en la necessitat de fer alguns canvis per tal de garantir que tots els afectats d\u2019ELA i les seves fam\u00edlies puguin ser atesos per nosaltres. Per tant, us demanem que per poder continuar gaudint de tots els serveis que oferim, us feu col\u00b7laboradors de la fundaci\u00f3.\u00a0<\/span><\/p>\n<p style=\"text-align: justify;\"><span style=\"color: #333333;\">La vostra contribuci\u00f3 \u00e9s decisiva, ajudeu-nos a v\u00e8ncer l\u2019ELA.\u00a0<\/span><\/p>\n<p style=\"text-align: justify;\">\u00a0<span style=\"text-decoration: underline;\"><strong><span style=\"color: #ffcc00;\"><a style=\"color: #ffcc00; text-decoration: underline;\" href=\"http:\/\/www.fundaciomiquelvalls.org\/\">www.fundaciomiquelvalls.org<\/a><\/span><\/strong><\/span><br \/>\n<span style=\"text-decoration: underline;\"><strong><span style=\"color: #ffcc00;\"><a style=\"color: #ffcc00; text-decoration: underline;\" href=\"https:\/\/www.facebook.com\/fundacio.miquelvalls\">facebook.com\/fundacio.miquelvalls<\/a><\/span><\/strong><\/span><\/p>\n<div class=\"sharedaddy sd-sharing-enabled\"><div class=\"robots-nocontent sd-block sd-social sd-social-icon sd-sharing\"><h3 class=\"sd-title\">Comparteix aix\u00f2:<\/h3><div class=\"sd-content\"><ul><li class=\"share-facebook\"><a rel=\"nofollow\" data-shared=\"sharing-facebook-69\" class=\"share-facebook sd-button share-icon no-text\" href=\"http:\/\/blogs.bellvitgehospital.cat\/aulaela\/fundacio-miquel-valls\/?share=facebook\" target=\"_blank\" title=\"Comparteix al Facebook\"><span><\/span><span class=\"sharing-screen-reader-text\">Comparteix al Facebook (Opens in new window)<\/span><\/a><\/li><li class=\"share-twitter\"><a rel=\"nofollow\" data-shared=\"sharing-twitter-69\" class=\"share-twitter sd-button share-icon no-text\" href=\"http:\/\/blogs.bellvitgehospital.cat\/aulaela\/fundacio-miquel-valls\/?share=twitter\" target=\"_blank\" title=\"Feu clic per compartir al Twitter\"><span><\/span><span class=\"sharing-screen-reader-text\">Feu clic per compartir al Twitter (Opens in new window)<\/span><\/a><\/li><li class=\"share-google-plus-1\"><a rel=\"nofollow\" data-shared=\"sharing-google-69\" class=\"share-google-plus-1 sd-button share-icon no-text\" href=\"http:\/\/blogs.bellvitgehospital.cat\/aulaela\/fundacio-miquel-valls\/?share=google-plus-1\" target=\"_blank\" title=\"Feu clic per compartir a Google+\"><span><\/span><span class=\"sharing-screen-reader-text\">Feu clic per compartir a Google+ (Opens in new window)<\/span><\/a><\/li><li class=\"share-email\"><a rel=\"nofollow\" data-shared=\"\" class=\"share-email sd-button share-icon no-text\" href=\"http:\/\/blogs.bellvitgehospital.cat\/aulaela\/fundacio-miquel-valls\/?share=email\" target=\"_blank\" title=\"Feu clic per enviar un correu electr\u00f2nic a un amic\"><span><\/span><span class=\"sharing-screen-reader-text\">Feu clic per enviar un correu electr\u00f2nic a un amic (Opens in new window)<\/span><\/a><\/li><li class=\"share-print\"><a rel=\"nofollow\" data-shared=\"\" class=\"share-print sd-button share-icon no-text\" href=\"http:\/\/blogs.bellvitgehospital.cat\/aulaela\/fundacio-miquel-valls\/\" target=\"_blank\" title=\"Feu clic per imprimir\"><span><\/span><span class=\"sharing-screen-reader-text\">Feu clic per imprimir (Opens in new window)<\/span><\/a><\/li><li class=\"share-end\"><\/li><\/ul><\/div><\/div><\/div>","protected":false},"excerpt":{"rendered":"<p>La Fundaci\u00f3 Miquel Valls \u00e9s l\u2019\u00fanica entitat sense \u00e0nim de lucre a tot Catalunya que treballa per millorar la qualitat de vida de les persones afectades d\u2019ELA. La fundaci\u00f3 ofereix una atenci\u00f3 integral i espec\u00edfica als afectats i les seves &hellip; <a href=\"http:\/\/blogs.bellvitgehospital.cat\/aulaela\/fundacio-miquel-valls\/\">Continua llegint <span class=\"meta-nav\">&rarr;<\/span><\/a><\/p>\n<div class=\"sharedaddy sd-sharing-enabled\"><div class=\"robots-nocontent sd-block sd-social sd-social-icon sd-sharing\"><h3 class=\"sd-title\">Comparteix aix\u00f2:<\/h3><div class=\"sd-content\"><ul><li class=\"share-facebook\"><a rel=\"nofollow\" data-shared=\"sharing-facebook-69\" class=\"share-facebook sd-button share-icon no-text\" href=\"http:\/\/blogs.bellvitgehospital.cat\/aulaela\/fundacio-miquel-valls\/?share=facebook\" target=\"_blank\" title=\"Comparteix al Facebook\"><span><\/span><span class=\"sharing-screen-reader-text\">Comparteix al Facebook (Opens in new window)<\/span><\/a><\/li><li class=\"share-twitter\"><a rel=\"nofollow\" data-shared=\"sharing-twitter-69\" class=\"share-twitter sd-button share-icon no-text\" href=\"http:\/\/blogs.bellvitgehospital.cat\/aulaela\/fundacio-miquel-valls\/?share=twitter\" target=\"_blank\" title=\"Feu clic per compartir al Twitter\"><span><\/span><span class=\"sharing-screen-reader-text\">Feu clic per compartir al Twitter (Opens in new window)<\/span><\/a><\/li><li class=\"share-google-plus-1\"><a rel=\"nofollow\" data-shared=\"sharing-google-69\" class=\"share-google-plus-1 sd-button share-icon no-text\" href=\"http:\/\/blogs.bellvitgehospital.cat\/aulaela\/fundacio-miquel-valls\/?share=google-plus-1\" target=\"_blank\" title=\"Feu clic per compartir a Google+\"><span><\/span><span class=\"sharing-screen-reader-text\">Feu clic per compartir a Google+ (Opens in new window)<\/span><\/a><\/li><li class=\"share-email\"><a rel=\"nofollow\" data-shared=\"\" class=\"share-email sd-button share-icon no-text\" href=\"http:\/\/blogs.bellvitgehospital.cat\/aulaela\/fundacio-miquel-valls\/?share=email\" target=\"_blank\" title=\"Feu clic per enviar un correu electr\u00f2nic a un amic\"><span><\/span><span class=\"sharing-screen-reader-text\">Feu clic per enviar un correu electr\u00f2nic a un amic (Opens in new window)<\/span><\/a><\/li><li class=\"share-print\"><a rel=\"nofollow\" data-shared=\"\" class=\"share-print sd-button share-icon no-text\" href=\"http:\/\/blogs.bellvitgehospital.cat\/aulaela\/fundacio-miquel-valls\/\" target=\"_blank\" title=\"Feu clic per imprimir\"><span><\/span><span class=\"sharing-screen-reader-text\">Feu clic per imprimir (Opens in new window)<\/span><\/a><\/li><li class=\"share-end\"><\/li><\/ul><\/div><\/div><\/div>","protected":false},"author":10,"featured_media":0,"parent":0,"menu_order":0,"comment_status":"closed","ping_status":"closed","template":"","meta":[],"_links":{"self":[{"href":"http:\/\/blogs.bellvitgehospital.cat\/aulaela\/wp-json\/wp\/v2\/pages\/69"}],"collection":[{"href":"http:\/\/blogs.bellvitgehospital.cat\/aulaela\/wp-json\/wp\/v2\/pages"}],"about":[{"href":"http:\/\/blogs.bellvitgehospital.cat\/aulaela\/wp-json\/wp\/v2\/types\/page"}],"author":[{"embeddable":true,"href":"http:\/\/blogs.bellvitgehospital.cat\/aulaela\/wp-json\/wp\/v2\/users\/10"}],"replies":[{"embeddable":true,"href":"http:\/\/blogs.bellvitgehospital.cat\/aulaela\/wp-json\/wp\/v2\/comments?post=69"}],"version-history":[{"count":7,"href":"http:\/\/blogs.bellvitgehospital.cat\/aulaela\/wp-json\/wp\/v2\/pages\/69\/revisions"}],"predecessor-version":[{"id":476,"href":"http:\/\/blogs.bellvitgehospital.cat\/aulaela\/wp-json\/wp\/v2\/pages\/69\/revisions\/476"}],"wp:attachment":[{"href":"http:\/\/blogs.bellvitgehospital.cat\/aulaela\/wp-json\/wp\/v2\/media?parent=69"}],"curies":[{"name":"wp","href":"https:\/\/api.w.org\/{rel}","templated":true}]}}