{"id":640,"date":"2015-02-12T10:14:55","date_gmt":"2015-02-12T10:14:55","guid":{"rendered":"http:\/\/blogs.bellvitgehospital.cat\/aulaela\/?page_id=640"},"modified":"2015-02-19T16:18:48","modified_gmt":"2015-02-19T16:18:48","slug":"tractaments-alternatius-en-ela","status":"publish","type":"page","link":"http:\/\/blogs.bellvitgehospital.cat\/aulaela\/tractaments-alternatius-en-ela\/","title":{"rendered":"Tractaments alternatius en l&#8217;ELA"},"content":{"rendered":"<p style=\"text-align: justify;\">L\u2019\u00fas de la medicina alternativa est\u00e0 augmentant en els pa\u00efsos industrialitzats, especialment\u00a0en pacients amb una patologia cr\u00f2nica incurable.\u00a0Davant d\u2019aquest fet, hem\u00a0dedicat una aula amb la finalitat d\u2019abordar l\u2019\u00fas i el coneixement d\u2019aquestes ter\u00e0pies alternatives.<\/p>\n<p style=\"text-align: justify;\">La Dra. <strong>M\u00f3nica Povedano<\/strong>, neur\u00f2loga de l\u2019Hospital Universitari de Bellvitge, realitza la presentaci\u00f3 de l\u2019aula sobre tractaments alternatius per l\u2019ELA. Seguidament, la infermera <strong>Sandra P\u00e9rez<\/strong>, especialista en ter\u00e0pies alternatives, inicia la sessi\u00f3. Per comen\u00e7ar, la Sandra explica de qu\u00e8 es tracten aquest tipus de ter\u00e0pies, fent un rep\u00e0s de les diferents possibilitats existents.<\/p>\n<p>\u00a0 \u00a0 \u00a0 \u00a0 \u00a0 \u00a0 \u00a0 \u00a0 \u00a0\u00a0<iframe loading=\"lazy\" src=\"https:\/\/www.youtube.com\/embed\/erdmWJjyrLA?list=PLcty3iJS-DT0LF_4HqdHjRgU9uegNdxKt\" width=\"480\" height=\"360\" frameborder=\"0\" allowfullscreen=\"allowfullscreen\"><\/iframe><\/p>\n<p style=\"text-align: justify;\">La sessi\u00f3 avan\u00e7a amb l\u2019explicaci\u00f3 de les difer\u00e8ncies entre l\u2019al\u00b7lopatia i la naturopatia. L\u2019<strong>al\u00b7lopatia<\/strong> \u00e9s curar amb all\u00f2 diferent a la capacitat pr\u00f2pia i la<strong> naturopatia<\/strong> \u00e9s la intervenci\u00f3 de les nostres capacitats. Aix\u00ed mateix, tamb\u00e9 s\u2019exposen altres branques terap\u00e8utiques destacables, com ara la dietoter\u00e0pia o la fitoter\u00e0pia.<\/p>\n<p>\u00a0 \u00a0 \u00a0 \u00a0 \u00a0 \u00a0 \u00a0 \u00a0 \u00a0\u00a0<iframe loading=\"lazy\" src=\"https:\/\/www.youtube.com\/embed\/oRRAN_3-HHM?list=PLcty3iJS-DT0LF_4HqdHjRgU9uegNdxKt\" width=\"480\" height=\"360\" frameborder=\"0\" allowfullscreen=\"allowfullscreen\"><\/iframe><\/p>\n<p style=\"text-align: justify;\">Sempre es recomana que si es tracta de medicaci\u00f3 alternativa <strong>s\u2019informi als professionals sanitaris<\/strong> que coneixen el cas del pacient a fons. Finalment, s\u2019expliquen les caracter\u00edstiques i beneficis de les ter\u00e0pies energ\u00e8tiques, com ara la gemmoter\u00e0pia, imanter\u00e0pia, reiki, biodescodificaci\u00f3 i els bols tibetans.<\/p>\n<p>\u00a0 \u00a0 \u00a0 \u00a0 \u00a0 \u00a0 \u00a0 \u00a0 \u00a0\u00a0<iframe loading=\"lazy\" width=\"480\" height=\"360\" src=\"https:\/\/www.youtube.com\/embed\/vcOiKBnY_14?list=PLcty3iJS-DT0LF_4HqdHjRgU9uegNdxKt\" frameborder=\"0\" allowfullscreen><\/iframe><\/p>\n<p style=\"text-align: justify;\">Un cop acaba l&#8217;explicaci\u00f3 dels professionals, <strong>\u00e9s el torn dels pacients<\/strong> d\u2019interactuar amb els professionals i l\u2019oportunitat d\u2019expressar els seus dubtes i comentaris. La primera intervenci\u00f3 exposa altres ter\u00e0pies que practica i els beneficis que li aporten. Els professionals reiteren que existeixen moltes ter\u00e0pies diferents i que \u00e9s important que cadascuna d\u2019elles s\u2019adapti a cada cas. Tamb\u00e9 es repassen els beneficis que poden aportar les ter\u00e0pies macrobi\u00f2tiques.<\/p>\n<p>\u00a0 \u00a0 \u00a0 \u00a0 \u00a0 \u00a0 \u00a0 \u00a0 \u00a0\u00a0<iframe loading=\"lazy\" width=\"480\" height=\"360\" src=\"https:\/\/www.youtube.com\/embed\/3mE_F1odF_s?list=PLcty3iJS-DT0LF_4HqdHjRgU9uegNdxKt\" frameborder=\"0\" allowfullscreen><\/iframe><\/p>\n<p style=\"text-align: justify;\">La Dra. Povedano recorda que les dietes que segueixen els pacients amb ELA han d\u2019estar sempre supervisades per professionals especialitzats, per evitar efectes adversos. Els pacients continuen amb les mostres d\u2019agra\u00efment cap a l\u2019equip de professionals, contents i contentes de les aules de pacients.<\/p>\n<p>\u00a0 \u00a0 \u00a0 \u00a0 \u00a0 \u00a0 \u00a0 \u00a0 \u00a0\u00a0<iframe loading=\"lazy\" width=\"480\" height=\"360\" src=\"https:\/\/www.youtube.com\/embed\/N4vcyEEnq74?list=PLcty3iJS-DT0LF_4HqdHjRgU9uegNdxKt\" frameborder=\"0\" allowfullscreen><\/iframe><\/p>\n<p style=\"text-align: justify;\">Els pacients continuen exposant els seus dubtes i resolent les seves pors i dubtes juntament amb els professionals. Una de les persones assistents demana informaci\u00f3 m\u00e9s detallada sobre en qu\u00e8 consisteix el reiki. Es finalitza la sessi\u00f3 i els assistents marxen amb tots els dubtes i q\u00fcestions resolts.<\/p>\n<p>\u00a0 \u00a0 \u00a0 \u00a0 \u00a0 \u00a0 \u00a0 \u00a0 \u00a0\u00a0<iframe loading=\"lazy\" width=\"480\" height=\"360\" src=\"https:\/\/www.youtube.com\/embed\/N5t8xU0XgjM?list=PLcty3iJS-DT0LF_4HqdHjRgU9uegNdxKt\" frameborder=\"0\" allowfullscreen><\/iframe><\/p>\n<p style=\"text-align: justify;\">\u00a0Per finalitzar, preguntem als assistents una s\u00e8rie de preguntes per saber la seva valoraci\u00f3 de\u00a0l&#8217;aula.<\/p>\n<p>\u00a0 \u00a0 \u00a0 \u00a0 \u00a0 \u00a0 \u00a0 \u00a0 \u00a0\u00a0<iframe loading=\"lazy\" width=\"480\" height=\"360\" src=\"https:\/\/www.youtube.com\/embed\/Wh1kxja3wKU?list=PLcty3iJS-DT0LF_4HqdHjRgU9uegNdxKt\" frameborder=\"0\" allowfullscreen><\/iframe><\/p>\n<div class=\"sharedaddy sd-sharing-enabled\"><div class=\"robots-nocontent sd-block sd-social sd-social-icon sd-sharing\"><h3 class=\"sd-title\">Comparteix aix\u00f2:<\/h3><div class=\"sd-content\"><ul><li class=\"share-facebook\"><a rel=\"nofollow\" data-shared=\"sharing-facebook-640\" class=\"share-facebook sd-button share-icon no-text\" href=\"http:\/\/blogs.bellvitgehospital.cat\/aulaela\/tractaments-alternatius-en-ela\/?share=facebook\" target=\"_blank\" title=\"Comparteix al Facebook\"><span><\/span><span class=\"sharing-screen-reader-text\">Comparteix al Facebook (Opens in new window)<\/span><\/a><\/li><li class=\"share-twitter\"><a rel=\"nofollow\" data-shared=\"sharing-twitter-640\" class=\"share-twitter sd-button share-icon no-text\" href=\"http:\/\/blogs.bellvitgehospital.cat\/aulaela\/tractaments-alternatius-en-ela\/?share=twitter\" target=\"_blank\" title=\"Feu clic per compartir al Twitter\"><span><\/span><span class=\"sharing-screen-reader-text\">Feu clic per compartir al Twitter (Opens in new window)<\/span><\/a><\/li><li class=\"share-google-plus-1\"><a rel=\"nofollow\" data-shared=\"sharing-google-640\" class=\"share-google-plus-1 sd-button share-icon no-text\" href=\"http:\/\/blogs.bellvitgehospital.cat\/aulaela\/tractaments-alternatius-en-ela\/?share=google-plus-1\" target=\"_blank\" title=\"Feu clic per compartir a Google+\"><span><\/span><span class=\"sharing-screen-reader-text\">Feu clic per compartir a Google+ (Opens in new window)<\/span><\/a><\/li><li class=\"share-email\"><a rel=\"nofollow\" data-shared=\"\" class=\"share-email sd-button share-icon no-text\" href=\"http:\/\/blogs.bellvitgehospital.cat\/aulaela\/tractaments-alternatius-en-ela\/?share=email\" target=\"_blank\" title=\"Feu clic per enviar un correu electr\u00f2nic a un amic\"><span><\/span><span class=\"sharing-screen-reader-text\">Feu clic per enviar un correu electr\u00f2nic a un amic (Opens in new window)<\/span><\/a><\/li><li class=\"share-print\"><a rel=\"nofollow\" data-shared=\"\" class=\"share-print sd-button share-icon no-text\" href=\"http:\/\/blogs.bellvitgehospital.cat\/aulaela\/tractaments-alternatius-en-ela\/\" target=\"_blank\" title=\"Feu clic per imprimir\"><span><\/span><span class=\"sharing-screen-reader-text\">Feu clic per imprimir (Opens in new window)<\/span><\/a><\/li><li class=\"share-end\"><\/li><\/ul><\/div><\/div><\/div>","protected":false},"excerpt":{"rendered":"<p>L\u2019\u00fas de la medicina alternativa est\u00e0 augmentant en els pa\u00efsos industrialitzats, especialment\u00a0en pacients amb una patologia cr\u00f2nica incurable.\u00a0Davant d\u2019aquest fet, hem\u00a0dedicat una aula amb la finalitat d\u2019abordar l\u2019\u00fas i el coneixement d\u2019aquestes ter\u00e0pies alternatives. La Dra. M\u00f3nica Povedano, neur\u00f2loga de &hellip; <a href=\"http:\/\/blogs.bellvitgehospital.cat\/aulaela\/tractaments-alternatius-en-ela\/\">Continua llegint <span class=\"meta-nav\">&rarr;<\/span><\/a><\/p>\n<div class=\"sharedaddy sd-sharing-enabled\"><div class=\"robots-nocontent sd-block sd-social sd-social-icon sd-sharing\"><h3 class=\"sd-title\">Comparteix aix\u00f2:<\/h3><div class=\"sd-content\"><ul><li class=\"share-facebook\"><a rel=\"nofollow\" data-shared=\"sharing-facebook-640\" class=\"share-facebook sd-button share-icon no-text\" href=\"http:\/\/blogs.bellvitgehospital.cat\/aulaela\/tractaments-alternatius-en-ela\/?share=facebook\" target=\"_blank\" title=\"Comparteix al Facebook\"><span><\/span><span class=\"sharing-screen-reader-text\">Comparteix al Facebook (Opens in new window)<\/span><\/a><\/li><li class=\"share-twitter\"><a rel=\"nofollow\" data-shared=\"sharing-twitter-640\" class=\"share-twitter sd-button share-icon no-text\" href=\"http:\/\/blogs.bellvitgehospital.cat\/aulaela\/tractaments-alternatius-en-ela\/?share=twitter\" target=\"_blank\" title=\"Feu clic per compartir al Twitter\"><span><\/span><span class=\"sharing-screen-reader-text\">Feu clic per compartir al Twitter (Opens in new window)<\/span><\/a><\/li><li class=\"share-google-plus-1\"><a rel=\"nofollow\" data-shared=\"sharing-google-640\" class=\"share-google-plus-1 sd-button share-icon no-text\" href=\"http:\/\/blogs.bellvitgehospital.cat\/aulaela\/tractaments-alternatius-en-ela\/?share=google-plus-1\" target=\"_blank\" title=\"Feu clic per compartir a Google+\"><span><\/span><span class=\"sharing-screen-reader-text\">Feu clic per compartir a Google+ (Opens in new window)<\/span><\/a><\/li><li class=\"share-email\"><a rel=\"nofollow\" data-shared=\"\" class=\"share-email sd-button share-icon no-text\" href=\"http:\/\/blogs.bellvitgehospital.cat\/aulaela\/tractaments-alternatius-en-ela\/?share=email\" target=\"_blank\" title=\"Feu clic per enviar un correu electr\u00f2nic a un amic\"><span><\/span><span class=\"sharing-screen-reader-text\">Feu clic per enviar un correu electr\u00f2nic a un amic (Opens in new window)<\/span><\/a><\/li><li class=\"share-print\"><a rel=\"nofollow\" data-shared=\"\" class=\"share-print sd-button share-icon no-text\" href=\"http:\/\/blogs.bellvitgehospital.cat\/aulaela\/tractaments-alternatius-en-ela\/\" target=\"_blank\" title=\"Feu clic per imprimir\"><span><\/span><span class=\"sharing-screen-reader-text\">Feu clic per imprimir (Opens in new window)<\/span><\/a><\/li><li class=\"share-end\"><\/li><\/ul><\/div><\/div><\/div>","protected":false},"author":10,"featured_media":0,"parent":0,"menu_order":0,"comment_status":"open","ping_status":"open","template":"","meta":[],"_links":{"self":[{"href":"http:\/\/blogs.bellvitgehospital.cat\/aulaela\/wp-json\/wp\/v2\/pages\/640"}],"collection":[{"href":"http:\/\/blogs.bellvitgehospital.cat\/aulaela\/wp-json\/wp\/v2\/pages"}],"about":[{"href":"http:\/\/blogs.bellvitgehospital.cat\/aulaela\/wp-json\/wp\/v2\/types\/page"}],"author":[{"embeddable":true,"href":"http:\/\/blogs.bellvitgehospital.cat\/aulaela\/wp-json\/wp\/v2\/users\/10"}],"replies":[{"embeddable":true,"href":"http:\/\/blogs.bellvitgehospital.cat\/aulaela\/wp-json\/wp\/v2\/comments?post=640"}],"version-history":[{"count":7,"href":"http:\/\/blogs.bellvitgehospital.cat\/aulaela\/wp-json\/wp\/v2\/pages\/640\/revisions"}],"predecessor-version":[{"id":661,"href":"http:\/\/blogs.bellvitgehospital.cat\/aulaela\/wp-json\/wp\/v2\/pages\/640\/revisions\/661"}],"wp:attachment":[{"href":"http:\/\/blogs.bellvitgehospital.cat\/aulaela\/wp-json\/wp\/v2\/media?parent=640"}],"curies":[{"name":"wp","href":"https:\/\/api.w.org\/{rel}","templated":true}]}}