{"id":503,"date":"2014-09-18T11:51:01","date_gmt":"2014-09-18T11:51:01","guid":{"rendered":"http:\/\/blogs.bellvitgehospital.cat\/aulaela\/?page_id=503"},"modified":"2019-05-10T12:11:57","modified_gmt":"2019-05-10T11:11:57","slug":"aviso-legal","status":"publish","type":"page","link":"http:\/\/blogs.bellvitgehospital.cat\/aulaela\/aviso-legal\/","title":{"rendered":"Aviso legal"},"content":{"rendered":"<hr \/>\n<p><strong>Informaci\u00f3n general<\/strong><\/p>\n<p>En cumplimiento de la Ley 34\/2002, del 11 de julio, de Servicios de la Sociedad de la informaci\u00f3n y comercio electr\u00f3nico, y otra legislaci\u00f3n complementaria, se informa que el titular de este blog es el Institut Catal\u00e0 de la Salud \u2013en adelante ICS-, con domicilio social en la Gran V\u00eda de las Corts Catalanas, 587, 08007 Barcelona, con el CIF n\u00fam. Q-5855029-D.<\/p>\n<p>El ICS permite la reutilizaci\u00f3n de los contenidos y de los datos de este blog para todo el mundo y sin ning\u00fan tipo de limitaci\u00f3n temporal ni restricci\u00f3n m\u00e1s all\u00e1 de las condiciones b\u00e1sicas establecidas en el art\u00edculo 8 de la Ley 37\/2007 (citaci\u00f3n de la Fuente, no alteraci\u00f3n ni desnaturalizaci\u00f3n de la informaci\u00f3n y especificaci\u00f3n de la fecha de la \u00faltima actualizaci\u00f3n), y siempre que no se contradiga con la licencia o aviso que pueda tener una obra y que es la que prevalece.<\/p>\n<p><strong>Modalidades de reutilizaci\u00f3n de la informaci\u00f3n del blog<\/strong><\/p>\n<p>La Ley 37\/2007, del 16 de noviembre, sobre reutilizaci\u00f3n de la informaci\u00f3n del sector p\u00fablico, que transporta la Directiva 2003\/98\/CE del Parlamento Europeo y del Consejo, regula la reutilizaci\u00f3n de la informaci\u00f3n p\u00fablica de que disponen las administraciones y organismos en que participan mayoritariamente, es decir, el derecho de todos los agentes potenciales del mercado a la reutilizaci\u00f3n de la informaci\u00f3n de las instancias p\u00fablicas. De acuerdo con esta normativa, el ICS, como empresa p\u00fablica de la Generalitat de Catalu\u00f1a, permite la reproducci\u00f3n, la distribuci\u00f3n y la comunicaci\u00f3n p\u00fablica de la obra y, adem\u00e1s, la transformaci\u00f3n de la obra para hacer obras derivadas, para todo el mundo y sin ninguna limitaci\u00f3n temporal, y siempre que no se contradiga con la licencia o aviso que puede tener una obra y que es la que prevalece. Para reutilizar la informaci\u00f3n, hay que seguir las condiciones siguientes:<\/p>\n<ul>\n<li>No desnaturalizar el sentido de la informaci\u00f3n.<\/li>\n<li>Citar siempre la fuente de la informaci\u00f3n.<\/li>\n<li>Mencionar la fecha de la \u00faltima actualizaci\u00f3n de la informaci\u00f3n.<\/li>\n<li>Hay que citar siempre el autor o el titular de los derechos: Institut Catal\u00e0 de la Salud.<\/li>\n<\/ul>\n<p><strong>Otras modalidades de reutilizaci\u00f3n<\/strong><\/p>\n<p>Asimismo, la reutilizaci\u00f3n se puede limitar por la tutela otros bienes jur\u00eddicos prioritarios, como por ejemplo la protecci\u00f3n de los datos personales, la intimidad o los derechos de protecci\u00f3n intelectual de terceros. La reutilizaci\u00f3n de obras protegidas por la propiedad intelectual se puede formalizar mediante el uso de licencias de difusi\u00f3n abierta, como las de Creative Commons, que ceden determinados derechos de explotaci\u00f3n de las obras. En los contenidos donde se aplique este tipo de licencias, se permite la reutilizaci\u00f3n en las condiciones que se establezcan.<\/p>\n<p>No se permite en ning\u00fan caso el uso de logotipos, marcas, escudos y s\u00edmbolos distintivos del Instituto Catal\u00e0 de la Salud ni de sus centros y servicios en publicaciones, webs, blogs ni avatares que no sean participados o autorizados por esta instituci\u00f3n. Estos elementos de identidad gr\u00e1fica corporativa son propiedad exclusiva del ICS y est\u00e1n protegidos por la legislaci\u00f3n vigente aplicable.<\/p>\n<p>El ICS perseguir\u00e1 el incumplimiento de estas condiciones, as\u00ed como cualquier otra utilizaci\u00f3n indebida de su portal, y ejercer\u00e1 todas las acciones civiles y penales que pueden corresponder.<\/p>\n<p><strong>Exclusi\u00f3n de responsabilidad<\/strong><\/p>\n<p>El ICS no se hace responsable, en ning\u00fan caso, de los da\u00f1os y perjuicios que de cualquier naturaleza se puedan derivar; a t\u00edtulo enunciativo, errores u omisiones en los contenidos, falta de disponibilidad del portal o de la trasmisi\u00f3n de virus o programas lesivos en los contenidos, a pesar de haber adoptado las medidas tecnol\u00f3gicas para evitarlo.<\/p>\n<p><strong>Legislaci\u00f3n aplicable<\/strong><\/p>\n<p>La relaci\u00f3n entre el ICS y el usuario se regir\u00e1 por la normativa espa\u00f1ola vigente y cualquier controversia ser\u00e1 sometida a los juzgados y tribunales de la Ciudad de Barcelona.<\/p>\n<p><strong>Condiciones de participaci\u00f3n en el Blog<\/strong><\/p>\n<p>Para facilitar un entorno constructivo y participativo os pedimos que los comentarios y las informaciones aportadas sigan estos principios:<\/p>\n<ul>\n<li>Que sean pertinentes.<\/li>\n<li>Que mantengan el respeto y el buen clima y no ofendan ni atenten contra la dignidad de otras personas.<\/li>\n<li>Que no contengan datos de car\u00e1cter personal ni informaci\u00f3n publicitaria. Nos reservamos el derecho a eliminar cualquier contenido que no cumpla estas pautas. Si hay opiniones repetidas a diferentes entradas, se dejar\u00e1 la \u00faltima y el resto se eliminar\u00e1n.<\/li>\n<\/ul>\n<div class=\"sharedaddy sd-sharing-enabled\"><div class=\"robots-nocontent sd-block sd-social sd-social-icon sd-sharing\"><h3 class=\"sd-title\">Comparteix aix\u00f2:<\/h3><div class=\"sd-content\"><ul><li class=\"share-facebook\"><a rel=\"nofollow\" data-shared=\"sharing-facebook-503\" class=\"share-facebook sd-button share-icon no-text\" href=\"http:\/\/blogs.bellvitgehospital.cat\/aulaela\/aviso-legal\/?share=facebook\" target=\"_blank\" title=\"Comparteix al Facebook\"><span><\/span><span class=\"sharing-screen-reader-text\">Comparteix al Facebook (Opens in new window)<\/span><\/a><\/li><li class=\"share-twitter\"><a rel=\"nofollow\" data-shared=\"sharing-twitter-503\" class=\"share-twitter sd-button share-icon no-text\" href=\"http:\/\/blogs.bellvitgehospital.cat\/aulaela\/aviso-legal\/?share=twitter\" target=\"_blank\" title=\"Feu clic per compartir al Twitter\"><span><\/span><span class=\"sharing-screen-reader-text\">Feu clic per compartir al Twitter (Opens in new window)<\/span><\/a><\/li><li class=\"share-google-plus-1\"><a rel=\"nofollow\" data-shared=\"sharing-google-503\" class=\"share-google-plus-1 sd-button share-icon no-text\" href=\"http:\/\/blogs.bellvitgehospital.cat\/aulaela\/aviso-legal\/?share=google-plus-1\" target=\"_blank\" title=\"Feu clic per compartir a Google+\"><span><\/span><span class=\"sharing-screen-reader-text\">Feu clic per compartir a Google+ (Opens in new window)<\/span><\/a><\/li><li class=\"share-email\"><a rel=\"nofollow\" data-shared=\"\" class=\"share-email sd-button share-icon no-text\" href=\"http:\/\/blogs.bellvitgehospital.cat\/aulaela\/aviso-legal\/?share=email\" target=\"_blank\" title=\"Feu clic per enviar un correu electr\u00f2nic a un amic\"><span><\/span><span class=\"sharing-screen-reader-text\">Feu clic per enviar un correu electr\u00f2nic a un amic (Opens in new window)<\/span><\/a><\/li><li class=\"share-print\"><a rel=\"nofollow\" data-shared=\"\" class=\"share-print sd-button share-icon no-text\" href=\"http:\/\/blogs.bellvitgehospital.cat\/aulaela\/aviso-legal\/\" target=\"_blank\" title=\"Feu clic per imprimir\"><span><\/span><span class=\"sharing-screen-reader-text\">Feu clic per imprimir (Opens in new window)<\/span><\/a><\/li><li class=\"share-end\"><\/li><\/ul><\/div><\/div><\/div>","protected":false},"excerpt":{"rendered":"<p>Informaci\u00f3n general En cumplimiento de la Ley 34\/2002, del 11 de julio, de Servicios de la Sociedad de la informaci\u00f3n y comercio electr\u00f3nico, y otra legislaci\u00f3n complementaria, se informa que el titular de este blog es el Institut Catal\u00e0 de &hellip; <a href=\"http:\/\/blogs.bellvitgehospital.cat\/aulaela\/aviso-legal\/\">Continua llegint <span class=\"meta-nav\">&rarr;<\/span><\/a><\/p>\n<div class=\"sharedaddy sd-sharing-enabled\"><div class=\"robots-nocontent sd-block sd-social sd-social-icon sd-sharing\"><h3 class=\"sd-title\">Comparteix aix\u00f2:<\/h3><div class=\"sd-content\"><ul><li class=\"share-facebook\"><a rel=\"nofollow\" data-shared=\"sharing-facebook-503\" class=\"share-facebook sd-button share-icon no-text\" href=\"http:\/\/blogs.bellvitgehospital.cat\/aulaela\/aviso-legal\/?share=facebook\" target=\"_blank\" title=\"Comparteix al Facebook\"><span><\/span><span class=\"sharing-screen-reader-text\">Comparteix al Facebook (Opens in new window)<\/span><\/a><\/li><li class=\"share-twitter\"><a rel=\"nofollow\" data-shared=\"sharing-twitter-503\" class=\"share-twitter sd-button share-icon no-text\" href=\"http:\/\/blogs.bellvitgehospital.cat\/aulaela\/aviso-legal\/?share=twitter\" target=\"_blank\" title=\"Feu clic per compartir al Twitter\"><span><\/span><span class=\"sharing-screen-reader-text\">Feu clic per compartir al Twitter (Opens in new window)<\/span><\/a><\/li><li class=\"share-google-plus-1\"><a rel=\"nofollow\" data-shared=\"sharing-google-503\" class=\"share-google-plus-1 sd-button share-icon no-text\" href=\"http:\/\/blogs.bellvitgehospital.cat\/aulaela\/aviso-legal\/?share=google-plus-1\" target=\"_blank\" title=\"Feu clic per compartir a Google+\"><span><\/span><span class=\"sharing-screen-reader-text\">Feu clic per compartir a Google+ (Opens in new window)<\/span><\/a><\/li><li class=\"share-email\"><a rel=\"nofollow\" data-shared=\"\" class=\"share-email sd-button share-icon no-text\" href=\"http:\/\/blogs.bellvitgehospital.cat\/aulaela\/aviso-legal\/?share=email\" target=\"_blank\" title=\"Feu clic per enviar un correu electr\u00f2nic a un amic\"><span><\/span><span class=\"sharing-screen-reader-text\">Feu clic per enviar un correu electr\u00f2nic a un amic (Opens in new window)<\/span><\/a><\/li><li class=\"share-print\"><a rel=\"nofollow\" data-shared=\"\" class=\"share-print sd-button share-icon no-text\" href=\"http:\/\/blogs.bellvitgehospital.cat\/aulaela\/aviso-legal\/\" target=\"_blank\" title=\"Feu clic per imprimir\"><span><\/span><span class=\"sharing-screen-reader-text\">Feu clic per imprimir (Opens in new window)<\/span><\/a><\/li><li class=\"share-end\"><\/li><\/ul><\/div><\/div><\/div>","protected":false},"author":10,"featured_media":0,"parent":0,"menu_order":0,"comment_status":"open","ping_status":"closed","template":"","meta":[],"_links":{"self":[{"href":"http:\/\/blogs.bellvitgehospital.cat\/aulaela\/wp-json\/wp\/v2\/pages\/503"}],"collection":[{"href":"http:\/\/blogs.bellvitgehospital.cat\/aulaela\/wp-json\/wp\/v2\/pages"}],"about":[{"href":"http:\/\/blogs.bellvitgehospital.cat\/aulaela\/wp-json\/wp\/v2\/types\/page"}],"author":[{"embeddable":true,"href":"http:\/\/blogs.bellvitgehospital.cat\/aulaela\/wp-json\/wp\/v2\/users\/10"}],"replies":[{"embeddable":true,"href":"http:\/\/blogs.bellvitgehospital.cat\/aulaela\/wp-json\/wp\/v2\/comments?post=503"}],"version-history":[{"count":5,"href":"http:\/\/blogs.bellvitgehospital.cat\/aulaela\/wp-json\/wp\/v2\/pages\/503\/revisions"}],"predecessor-version":[{"id":2019,"href":"http:\/\/blogs.bellvitgehospital.cat\/aulaela\/wp-json\/wp\/v2\/pages\/503\/revisions\/2019"}],"wp:attachment":[{"href":"http:\/\/blogs.bellvitgehospital.cat\/aulaela\/wp-json\/wp\/v2\/media?parent=503"}],"curies":[{"name":"wp","href":"https:\/\/api.w.org\/{rel}","templated":true}]}}