{"id":497,"date":"2014-09-18T11:50:45","date_gmt":"2014-09-18T11:50:45","guid":{"rendered":"http:\/\/blogs.bellvitgehospital.cat\/aulaela\/?page_id=497"},"modified":"2014-09-19T08:07:16","modified_gmt":"2014-09-19T08:07:16","slug":"ela-habla-deglucion","status":"publish","type":"page","link":"http:\/\/blogs.bellvitgehospital.cat\/aulaela\/ela-habla-deglucion\/","title":{"rendered":"ELA: habla y degluci\u00f3n"},"content":{"rendered":"<hr \/>\n<p style=\"text-align: justify;\">En ELA, el abordaje multidisciplinar es fundamental en la mejora de la calidad de vida de los pacientes. Uno de los temas destacables dentro de esta enfermedad es el habla y la degluci\u00f3n, ya que en la mayor\u00eda de casos estas funciones se ven afectadas.<\/p>\n<p style=\"text-align: justify;\">Los asistentes valoran positivamente esta sesi\u00f3n y el proyecto en general:<\/p>\n<p style=\"text-align: left;\">\u00a0 \u00a0 \u00a0 \u00a0 \u00a0 \u00a0 \u00a0 \u00a0 \u00a0 \u00a0<iframe loading=\"lazy\" src=\"\/\/www.youtube.com\/embed\/g_5vOwFjg94\" width=\"480\" height=\"360\" frameborder=\"0\" allowfullscreen=\"allowfullscreen\"><\/iframe><\/p>\n<hr \/>\n<p><strong>Sesi\u00f3n<\/strong><\/p>\n<p style=\"text-align: justify;\">El abordaje multidisciplinario de la ELA es la clave en la mejora de la calidad de vida de estos pacientes. En este sentido, <strong>el rol del logopeda es muy importante<\/strong> ya que ayuda a establecer t\u00e9cnicas que faciliten el habla y la degluci\u00f3n de las personas que sufren ELA.<\/p>\n<p>\u00a0 \u00a0 \u00a0 \u00a0 \u00a0 \u00a0 \u00a0 \u00a0 \u00a0 \u00a0<iframe loading=\"lazy\" src=\"\/\/www.youtube.com\/embed\/tGj0dKy9ZwA\" width=\"480\" height=\"360\" frameborder=\"0\" allowfullscreen=\"allowfullscreen\"><\/iframe><\/p>\n<p style=\"text-align: justify;\">La disfagia es la dificultad para desplazar el alimento de la boca al est\u00f3mago. Los profesionales explican cu\u00e1les son los <strong>signos clave para detectar la disfagia<\/strong>, como el cierre labial inadecuado o d\u00e9bil. As\u00ed mismo, se repasan los consejos de alimentaci\u00f3n para ayudar a los pacientes.<\/p>\n<p>\u00a0 \u00a0 \u00a0 \u00a0 \u00a0 \u00a0 \u00a0 \u00a0 \u00a0\u00a0<iframe loading=\"lazy\" src=\"\/\/www.youtube.com\/embed\/hH-fZyo5f_U\" width=\"480\" height=\"360\" frameborder=\"0\" allowfullscreen=\"allowfullscreen\"><\/iframe><\/p>\n<p style=\"text-align: justify;\">El trabajo del logopeda es muy importante en los pacientes con ELA. \u00c9stos les ense\u00f1an t\u00e9cnicas para mejorar tanto el habla como el proceso de degluci\u00f3n. Se trabajan <strong>t\u00e9cnicas de posici\u00f3n o respiraci\u00f3n<\/strong>. Tambi\u00e9n realizan conjuntamente ejercicios de articulaci\u00f3n, vocalizaci\u00f3n y coordinaci\u00f3n respiratoria.<\/p>\n<p>\u00a0 \u00a0 \u00a0 \u00a0 \u00a0 \u00a0 \u00a0 \u00a0 \u00a0\u00a0<iframe loading=\"lazy\" src=\"\/\/www.youtube.com\/embed\/ZUzsn7omzJc\" width=\"480\" height=\"360\" frameborder=\"0\" allowfullscreen=\"allowfullscreen\"><\/iframe><\/p>\n<p style=\"text-align: justify;\">Para los pacientes que les cuesta mucho razonar o que no pueden escribir, los logopedas les personalizan unos plafones de comunicaci\u00f3n. Estos plafones intentan cubrir necesidades puntuales y son adaptados espec\u00edficamente a cada paciente.<\/p>\n<p>\u00a0 \u00a0 \u00a0 \u00a0 \u00a0 \u00a0 \u00a0 \u00a0 \u00a0\u00a0<iframe loading=\"lazy\" src=\"\/\/www.youtube.com\/embed\/w_NG38A8_94\" width=\"480\" height=\"360\" frameborder=\"0\" allowfullscreen=\"allowfullscreen\"><\/iframe><\/p>\n<p style=\"text-align: justify;\"><strong>Turno de preguntas<\/strong><\/p>\n<p style=\"text-align: justify;\">Despu\u00e9s de la exposici\u00f3n de los profesionales logopedas, es el turno de pacientes y familiares de compartir sus dudas. Los asistentes se interesan en conocer el valor de mantener las funciones con <strong>ejercicios des de casa<\/strong> y si eso sirve para preservarlas. Tambi\u00e9n se destacan <strong>consejos diet\u00e9ticos<\/strong> para aumentar los componentes energ\u00e9ticos que contrarresten la p\u00e9rdida de peso.<\/p>\n<p>\u00a0 \u00a0 \u00a0 \u00a0 \u00a0 \u00a0 \u00a0 \u00a0 \u00a0\u00a0<iframe loading=\"lazy\" src=\"\/\/www.youtube.com\/embed\/Xjm1Yo3HPWI\" width=\"480\" height=\"360\" frameborder=\"0\" allowfullscreen=\"allowfullscreen\"><\/iframe><\/p>\n<p style=\"text-align: justify;\">Las preguntas de los pacientes contin\u00faan. Se repasan los criterios que determinan cu\u00e1l es el mejor momento para <strong>introducir espesores en la dieta<\/strong>. As\u00ed mismo, se profundiza m\u00e1s en las <strong>causas y consecuencias de la broncoaspiraci\u00f3n<\/strong>, tema previamente tratado durante la ponencia de los profesionales.<\/p>\n<p>\u00a0 \u00a0 \u00a0 \u00a0 \u00a0 \u00a0 \u00a0 \u00a0 \u00a0\u00a0<iframe loading=\"lazy\" src=\"\/\/www.youtube.com\/embed\/CGMf7-lGnL4\" width=\"480\" height=\"360\" frameborder=\"0\" allowfullscreen=\"allowfullscreen\"><\/iframe><\/p>\n<p style=\"text-align: justify;\">La neur\u00f3loga del Hospital Universitario de Bellvitge, la Dra. Povedano, explica cuales son las <strong>soluciones existentes a las broncoaspiraciones<\/strong> producidas por la propia saliva del paciente. Otra de las recomendaciones que se explica es que ingerir l\u00edquidos a trav\u00e9s de pajitas es contraproducente en pacientes que tienen poco control motriz. Tambi\u00e9n se habla sobre la <strong>cantidad necesaria de l\u00edquido diaria necesaria<\/strong>, que varia dependiendo de la \u00e9poca del a\u00f1o. \u00c9sta deber\u00eda de ser tres cuartas partes o un litro al d\u00eda, y aumentarla en temporadas m\u00e1s calurosas.<\/p>\n<p>\u00a0 \u00a0 \u00a0 \u00a0 \u00a0 \u00a0 \u00a0 \u00a0 \u00a0\u00a0<iframe loading=\"lazy\" src=\"\/\/www.youtube.com\/embed\/Zk2JzhJm6ig\" width=\"480\" height=\"360\" frameborder=\"0\" allowfullscreen=\"allowfullscreen\"><\/iframe><\/p>\n<p style=\"text-align: justify;\">La <strong>ventilaci\u00f3n mec\u00e1nica<\/strong> influye de forma positiva en los pacientes con ELA ya que reseca la boca y disminuye la secreci\u00f3n de saliva. Tambi\u00e9n existen aparatos aspiradores de secreciones, aunque s\u00f3lo se recomiendan en casos concretos.<\/p>\n<p>\u00a0 \u00a0 \u00a0 \u00a0 \u00a0 \u00a0 \u00a0 \u00a0 \u00a0\u00a0<iframe loading=\"lazy\" src=\"\/\/www.youtube.com\/embed\/gygjyekhkGI\" width=\"480\" height=\"360\" frameborder=\"0\" allowfullscreen=\"allowfullscreen\"><\/iframe><\/p>\n<p style=\"text-align: justify;\">Ingerir los f\u00e1rmacos a veces puede resultar complicado. Con la ayuda de los consejos de los nutricionistas, conjuntamente con los profesionales que prescriben las pastillas, siempre se encuentran alternativas adaptadas a cada paciente con tal de tomar la medicaci\u00f3n no perjudique la degluci\u00f3n.<\/p>\n<p>\u00a0 \u00a0 \u00a0 \u00a0 \u00a0 \u00a0 \u00a0 \u00a0 \u00a0\u00a0<iframe loading=\"lazy\" src=\"\/\/www.youtube.com\/embed\/o008MRmNqdY\" width=\"480\" height=\"360\" frameborder=\"0\" allowfullscreen=\"allowfullscreen\"><\/iframe><\/p>\n<p>&nbsp;<\/p>\n<div class=\"sharedaddy sd-sharing-enabled\"><div class=\"robots-nocontent sd-block sd-social sd-social-icon sd-sharing\"><h3 class=\"sd-title\">Comparteix aix\u00f2:<\/h3><div class=\"sd-content\"><ul><li class=\"share-facebook\"><a rel=\"nofollow\" data-shared=\"sharing-facebook-497\" class=\"share-facebook sd-button share-icon no-text\" href=\"http:\/\/blogs.bellvitgehospital.cat\/aulaela\/ela-habla-deglucion\/?share=facebook\" target=\"_blank\" title=\"Comparteix al Facebook\"><span><\/span><span class=\"sharing-screen-reader-text\">Comparteix al Facebook (Opens in new window)<\/span><\/a><\/li><li class=\"share-twitter\"><a rel=\"nofollow\" data-shared=\"sharing-twitter-497\" class=\"share-twitter sd-button share-icon no-text\" href=\"http:\/\/blogs.bellvitgehospital.cat\/aulaela\/ela-habla-deglucion\/?share=twitter\" target=\"_blank\" title=\"Feu clic per compartir al Twitter\"><span><\/span><span class=\"sharing-screen-reader-text\">Feu clic per compartir al Twitter (Opens in new window)<\/span><\/a><\/li><li class=\"share-google-plus-1\"><a rel=\"nofollow\" data-shared=\"sharing-google-497\" class=\"share-google-plus-1 sd-button share-icon no-text\" href=\"http:\/\/blogs.bellvitgehospital.cat\/aulaela\/ela-habla-deglucion\/?share=google-plus-1\" target=\"_blank\" title=\"Feu clic per compartir a Google+\"><span><\/span><span class=\"sharing-screen-reader-text\">Feu clic per compartir a Google+ (Opens in new window)<\/span><\/a><\/li><li class=\"share-email\"><a rel=\"nofollow\" data-shared=\"\" class=\"share-email sd-button share-icon no-text\" href=\"http:\/\/blogs.bellvitgehospital.cat\/aulaela\/ela-habla-deglucion\/?share=email\" target=\"_blank\" title=\"Feu clic per enviar un correu electr\u00f2nic a un amic\"><span><\/span><span class=\"sharing-screen-reader-text\">Feu clic per enviar un correu electr\u00f2nic a un amic (Opens in new window)<\/span><\/a><\/li><li class=\"share-print\"><a rel=\"nofollow\" data-shared=\"\" class=\"share-print sd-button share-icon no-text\" href=\"http:\/\/blogs.bellvitgehospital.cat\/aulaela\/ela-habla-deglucion\/\" target=\"_blank\" title=\"Feu clic per imprimir\"><span><\/span><span class=\"sharing-screen-reader-text\">Feu clic per imprimir (Opens in new window)<\/span><\/a><\/li><li class=\"share-end\"><\/li><\/ul><\/div><\/div><\/div>","protected":false},"excerpt":{"rendered":"<p>En ELA, el abordaje multidisciplinar es fundamental en la mejora de la calidad de vida de los pacientes. Uno de los temas destacables dentro de esta enfermedad es el habla y la degluci\u00f3n, ya que en la mayor\u00eda de casos &hellip; <a href=\"http:\/\/blogs.bellvitgehospital.cat\/aulaela\/ela-habla-deglucion\/\">Continua llegint <span class=\"meta-nav\">&rarr;<\/span><\/a><\/p>\n<div class=\"sharedaddy sd-sharing-enabled\"><div class=\"robots-nocontent sd-block sd-social sd-social-icon sd-sharing\"><h3 class=\"sd-title\">Comparteix aix\u00f2:<\/h3><div class=\"sd-content\"><ul><li class=\"share-facebook\"><a rel=\"nofollow\" data-shared=\"sharing-facebook-497\" class=\"share-facebook sd-button share-icon no-text\" href=\"http:\/\/blogs.bellvitgehospital.cat\/aulaela\/ela-habla-deglucion\/?share=facebook\" target=\"_blank\" title=\"Comparteix al Facebook\"><span><\/span><span class=\"sharing-screen-reader-text\">Comparteix al Facebook (Opens in new window)<\/span><\/a><\/li><li class=\"share-twitter\"><a rel=\"nofollow\" data-shared=\"sharing-twitter-497\" class=\"share-twitter sd-button share-icon no-text\" href=\"http:\/\/blogs.bellvitgehospital.cat\/aulaela\/ela-habla-deglucion\/?share=twitter\" target=\"_blank\" title=\"Feu clic per compartir al Twitter\"><span><\/span><span class=\"sharing-screen-reader-text\">Feu clic per compartir al Twitter (Opens in new window)<\/span><\/a><\/li><li class=\"share-google-plus-1\"><a rel=\"nofollow\" data-shared=\"sharing-google-497\" class=\"share-google-plus-1 sd-button share-icon no-text\" href=\"http:\/\/blogs.bellvitgehospital.cat\/aulaela\/ela-habla-deglucion\/?share=google-plus-1\" target=\"_blank\" title=\"Feu clic per compartir a Google+\"><span><\/span><span class=\"sharing-screen-reader-text\">Feu clic per compartir a Google+ (Opens in new window)<\/span><\/a><\/li><li class=\"share-email\"><a rel=\"nofollow\" data-shared=\"\" class=\"share-email sd-button share-icon no-text\" href=\"http:\/\/blogs.bellvitgehospital.cat\/aulaela\/ela-habla-deglucion\/?share=email\" target=\"_blank\" title=\"Feu clic per enviar un correu electr\u00f2nic a un amic\"><span><\/span><span class=\"sharing-screen-reader-text\">Feu clic per enviar un correu electr\u00f2nic a un amic (Opens in new window)<\/span><\/a><\/li><li class=\"share-print\"><a rel=\"nofollow\" data-shared=\"\" class=\"share-print sd-button share-icon no-text\" href=\"http:\/\/blogs.bellvitgehospital.cat\/aulaela\/ela-habla-deglucion\/\" target=\"_blank\" title=\"Feu clic per imprimir\"><span><\/span><span class=\"sharing-screen-reader-text\">Feu clic per imprimir (Opens in new window)<\/span><\/a><\/li><li class=\"share-end\"><\/li><\/ul><\/div><\/div><\/div>","protected":false},"author":10,"featured_media":0,"parent":0,"menu_order":0,"comment_status":"open","ping_status":"closed","template":"","meta":[],"_links":{"self":[{"href":"http:\/\/blogs.bellvitgehospital.cat\/aulaela\/wp-json\/wp\/v2\/pages\/497"}],"collection":[{"href":"http:\/\/blogs.bellvitgehospital.cat\/aulaela\/wp-json\/wp\/v2\/pages"}],"about":[{"href":"http:\/\/blogs.bellvitgehospital.cat\/aulaela\/wp-json\/wp\/v2\/types\/page"}],"author":[{"embeddable":true,"href":"http:\/\/blogs.bellvitgehospital.cat\/aulaela\/wp-json\/wp\/v2\/users\/10"}],"replies":[{"embeddable":true,"href":"http:\/\/blogs.bellvitgehospital.cat\/aulaela\/wp-json\/wp\/v2\/comments?post=497"}],"version-history":[{"count":2,"href":"http:\/\/blogs.bellvitgehospital.cat\/aulaela\/wp-json\/wp\/v2\/pages\/497\/revisions"}],"predecessor-version":[{"id":502,"href":"http:\/\/blogs.bellvitgehospital.cat\/aulaela\/wp-json\/wp\/v2\/pages\/497\/revisions\/502"}],"wp:attachment":[{"href":"http:\/\/blogs.bellvitgehospital.cat\/aulaela\/wp-json\/wp\/v2\/media?parent=497"}],"curies":[{"name":"wp","href":"https:\/\/api.w.org\/{rel}","templated":true}]}}