{"id":492,"date":"2014-09-18T11:12:11","date_gmt":"2014-09-18T11:12:11","guid":{"rendered":"http:\/\/blogs.bellvitgehospital.cat\/aulaela\/?page_id=492"},"modified":"2014-09-18T15:07:50","modified_gmt":"2014-09-18T15:07:50","slug":"ela-complicaciones-respiratorias","status":"publish","type":"page","link":"http:\/\/blogs.bellvitgehospital.cat\/aulaela\/ela-complicaciones-respiratorias\/","title":{"rendered":"ELA: complicaciones respiratorias"},"content":{"rendered":"<hr \/>\n<p style=\"text-align: justify;\">Esta primera sesi\u00f3n se dedic\u00f3 a tratar las complicaciones respiratorias que sufren los pacientes de ELA, uno de los problemas que m\u00e1s preocupa a la comunidad de pacientes y cuidadores de esta enfermedad.<\/p>\n<p style=\"text-align: justify;\">Para saber c\u00f3mo fue la sesi\u00f3n, en este v\u00eddeo pod\u00e9is consultar las opiniones y valoraciones de los asistentes:<\/p>\n<p>\u00a0 \u00a0 \u00a0 \u00a0 \u00a0 \u00a0 \u00a0 \u00a0 \u00a0\u00a0<iframe loading=\"lazy\" src=\"\/\/www.youtube.com\/embed\/orhOSu_ewAM\" width=\"480\" height=\"360\" frameborder=\"0\" allowfullscreen=\"allowfullscreen\"><\/iframe><\/p>\n<hr \/>\n<p style=\"text-align: justify;\"><strong>Presentaci\u00f3n<\/strong><\/p>\n<p style=\"text-align: justify;\">La Dra. Povedano, coordinadora de la Unidad Funcional de ELA del Hospital Universitario de Bellvitge, nos explica el funcionamiento de esta iniciativa y presenta los contenidos que se trataran en las diferentes sesiones previstas. En esta primera, se habla sobre las <strong>complicaciones respiratorias<\/strong> de los pacientes con ELA. As\u00ed mismo, da paso a los profesionales que conducir\u00e1n la sesi\u00f3n. La primera es la neum\u00f3loga Eva Farrero, que nos explica el manejo de las <strong>complicaciones respiratorias en las enfermedades que afectan al sistema neuromuscular.<\/strong><\/p>\n<p>\u00a0 \u00a0 \u00a0 \u00a0 \u00a0 \u00a0 \u00a0 \u00a0 \u00a0\u00a0<iframe loading=\"lazy\" src=\"\/\/www.youtube.com\/embed\/VnD3Y1oHsQ4\" width=\"480\" height=\"360\" frameborder=\"0\" allowfullscreen=\"allowfullscreen\"><\/iframe><\/p>\n<p style=\"text-align: justify;\"><strong>Pruebas diagn\u00f3sticas y tratamientos<\/strong><\/p>\n<p style=\"text-align: justify;\">La Dra. N\u00faria Gonz\u00e1lez inica la explicaci\u00f3n hablando del <strong>funcionamiento del sistema respiratorio<\/strong> y de las diferentes <strong>fases de la tos<\/strong>. Tambi\u00e9n destaca la importancia de conocer la debilidad de los m\u00fasculos respiratorios a trav\u00e9s de las diferentes pruebas, como la espirometr\u00eda, la pulsioxometr\u00eda nocturna, la prueba de la eficacia de la tos o la gasometr\u00eda arterial.<\/p>\n<p>\u00a0 \u00a0 \u00a0 \u00a0 \u00a0 \u00a0 \u00a0 \u00a0 \u00a0\u00a0<iframe loading=\"lazy\" src=\"\/\/www.youtube.com\/embed\/vUVbklasdzY\" width=\"480\" height=\"360\" frameborder=\"0\" allowfullscreen=\"allowfullscreen\"><\/iframe><\/p>\n<p style=\"text-align: justify;\">Una vez realizadas las pruebas anteriores con los resultados obtenidos se puede definir el tratamiento m\u00e1s adecuado en cada paciente. La doctora nos explica en qu\u00e9 consisten los diferentes tratamientos existentes. Uno de los m\u00e1s comunes es la <strong>ventilaci\u00f3n mec\u00e1nica no invasiva<\/strong>, que consiste en la insuflaci\u00f3n de aire para suplir la actividad de los pulmones debilitados. Tambi\u00e9n repasa las ventajas y desventajas de los diferentes tipos de m\u00e1scaras.<\/p>\n<p>\u00a0 \u00a0 \u00a0 \u00a0 \u00a0 \u00a0 \u00a0 \u00a0 \u00a0\u00a0<iframe loading=\"lazy\" src=\"\/\/www.youtube.com\/embed\/dTNjoUbZrQk\" width=\"480\" height=\"360\" frameborder=\"0\" allowfullscreen=\"allowfullscreen\"><\/iframe><\/p>\n<p style=\"text-align: justify;\"><strong><span style=\"color: #333333;\">Tratamiento con fisioterapia respiratoria<\/span><\/strong><\/p>\n<p style=\"text-align: justify;\">En esta parte de la sesi\u00f3n, el fisioterapeuta Llu\u00eds Mateu destaca los <strong>beneficios de la fisioterapia respiratoria<\/strong> en pacientes con ELA. Tambi\u00e9n habla sobre las diferentes t\u00e9cnicas en la asistencia de la debilidad de la musculatura que ayudan a la p\u00e9rdida de fuerza y a mejorar la calidad de vida de los pacientes.<\/p>\n<p>\u00a0 \u00a0 \u00a0 \u00a0 \u00a0 \u00a0 \u00a0 \u00a0 \u00a0\u00a0<iframe loading=\"lazy\" src=\"\/\/www.youtube.com\/embed\/8XK1T8oAlcg\" width=\"480\" height=\"360\" frameborder=\"0\" allowfullscreen=\"allowfullscreen\"><\/iframe><\/p>\n<p style=\"text-align: justify;\">El <strong>Cough Assist<\/strong> es una de las t\u00e9cnicas m\u00e1s usadas en la fisioterapia respiratoria, que ayuda a coger y expulsar el aire. El fisioterapeuta Llu\u00eds Mateu nos explica las indicaciones, las recomendaciones de uso, el funcionamiento y qu\u00e9 pacientes son tributarios de uso de este tratamiento.<\/p>\n<p>\u00a0 \u00a0 \u00a0 \u00a0 \u00a0 \u00a0 \u00a0 \u00a0 \u00a0\u00a0<iframe loading=\"lazy\" src=\"\/\/www.youtube.com\/embed\/oqevA_6keIU\" width=\"480\" height=\"360\" frameborder=\"0\" allowfullscreen=\"allowfullscreen\"><\/iframe><\/p>\n<p style=\"text-align: justify;\">Una actuaci\u00f3n muy importante en la fisioterapia respiratoria es el <strong>drenaje de secreciones<\/strong>, para evitar la acumulaci\u00f3n de estas. Mediante un seguido de ejercicios muy simples podemos mantener la movilidad de la caja tor\u00e1cica y conseguir una mejora significativa en este aspecto. Los profesionales de la sala realizan demostraciones y explican en directo el uso y recomendaciones de los aparatos expuestos a lo largo de la sesi\u00f3n.<\/p>\n<p>\u00a0 \u00a0 \u00a0 \u00a0 \u00a0 \u00a0 \u00a0 \u00a0 \u00a0\u00a0<iframe loading=\"lazy\" src=\"\/\/www.youtube.com\/embed\/lWeOBHZKGPA\" width=\"480\" height=\"360\" frameborder=\"0\" allowfullscreen=\"allowfullscreen\"><\/iframe><\/p>\n<p style=\"text-align: justify;\"><strong><span style=\"color: #333333;\">\u00a0Turno de preguntas<\/span><\/strong><\/p>\n<p style=\"text-align: justify;\">Una vez acabada la presentaci\u00f3n de los profesionales es la ocasi\u00f3n perfecta para que los pacientes se atrevan a preguntar todas aquellas dudas o temores que a veces no acaban de quedar resueltos en las consultas. En este fragmento los pacientes preguntan sobre la <strong>afectaci\u00f3n de la glotis<\/strong> y si existen otras opciones para <strong>extraer la mucosidad<\/strong>.<\/p>\n<p>\u00a0 \u00a0 \u00a0 \u00a0 \u00a0 \u00a0 \u00a0 \u00a0 \u00a0\u00a0<iframe loading=\"lazy\" src=\"\/\/www.youtube.com\/embed\/0FOPUwVQYxE\" width=\"480\" height=\"360\" frameborder=\"0\" allowfullscreen=\"allowfullscreen\"><\/iframe><\/p>\n<p style=\"text-align: justify;\">A medida que avanza el turno de preguntas los pacientes se sienten m\u00e1s c\u00f3modos para preguntar y resolver dudas con los profesionales. En esta ocasi\u00f3n, las preguntas van relacionadas con las <strong>desventajas del uso del aparato de ventilaci\u00f3n<\/strong> y c\u00f3mo solucionarlos, la relaci\u00f3n de la <strong>p\u00e9rdida de voz en el uso de ventilaci\u00f3n<\/strong> o si es contraproducente llevar muchas horas seguidas la m\u00e1quina de ventilaci\u00f3n.<\/p>\n<p>\u00a0 \u00a0 \u00a0 \u00a0 \u00a0 \u00a0 \u00a0 \u00a0 \u00a0\u00a0<iframe loading=\"lazy\" src=\"\/\/www.youtube.com\/embed\/3j1avl55gx8\" width=\"480\" height=\"360\" frameborder=\"0\" allowfullscreen=\"allowfullscreen\"><\/iframe><\/p>\n<p>&nbsp;<\/p>\n<div class=\"sharedaddy sd-sharing-enabled\"><div class=\"robots-nocontent sd-block sd-social sd-social-icon sd-sharing\"><h3 class=\"sd-title\">Comparteix aix\u00f2:<\/h3><div class=\"sd-content\"><ul><li class=\"share-facebook\"><a rel=\"nofollow\" data-shared=\"sharing-facebook-492\" class=\"share-facebook sd-button share-icon no-text\" href=\"http:\/\/blogs.bellvitgehospital.cat\/aulaela\/ela-complicaciones-respiratorias\/?share=facebook\" target=\"_blank\" title=\"Comparteix al Facebook\"><span><\/span><span class=\"sharing-screen-reader-text\">Comparteix al Facebook (Opens in new window)<\/span><\/a><\/li><li class=\"share-twitter\"><a rel=\"nofollow\" data-shared=\"sharing-twitter-492\" class=\"share-twitter sd-button share-icon no-text\" href=\"http:\/\/blogs.bellvitgehospital.cat\/aulaela\/ela-complicaciones-respiratorias\/?share=twitter\" target=\"_blank\" title=\"Feu clic per compartir al Twitter\"><span><\/span><span class=\"sharing-screen-reader-text\">Feu clic per compartir al Twitter (Opens in new window)<\/span><\/a><\/li><li class=\"share-google-plus-1\"><a rel=\"nofollow\" data-shared=\"sharing-google-492\" class=\"share-google-plus-1 sd-button share-icon no-text\" href=\"http:\/\/blogs.bellvitgehospital.cat\/aulaela\/ela-complicaciones-respiratorias\/?share=google-plus-1\" target=\"_blank\" title=\"Feu clic per compartir a Google+\"><span><\/span><span class=\"sharing-screen-reader-text\">Feu clic per compartir a Google+ (Opens in new window)<\/span><\/a><\/li><li class=\"share-email\"><a rel=\"nofollow\" data-shared=\"\" class=\"share-email sd-button share-icon no-text\" href=\"http:\/\/blogs.bellvitgehospital.cat\/aulaela\/ela-complicaciones-respiratorias\/?share=email\" target=\"_blank\" title=\"Feu clic per enviar un correu electr\u00f2nic a un amic\"><span><\/span><span class=\"sharing-screen-reader-text\">Feu clic per enviar un correu electr\u00f2nic a un amic (Opens in new window)<\/span><\/a><\/li><li class=\"share-print\"><a rel=\"nofollow\" data-shared=\"\" class=\"share-print sd-button share-icon no-text\" href=\"http:\/\/blogs.bellvitgehospital.cat\/aulaela\/ela-complicaciones-respiratorias\/\" target=\"_blank\" title=\"Feu clic per imprimir\"><span><\/span><span class=\"sharing-screen-reader-text\">Feu clic per imprimir (Opens in new window)<\/span><\/a><\/li><li class=\"share-end\"><\/li><\/ul><\/div><\/div><\/div>","protected":false},"excerpt":{"rendered":"<p>Esta primera sesi\u00f3n se dedic\u00f3 a tratar las complicaciones respiratorias que sufren los pacientes de ELA, uno de los problemas que m\u00e1s preocupa a la comunidad de pacientes y cuidadores de esta enfermedad. Para saber c\u00f3mo fue la sesi\u00f3n, en &hellip; <a href=\"http:\/\/blogs.bellvitgehospital.cat\/aulaela\/ela-complicaciones-respiratorias\/\">Continua llegint <span class=\"meta-nav\">&rarr;<\/span><\/a><\/p>\n<div class=\"sharedaddy sd-sharing-enabled\"><div class=\"robots-nocontent sd-block sd-social sd-social-icon sd-sharing\"><h3 class=\"sd-title\">Comparteix aix\u00f2:<\/h3><div class=\"sd-content\"><ul><li class=\"share-facebook\"><a rel=\"nofollow\" data-shared=\"sharing-facebook-492\" class=\"share-facebook sd-button share-icon no-text\" href=\"http:\/\/blogs.bellvitgehospital.cat\/aulaela\/ela-complicaciones-respiratorias\/?share=facebook\" target=\"_blank\" title=\"Comparteix al Facebook\"><span><\/span><span class=\"sharing-screen-reader-text\">Comparteix al Facebook (Opens in new window)<\/span><\/a><\/li><li class=\"share-twitter\"><a rel=\"nofollow\" data-shared=\"sharing-twitter-492\" class=\"share-twitter sd-button share-icon no-text\" href=\"http:\/\/blogs.bellvitgehospital.cat\/aulaela\/ela-complicaciones-respiratorias\/?share=twitter\" target=\"_blank\" title=\"Feu clic per compartir al Twitter\"><span><\/span><span class=\"sharing-screen-reader-text\">Feu clic per compartir al Twitter (Opens in new window)<\/span><\/a><\/li><li class=\"share-google-plus-1\"><a rel=\"nofollow\" data-shared=\"sharing-google-492\" class=\"share-google-plus-1 sd-button share-icon no-text\" href=\"http:\/\/blogs.bellvitgehospital.cat\/aulaela\/ela-complicaciones-respiratorias\/?share=google-plus-1\" target=\"_blank\" title=\"Feu clic per compartir a Google+\"><span><\/span><span class=\"sharing-screen-reader-text\">Feu clic per compartir a Google+ (Opens in new window)<\/span><\/a><\/li><li class=\"share-email\"><a rel=\"nofollow\" data-shared=\"\" class=\"share-email sd-button share-icon no-text\" href=\"http:\/\/blogs.bellvitgehospital.cat\/aulaela\/ela-complicaciones-respiratorias\/?share=email\" target=\"_blank\" title=\"Feu clic per enviar un correu electr\u00f2nic a un amic\"><span><\/span><span class=\"sharing-screen-reader-text\">Feu clic per enviar un correu electr\u00f2nic a un amic (Opens in new window)<\/span><\/a><\/li><li class=\"share-print\"><a rel=\"nofollow\" data-shared=\"\" class=\"share-print sd-button share-icon no-text\" href=\"http:\/\/blogs.bellvitgehospital.cat\/aulaela\/ela-complicaciones-respiratorias\/\" target=\"_blank\" title=\"Feu clic per imprimir\"><span><\/span><span class=\"sharing-screen-reader-text\">Feu clic per imprimir (Opens in new window)<\/span><\/a><\/li><li class=\"share-end\"><\/li><\/ul><\/div><\/div><\/div>","protected":false},"author":10,"featured_media":0,"parent":0,"menu_order":0,"comment_status":"open","ping_status":"closed","template":"","meta":[],"_links":{"self":[{"href":"http:\/\/blogs.bellvitgehospital.cat\/aulaela\/wp-json\/wp\/v2\/pages\/492"}],"collection":[{"href":"http:\/\/blogs.bellvitgehospital.cat\/aulaela\/wp-json\/wp\/v2\/pages"}],"about":[{"href":"http:\/\/blogs.bellvitgehospital.cat\/aulaela\/wp-json\/wp\/v2\/types\/page"}],"author":[{"embeddable":true,"href":"http:\/\/blogs.bellvitgehospital.cat\/aulaela\/wp-json\/wp\/v2\/users\/10"}],"replies":[{"embeddable":true,"href":"http:\/\/blogs.bellvitgehospital.cat\/aulaela\/wp-json\/wp\/v2\/comments?post=492"}],"version-history":[{"count":4,"href":"http:\/\/blogs.bellvitgehospital.cat\/aulaela\/wp-json\/wp\/v2\/pages\/492\/revisions"}],"predecessor-version":[{"id":496,"href":"http:\/\/blogs.bellvitgehospital.cat\/aulaela\/wp-json\/wp\/v2\/pages\/492\/revisions\/496"}],"wp:attachment":[{"href":"http:\/\/blogs.bellvitgehospital.cat\/aulaela\/wp-json\/wp\/v2\/media?parent=492"}],"curies":[{"name":"wp","href":"https:\/\/api.w.org\/{rel}","templated":true}]}}