{"id":489,"date":"2014-09-18T09:58:25","date_gmt":"2014-09-18T09:58:25","guid":{"rendered":"http:\/\/blogs.bellvitgehospital.cat\/aulaela\/?page_id=489"},"modified":"2014-09-19T08:11:55","modified_gmt":"2014-09-19T08:11:55","slug":"ela-y-nutricion","status":"publish","type":"page","link":"http:\/\/blogs.bellvitgehospital.cat\/aulaela\/ela-y-nutricion\/","title":{"rendered":"ELA y nutrici\u00f3n"},"content":{"rendered":"<hr \/>\n<p style=\"text-align: justify;\">La <strong>nutrici\u00f3n<\/strong> es otro de los \u00e1mbitos de inter\u00e9s para los pacientes de ELA, ya que la enfermedad puede comportar una serie de problemas en este aspecto, y por tanto, es necesario conocer los problemas a los que nos podemos enfrentar y c\u00f3mo evitarlos.<\/p>\n<p style=\"text-align: justify;\">Los asistentes valoraron este proyecto positivamente y nos explican las ventajas y beneficios que estas sesiones les han comportado:<\/p>\n<p>\u00a0 \u00a0 \u00a0 \u00a0 \u00a0 \u00a0 \u00a0 \u00a0 \u00a0\u00a0<iframe loading=\"lazy\" src=\"\/\/www.youtube.com\/embed\/5kU5Vp_L49I\" width=\"480\" height=\"360\" frameborder=\"0\" allowfullscreen=\"allowfullscreen\"><\/iframe><\/p>\n<hr \/>\n<p><strong>Presentaci\u00f3n<\/strong><\/p>\n<p>La Dra. Virgili introduce\u00a0la sesi\u00f3n, presenta a los ponentes y explica los temas que se van a tratar.<\/p>\n<p><iframe loading=\"lazy\" src=\"\/\/www.youtube.com\/embed\/gSVXyjSvRxk\" width=\"480\" height=\"360\" frameborder=\"0\" allowfullscreen=\"allowfullscreen\"><\/iframe><\/p>\n<p><strong>Soporte nutricional en pacientes con ELA<\/strong><\/p>\n<p>La dietista Ver\u00f3nica Herrera inicia su presentaci\u00f3n exponiendo las <strong>causas y consecuencias de la desnutrici\u00f3n en pacientes con ELA<\/strong>. La desnutrici\u00f3n puede empeorar el pron\u00f3stico y reducir la calidad de vida, y eso conlleva que los pacientes puedan volverse propensos a las infecciones. As\u00ed mismo, la disfagia que sufren muchos de los pacientes con ELA provoca deshidrataci\u00f3n y broncoaspiraci\u00f3n.<\/p>\n<p><iframe loading=\"lazy\" src=\"\/\/www.youtube.com\/embed\/OuW_5Z6SVcw\" width=\"480\" height=\"360\" frameborder=\"0\" allowfullscreen=\"allowfullscreen\"><\/iframe><\/p>\n<p style=\"text-align: justify;\">Delante de esta problem\u00e1tica, la dietista nos explica los tratamientos y pautas que nos pueden ayudar a mejorar la situaci\u00f3n. Tratamientos como la <strong>adaptaci\u00f3n de la textura de la alimentaci\u00f3n<\/strong>, <strong>el control de la posici\u00f3n corporal en el momento de comer<\/strong> o <strong>qu\u00e9 hacer delante de un atragantamiento<\/strong>.<\/p>\n<p>\u00a0 \u00a0 \u00a0 \u00a0 \u00a0 \u00a0 \u00a0 \u00a0 \u00a0\u00a0<iframe loading=\"lazy\" src=\"\/\/www.youtube.com\/embed\/TZnmI23lOPk\" width=\"480\" height=\"360\" frameborder=\"0\" allowfullscreen=\"allowfullscreen\"><\/iframe><\/p>\n<p style=\"text-align: justify;\">En los pacientes con ELA son frecuentes las alteraciones del ritmo deposicional y la aparici\u00f3n de estre\u00f1imiento, debido a la falta de hidrataci\u00f3n. Es por ello que el soporte nutricional y <strong>mantener una dieta equilibrada<\/strong> son fundamentales para mejorar estos s\u00edntomas. Tambi\u00e9n se habla de <strong>v\u00edas de alimentaci\u00f3n alternativas<\/strong> a la v\u00eda oral (gastrostom\u00eda).<\/p>\n<p>\u00a0 \u00a0 \u00a0 \u00a0 \u00a0 \u00a0 \u00a0 \u00a0 \u00a0\u00a0<iframe loading=\"lazy\" src=\"\/\/www.youtube.com\/embed\/-vmfRahZsj0\" width=\"480\" height=\"360\" frameborder=\"0\" allowfullscreen=\"allowfullscreen\"><\/iframe><\/p>\n<p style=\"text-align: justify;\">La sesi\u00f3n avanza con la explicaci\u00f3n del <strong>algoritmo de la estrategia nutricional<\/strong>. Para finalizar, la dietista Ver\u00f3nica Herrera se centra en responder a las preguntas m\u00e1s frecuentes relacionadas con la gastronom\u00eda. As\u00ed mismo, relata espec\u00edficamente el circuito que se utiliza para la <strong>dispensaci\u00f3n de la nutrici\u00f3n enteral a domicilio<\/strong>.<\/p>\n<p>\u00a0 \u00a0 \u00a0 \u00a0 \u00a0 \u00a0 \u00a0 \u00a0 \u00a0\u00a0<iframe loading=\"lazy\" src=\"\/\/www.youtube.com\/embed\/lsAIICk1hTs\" width=\"480\" height=\"360\" frameborder=\"0\" allowfullscreen=\"allowfullscreen\"><\/iframe><\/p>\n<p style=\"text-align: justify;\">La Sra. Bego\u00f1a Andr\u00e9s, enfermera de la Unidad Funcional de ELA del Hospital Universitario de Bellvitge, explica <strong>c\u00f3mo son, c\u00f3mo funcionan y el mantenimiento que necesitan las sondas<\/strong> para administrar la nutrici\u00f3n en los pacientes con ELA que lo requieran. Tambi\u00e9n hablan de la continuaci\u00f3n asistencial, refiri\u00e9ndose a la asistencia fuera del hospital.<\/p>\n<p>\u00a0 \u00a0 \u00a0 \u00a0 \u00a0 \u00a0 \u00a0 \u00a0 \u00a0\u00a0<iframe loading=\"lazy\" src=\"\/\/www.youtube.com\/embed\/qY31l-MTnkw\" width=\"480\" height=\"360\" frameborder=\"0\" allowfullscreen=\"allowfullscreen\"><\/iframe><\/p>\n<p style=\"text-align: justify;\">Contin\u00faa la exposici\u00f3n explicando detalladamente m\u00e1s aspectos relacionados con la realizaci\u00f3n de la nutrici\u00f3n y la hidrataci\u00f3n a trav\u00e9s de la sonda. la explicaci\u00f3n acaba con los beneficios que aporta la continuidad asistencial en los pacientes.<\/p>\n<p>\u00a0 \u00a0 \u00a0 \u00a0 \u00a0 \u00a0 \u00a0 \u00a0 \u00a0\u00a0<iframe loading=\"lazy\" src=\"\/\/www.youtube.com\/embed\/80XFZth-Eic\" width=\"480\" height=\"360\" frameborder=\"0\" allowfullscreen=\"allowfullscreen\"><\/iframe><\/p>\n<p style=\"text-align: justify;\">Turno de preguntas<\/p>\n<p style=\"text-align: justify;\">Despu\u00e9s de escuchar las intervenciones de los profesionales sanitarios, se inicia un turno abierto de preguntas. Las primeras dudas tratan sobre <strong>c\u00f3mo\u00a0actuar delante de un ataque de tos<\/strong>, sobre los <strong>problemas a la hora de tragar la medicaci\u00f3n<\/strong> y sobre las <strong>diferentes posibilidades existentes para hacer frente al estre\u00f1imiento<\/strong>.<\/p>\n<p>\u00a0 \u00a0 \u00a0 \u00a0 \u00a0 \u00a0 \u00a0 \u00a0 \u00a0\u00a0<iframe loading=\"lazy\" src=\"\/\/www.youtube.com\/embed\/O6Dp8n_98CM\" width=\"480\" height=\"360\" frameborder=\"0\" allowfullscreen=\"allowfullscreen\"><\/iframe><\/p>\n<p style=\"text-align: justify;\">Los cuidadores tambi\u00e9n se animan a preguntar. Una de ellas muestra su preocupaci\u00f3n cuando tiene que dar de beber al paciente que est\u00e1 cuidando. Los profesionales sanitarios le recomiendan no utilizar pajita ya que con la aspiraci\u00f3n se puede provocar tos o ahogamiento, y explican diferentes alternativas. Tambi\u00e9n se abordan las repercusiones psicol\u00f3gicas que tiene la enfermedad en los pacientes. Otro de los temas que se debaten es si la actitud y la carga que soporta el cuidador tiene efectos negativos en el paciente.<\/p>\n<p>\u00a0 \u00a0 \u00a0 \u00a0 \u00a0 \u00a0 \u00a0 \u00a0 \u00a0\u00a0<iframe loading=\"lazy\" src=\"\/\/www.youtube.com\/embed\/9n0-YMaT_Ac\" width=\"480\" height=\"360\" frameborder=\"0\" allowfullscreen=\"allowfullscreen\"><\/iframe><\/p>\n<p style=\"text-align: justify;\">Experiencias de pacientes con ELA<\/p>\n<p style=\"text-align: justify;\">Uno de los pacientes asistentes comparte su experiencia con la <strong>gasometr\u00eda<\/strong>, a la vez que plantea sus dudas para que los profesionales le orienten. Otra paciente explica que a veces, involuntariamente y a causa de los s\u00edntomas de la propia enfermedad, no puede parar de llorar. Tambi\u00e9n se habla sobre el <strong>descanso y la dificultad para dormir<\/strong>. La Dra. Povedano, juntamente con su equipo de profesionales, da respuesta a todas las cuestiones que van surgiendo.<\/p>\n<p>\u00a0 \u00a0 \u00a0 \u00a0 \u00a0 \u00a0 \u00a0 \u00a0 \u00a0\u00a0<iframe loading=\"lazy\" src=\"\/\/www.youtube.com\/embed\/ASdxXw0dMaI\" width=\"480\" height=\"360\" frameborder=\"0\" allowfullscreen=\"allowfullscreen\"><\/iframe><\/p>\n<p>&nbsp;<\/p>\n<div class=\"sharedaddy sd-sharing-enabled\"><div class=\"robots-nocontent sd-block sd-social sd-social-icon sd-sharing\"><h3 class=\"sd-title\">Comparteix aix\u00f2:<\/h3><div class=\"sd-content\"><ul><li class=\"share-facebook\"><a rel=\"nofollow\" data-shared=\"sharing-facebook-489\" class=\"share-facebook sd-button share-icon no-text\" href=\"http:\/\/blogs.bellvitgehospital.cat\/aulaela\/ela-y-nutricion\/?share=facebook\" target=\"_blank\" title=\"Comparteix al Facebook\"><span><\/span><span class=\"sharing-screen-reader-text\">Comparteix al Facebook (Opens in new window)<\/span><\/a><\/li><li class=\"share-twitter\"><a rel=\"nofollow\" data-shared=\"sharing-twitter-489\" class=\"share-twitter sd-button share-icon no-text\" href=\"http:\/\/blogs.bellvitgehospital.cat\/aulaela\/ela-y-nutricion\/?share=twitter\" target=\"_blank\" title=\"Feu clic per compartir al Twitter\"><span><\/span><span class=\"sharing-screen-reader-text\">Feu clic per compartir al Twitter (Opens in new window)<\/span><\/a><\/li><li class=\"share-google-plus-1\"><a rel=\"nofollow\" data-shared=\"sharing-google-489\" class=\"share-google-plus-1 sd-button share-icon no-text\" href=\"http:\/\/blogs.bellvitgehospital.cat\/aulaela\/ela-y-nutricion\/?share=google-plus-1\" target=\"_blank\" title=\"Feu clic per compartir a Google+\"><span><\/span><span class=\"sharing-screen-reader-text\">Feu clic per compartir a Google+ (Opens in new window)<\/span><\/a><\/li><li class=\"share-email\"><a rel=\"nofollow\" data-shared=\"\" class=\"share-email sd-button share-icon no-text\" href=\"http:\/\/blogs.bellvitgehospital.cat\/aulaela\/ela-y-nutricion\/?share=email\" target=\"_blank\" title=\"Feu clic per enviar un correu electr\u00f2nic a un amic\"><span><\/span><span class=\"sharing-screen-reader-text\">Feu clic per enviar un correu electr\u00f2nic a un amic (Opens in new window)<\/span><\/a><\/li><li class=\"share-print\"><a rel=\"nofollow\" data-shared=\"\" class=\"share-print sd-button share-icon no-text\" href=\"http:\/\/blogs.bellvitgehospital.cat\/aulaela\/ela-y-nutricion\/\" target=\"_blank\" title=\"Feu clic per imprimir\"><span><\/span><span class=\"sharing-screen-reader-text\">Feu clic per imprimir (Opens in new window)<\/span><\/a><\/li><li class=\"share-end\"><\/li><\/ul><\/div><\/div><\/div>","protected":false},"excerpt":{"rendered":"<p>La nutrici\u00f3n es otro de los \u00e1mbitos de inter\u00e9s para los pacientes de ELA, ya que la enfermedad puede comportar una serie de problemas en este aspecto, y por tanto, es necesario conocer los problemas a los que nos podemos &hellip; <a href=\"http:\/\/blogs.bellvitgehospital.cat\/aulaela\/ela-y-nutricion\/\">Continua llegint <span class=\"meta-nav\">&rarr;<\/span><\/a><\/p>\n<div class=\"sharedaddy sd-sharing-enabled\"><div class=\"robots-nocontent sd-block sd-social sd-social-icon sd-sharing\"><h3 class=\"sd-title\">Comparteix aix\u00f2:<\/h3><div class=\"sd-content\"><ul><li class=\"share-facebook\"><a rel=\"nofollow\" data-shared=\"sharing-facebook-489\" class=\"share-facebook sd-button share-icon no-text\" href=\"http:\/\/blogs.bellvitgehospital.cat\/aulaela\/ela-y-nutricion\/?share=facebook\" target=\"_blank\" title=\"Comparteix al Facebook\"><span><\/span><span class=\"sharing-screen-reader-text\">Comparteix al Facebook (Opens in new window)<\/span><\/a><\/li><li class=\"share-twitter\"><a rel=\"nofollow\" data-shared=\"sharing-twitter-489\" class=\"share-twitter sd-button share-icon no-text\" href=\"http:\/\/blogs.bellvitgehospital.cat\/aulaela\/ela-y-nutricion\/?share=twitter\" target=\"_blank\" title=\"Feu clic per compartir al Twitter\"><span><\/span><span class=\"sharing-screen-reader-text\">Feu clic per compartir al Twitter (Opens in new window)<\/span><\/a><\/li><li class=\"share-google-plus-1\"><a rel=\"nofollow\" data-shared=\"sharing-google-489\" class=\"share-google-plus-1 sd-button share-icon no-text\" href=\"http:\/\/blogs.bellvitgehospital.cat\/aulaela\/ela-y-nutricion\/?share=google-plus-1\" target=\"_blank\" title=\"Feu clic per compartir a Google+\"><span><\/span><span class=\"sharing-screen-reader-text\">Feu clic per compartir a Google+ (Opens in new window)<\/span><\/a><\/li><li class=\"share-email\"><a rel=\"nofollow\" data-shared=\"\" class=\"share-email sd-button share-icon no-text\" href=\"http:\/\/blogs.bellvitgehospital.cat\/aulaela\/ela-y-nutricion\/?share=email\" target=\"_blank\" title=\"Feu clic per enviar un correu electr\u00f2nic a un amic\"><span><\/span><span class=\"sharing-screen-reader-text\">Feu clic per enviar un correu electr\u00f2nic a un amic (Opens in new window)<\/span><\/a><\/li><li class=\"share-print\"><a rel=\"nofollow\" data-shared=\"\" class=\"share-print sd-button share-icon no-text\" href=\"http:\/\/blogs.bellvitgehospital.cat\/aulaela\/ela-y-nutricion\/\" target=\"_blank\" title=\"Feu clic per imprimir\"><span><\/span><span class=\"sharing-screen-reader-text\">Feu clic per imprimir (Opens in new window)<\/span><\/a><\/li><li class=\"share-end\"><\/li><\/ul><\/div><\/div><\/div>","protected":false},"author":10,"featured_media":0,"parent":0,"menu_order":0,"comment_status":"open","ping_status":"closed","template":"","meta":[],"_links":{"self":[{"href":"http:\/\/blogs.bellvitgehospital.cat\/aulaela\/wp-json\/wp\/v2\/pages\/489"}],"collection":[{"href":"http:\/\/blogs.bellvitgehospital.cat\/aulaela\/wp-json\/wp\/v2\/pages"}],"about":[{"href":"http:\/\/blogs.bellvitgehospital.cat\/aulaela\/wp-json\/wp\/v2\/types\/page"}],"author":[{"embeddable":true,"href":"http:\/\/blogs.bellvitgehospital.cat\/aulaela\/wp-json\/wp\/v2\/users\/10"}],"replies":[{"embeddable":true,"href":"http:\/\/blogs.bellvitgehospital.cat\/aulaela\/wp-json\/wp\/v2\/comments?post=489"}],"version-history":[{"count":1,"href":"http:\/\/blogs.bellvitgehospital.cat\/aulaela\/wp-json\/wp\/v2\/pages\/489\/revisions"}],"predecessor-version":[{"id":490,"href":"http:\/\/blogs.bellvitgehospital.cat\/aulaela\/wp-json\/wp\/v2\/pages\/489\/revisions\/490"}],"wp:attachment":[{"href":"http:\/\/blogs.bellvitgehospital.cat\/aulaela\/wp-json\/wp\/v2\/media?parent=489"}],"curies":[{"name":"wp","href":"https:\/\/api.w.org\/{rel}","templated":true}]}}