{"id":485,"date":"2014-09-17T16:21:52","date_gmt":"2014-09-17T16:21:52","guid":{"rendered":"http:\/\/blogs.bellvitgehospital.cat\/aulaela\/?page_id=485"},"modified":"2021-02-02T13:09:31","modified_gmt":"2021-02-02T12:09:31","slug":"documentos-interes","status":"publish","type":"page","link":"http:\/\/blogs.bellvitgehospital.cat\/aulaela\/documentos-interes\/","title":{"rendered":"Documentos"},"content":{"rendered":"<hr \/>\n<p>En este apartado pod\u00e9is consultar y descargar documentos y material de inter\u00e9s sobre la ELA.<\/p>\n<p><a href=\"https:\/\/bellvitgehospital.cat\/sites\/default\/files\/2021-02\/HUB%20434%20guia%20motoneurona_cas%2021_intranet.pdf\"><strong>Gu\u00eda del paciente<\/strong><\/a>. Enfermedad de la motoneurona (MMN). Diagn\u00f3stico de la MMN \u00bfQu\u00e9 necesito saber?<\/p>\n<p><strong><a href=\"http:\/\/blogs.bellvitgehospital.cat\/aulaela\/wp-content\/uploads\/sites\/2\/2014\/09\/TSC_13JN_D4.1.2_PALS_Rights_Document-espan_ol.pdf\"><span style=\"text-decoration: underline;\">Derechos fundamentales para las personas que conviven con ELA\/ENM (Enfermedad de la Neurona Motora)<\/span> <\/a>.<\/strong> Alianza Internacional de Asociaciones de ELA\/ENM <a href=\"http:\/\/www.alsmndalliance.org\/?s=rights\">(Documento original en ingl\u00e9s)<\/a><\/p>\n<p><span style=\"text-decoration: underline;\"><strong><a href=\"http:\/\/www.gacetamedica.com\/noticias-medicina\/2016-06-24\/especializada\/identificados-cuatro-nuevos-genes-cuya-expresion-podria-ser-diferente-en-ela\/pagina.aspx?idart=989213\">Art\u00edculo de la Gaceta M\u00e9dica<\/a><\/strong><\/span> (28 de junio) sobre el I Congreso Nacional de Investigaci\u00f3n de la ELA, celebrado en Sevilla.<\/p>\n<p><span style=\"text-decoration: underline; color: #333333;\"><strong><a title=\"Libro blanco ELA\" href=\"http:\/\/www.bellvitgehospital.cat\/media\/upload\/arxius\/ELA\/LibroBlancoELA.pdf\" target=\"_blank\" rel=\"noopener\"><span style=\"text-decoration: underline; color: #333333;\">Libro blanco de la ELA<\/span><\/a><\/strong><\/span><\/p>\n<p><span style=\"text-decoration: underline; color: #333333;\"><strong><a title=\"Guia ELA \" href=\"http:\/\/www.bellvitgehospital.cat\/media\/upload\/arxius\/ELA\/GuiaELA.pdf\" target=\"_blank\" rel=\"noopener\"><span style=\"text-decoration: underline; color: #333333;\">Guia en l&#8217;ELA de la Societat Catalana de neurologia<\/span><\/a><\/strong><\/span><\/p>\n<p><span style=\"text-decoration: underline; color: #333333;\"><strong><a title=\"Butlletins Fundaci\u00f3 Miquel Valls\" href=\"http:\/\/www.fundaciomiquelvalls.org\/ca\/actualitat\/butlleti.html\" target=\"_blank\" rel=\"noopener\"><span style=\"text-decoration: underline; color: #333333;\">Butllet\u00ed mensual de la Fundaci\u00f3 Miquel Valls<\/span><\/a><\/strong><\/span><\/p>\n<hr \/>\n<p><span style=\"text-decoration: underline; color: #333333;\"><a title=\"Activitats ELA 2014\" href=\"http:\/\/blogs.bellvitgehospital.cat\/aulaela\/wp-content\/uploads\/sites\/2\/2014\/06\/Activitats-ELA-juny.pdf\" target=\"_blank\" rel=\"noopener\"><span style=\"text-decoration: underline; color: #333333;\">Activitats Dia Mundial d&#8217;ELA 2014<\/span><\/a><\/span><\/p>\n<hr \/>\n<p>Art\u00edculos de inter\u00e9s:<\/p>\n<p>&#8211; <span style=\"color: #333333;\"><span style=\"text-decoration: underline;\"><a title=\"Articles\" href=\"http:\/\/blogs.bellvitgehospital.cat\/wp-content\/uploads\/2014\/06\/ela-preclinica.pdf\" target=\"_blank\" rel=\"noopener\"><span style=\"text-decoration: underline; color: #333333;\"><em>A<\/em><\/span><\/a><\/span><span style=\"text-decoration: underline;\"><a title=\"Articles\" href=\"http:\/\/blogs.bellvitgehospital.cat\/wp-content\/uploads\/2014\/06\/ela-preclinica.pdf\" target=\"_blank\" rel=\"noopener\"><span style=\"text-decoration: underline; color: #333333;\"><em>myotrop<\/em><\/span><\/a><\/span><span style=\"text-decoration: underline;\"><a title=\"Articles\" href=\"http:\/\/blogs.bellvitgehospital.cat\/wp-content\/uploads\/2014\/06\/ela-preclinica.pdf\" target=\"_blank\" rel=\"noopener\"><span style=\"text-decoration: underline; color: #333333;\"><em>hic lateral sclerosis: a long\u00a0preclinical period?<\/em><\/span><\/a><\/span><\/span><\/p>\n<p>&#8211; <span style=\"color: #333333;\"><em><span style=\"text-decoration: underline;\"><a title=\"Articles\" href=\"http:\/\/blogs.bellvitgehospital.cat\/wp-content\/uploads\/2014\/06\/gordon-ela-review2013.pdf\" target=\"_blank\" rel=\"noopener\"><span style=\"text-decoration: underline; color: #333333;\">Amyotrophic Lateral Sclerosis: An update for 2013 Clinical Features, Pathophysiology, Management and Therapeutic Trials<\/span><\/a><\/span>\u00a0\u00a0<\/em><\/span><\/p>\n<p>&#8211;<span style=\"color: #333333;\">\u00a0<span style=\"text-decoration: underline;\"><a title=\"Articles\" href=\"http:\/\/blogs.bellvitgehospital.cat\/wp-content\/uploads\/2014\/06\/AVANCES-Y-TTO-ELA.pdf\" target=\"_blank\" rel=\"noopener\"><span style=\"color: #333333; text-decoration: underline;\"><em>Advances in treating amyotrophic\u00a0lateral sclerosis: insights from\u00a0pathophysiological studies<\/em><\/span><\/a><\/span><\/span><\/p>\n<p>&#8211; <em><span style=\"text-decoration: underline;\"><span style=\"color: #000000;\"><a href=\"http:\/\/blogs.bellvitgehospital.cat\/aulaela\/wp-content\/uploads\/sites\/2\/2014\/09\/gene.pdf\" target=\"_blank\" rel=\"noopener\"><span style=\"color: #000000; text-decoration: underline;\">Genetic of ALS<\/span><\/a><\/span><\/span><\/em><\/p>\n<p>&#8211;\u00a0<em><span style=\"text-decoration: underline;\"><span style=\"color: #000000;\"><a href=\"http:\/\/blogs.bellvitgehospital.cat\/aulaela\/wp-content\/uploads\/sites\/2\/2014\/09\/update-en-genetica.pdf\" target=\"_blank\" rel=\"noopener\"><span style=\"color: #000000; text-decoration: underline;\">Genetics of amyotrophic lateral sclerosis: an update<\/span><\/a><\/span><\/span><\/em><\/p>\n<p>&#8211;\u00a0<em><span style=\"text-decoration: underline;\"><span style=\"color: #000000;\"><a href=\"http:\/\/blogs.bellvitgehospital.cat\/aulaela\/wp-content\/uploads\/sites\/2\/2014\/09\/ela-y-tto-sintomatico.pdf\" target=\"_blank\" rel=\"noopener\"><span style=\"color: #000000; text-decoration: underline;\">The evidence for symptomatic treatments in ALS<\/span><\/a><\/span><\/span><\/em><\/p>\n","protected":false},"excerpt":{"rendered":"<p>En este apartado pod\u00e9is consultar y descargar documentos y material de inter\u00e9s sobre la ELA. Gu\u00eda del paciente. Enfermedad de la motoneurona (MMN). Diagn\u00f3stico de la MMN \u00bfQu\u00e9 necesito saber? Derechos fundamentales para las personas que conviven con ELA\/ENM (Enfermedad &hellip; <a href=\"http:\/\/blogs.bellvitgehospital.cat\/aulaela\/documentos-interes\/\">Continua llegint <span class=\"meta-nav\">&rarr;<\/span><\/a><\/p>\n","protected":false},"author":10,"featured_media":0,"parent":0,"menu_order":0,"comment_status":"closed","ping_status":"closed","template":"","meta":[],"_links":{"self":[{"href":"http:\/\/blogs.bellvitgehospital.cat\/aulaela\/wp-json\/wp\/v2\/pages\/485"}],"collection":[{"href":"http:\/\/blogs.bellvitgehospital.cat\/aulaela\/wp-json\/wp\/v2\/pages"}],"about":[{"href":"http:\/\/blogs.bellvitgehospital.cat\/aulaela\/wp-json\/wp\/v2\/types\/page"}],"author":[{"embeddable":true,"href":"http:\/\/blogs.bellvitgehospital.cat\/aulaela\/wp-json\/wp\/v2\/users\/10"}],"replies":[{"embeddable":true,"href":"http:\/\/blogs.bellvitgehospital.cat\/aulaela\/wp-json\/wp\/v2\/comments?post=485"}],"version-history":[{"count":12,"href":"http:\/\/blogs.bellvitgehospital.cat\/aulaela\/wp-json\/wp\/v2\/pages\/485\/revisions"}],"predecessor-version":[{"id":2670,"href":"http:\/\/blogs.bellvitgehospital.cat\/aulaela\/wp-json\/wp\/v2\/pages\/485\/revisions\/2670"}],"wp:attachment":[{"href":"http:\/\/blogs.bellvitgehospital.cat\/aulaela\/wp-json\/wp\/v2\/media?parent=485"}],"curies":[{"name":"wp","href":"https:\/\/api.w.org\/{rel}","templated":true}]}}