{"id":480,"date":"2014-09-17T15:53:43","date_gmt":"2014-09-17T15:53:43","guid":{"rendered":"http:\/\/blogs.bellvitgehospital.cat\/aulaela\/?page_id=480"},"modified":"2024-11-13T13:09:03","modified_gmt":"2024-11-13T12:09:03","slug":"contacta","status":"publish","type":"page","link":"http:\/\/blogs.bellvitgehospital.cat\/aulaela\/contacta\/","title":{"rendered":"Contactanos"},"content":{"rendered":"<p>Si quer\u00e9is plantear consultas, dudas o cuestiones de <strong>forma privada<\/strong>, lo pod\u00e9is hacer a trav\u00e9s de la direcci\u00f3n de correo <a href=\"mailto:ela@bellvitgehospital.cat\">ela@bellvitgehospital.cat<\/a> o bien con este formulario:<div id='contact-form-480'>\n<form action='http:\/\/blogs.bellvitgehospital.cat\/aulaela\/contacta\/#contact-form-480' method='post' class='contact-form commentsblock'>\n\n<div>\n\t\t<label for='g480-nombre' class='grunion-field-label name'>Nombre<span>(necessari)<\/span><\/label>\n\t\t<input type='text' name='g480-nombre' id='g480-nombre' value='' class='name'  required aria-required='true'\/>\n\t<\/div>\n\n<div>\n\t\t<label for='g480-correoelectrnico' class='grunion-field-label email'>Correo electr\u00f3nico<span>(necessari)<\/span><\/label>\n\t\t<input type='email' name='g480-correoelectrnico' id='g480-correoelectrnico' value='' class='email'  required aria-required='true'\/>\n\t<\/div>\n\n<div>\n\t\t<label for='g480-sitioweb' class='grunion-field-label url'>Sitio web<\/label>\n\t\t<input type='text' name='g480-sitioweb' id='g480-sitioweb' value='' class='url'  \/>\n\t<\/div>\n\n<div>\n\t\t<label for='contact-form-comment-g480-qutepreocupa' class='grunion-field-label textarea'>\u00bfQu\u00e9 te preocupa?<span>(necessari)<\/span><\/label>\n\t\t<textarea name='g480-qutepreocupa' id='contact-form-comment-g480-qutepreocupa' rows='20'  required aria-required='true'><\/textarea>\n\t<\/div>\n\t<p class='contact-submit'>\n\t\t<input type='submit' value='Envia &#187;' class='pushbutton-wide'\/>\n\t\t<input type='hidden' name='contact-form-id' value='480' \/>\n\t\t<input type='hidden' name='action' value='grunion-contact-form' \/>\n\t<\/p>\n<\/form>\n<\/div><\/p>\n<p>Si quer\u00e9is plantear una consulta para que sea compartida por todos los usuarios del blog, pod\u00e9is enviar un correo a <a href=\"mailto:consultasobertes.ela@gmail.com\">consultasobertes.ela@gmail.com<\/a><\/p>\n","protected":false},"excerpt":{"rendered":"<p>Si quer\u00e9is plantear consultas, dudas o cuestiones de forma privada, lo pod\u00e9is hacer a trav\u00e9s de la direcci\u00f3n de correo ela@bellvitgehospital.cat o bien con este formulario: Si quer\u00e9is plantear una consulta para que sea compartida por todos los usuarios del &hellip; <a href=\"http:\/\/blogs.bellvitgehospital.cat\/aulaela\/contacta\/\">Continua llegint <span class=\"meta-nav\">&rarr;<\/span><\/a><\/p>\n","protected":false},"author":10,"featured_media":0,"parent":0,"menu_order":0,"comment_status":"closed","ping_status":"closed","template":"","meta":[],"_links":{"self":[{"href":"http:\/\/blogs.bellvitgehospital.cat\/aulaela\/wp-json\/wp\/v2\/pages\/480"}],"collection":[{"href":"http:\/\/blogs.bellvitgehospital.cat\/aulaela\/wp-json\/wp\/v2\/pages"}],"about":[{"href":"http:\/\/blogs.bellvitgehospital.cat\/aulaela\/wp-json\/wp\/v2\/types\/page"}],"author":[{"embeddable":true,"href":"http:\/\/blogs.bellvitgehospital.cat\/aulaela\/wp-json\/wp\/v2\/users\/10"}],"replies":[{"embeddable":true,"href":"http:\/\/blogs.bellvitgehospital.cat\/aulaela\/wp-json\/wp\/v2\/comments?post=480"}],"version-history":[{"count":5,"href":"http:\/\/blogs.bellvitgehospital.cat\/aulaela\/wp-json\/wp\/v2\/pages\/480\/revisions"}],"predecessor-version":[{"id":17144,"href":"http:\/\/blogs.bellvitgehospital.cat\/aulaela\/wp-json\/wp\/v2\/pages\/480\/revisions\/17144"}],"wp:attachment":[{"href":"http:\/\/blogs.bellvitgehospital.cat\/aulaela\/wp-json\/wp\/v2\/media?parent=480"}],"curies":[{"name":"wp","href":"https:\/\/api.w.org\/{rel}","templated":true}]}}