{"id":472,"date":"2014-09-17T15:20:36","date_gmt":"2014-09-17T15:20:36","guid":{"rendered":"http:\/\/blogs.bellvitgehospital.cat\/aulaela\/?page_id=472"},"modified":"2014-09-19T08:02:06","modified_gmt":"2014-09-19T08:02:06","slug":"miquel-valls-fundacion","status":"publish","type":"page","link":"http:\/\/blogs.bellvitgehospital.cat\/aulaela\/miquel-valls-fundacion\/","title":{"rendered":"Fundaci\u00f3n Miquel Valls"},"content":{"rendered":"<p style=\"text-align: justify;\">La <span style=\"text-decoration: underline;\"><strong><span style=\"color: #ffcc00;\"><a style=\"color: #ffcc00; text-decoration: underline;\" title=\"FMV\" href=\"http:\/\/www.fundaciomiquelvalls.org\/ca\/\" target=\"_blank\">Fundaci\u00f3n Miquel Valls<\/a><\/span><\/strong><\/span> es la \u00fanica entidad sin \u00e1nimo de lucro en toda Catalu\u00f1a que trabaja por mejorar la calidad de vida de las personas afectadas por la ELA. La fundaci\u00f3n ofrece una atenci\u00f3n integral y espec\u00edfica a los afectados y sus familias, y se propone luchar contra la enfermedad mediante la investigaci\u00f3n.<\/p>\n<p style=\"text-align: justify;\">La Fundaci\u00f3n naci\u00f3 el 2005 en Calella (Barcelona) impulsada por el se\u00f1or Enric M. Valls, quien sufri\u00f3 la enfermedad de cerca ya que su padre padec\u00eda ELA.<\/p>\n<p style=\"text-align: justify;\">El equipo de profesionales de la fundaci\u00f3n ofrece un amplio ventanal de servicios para que la atenci\u00f3n m\u00e9dica y social que reciben las personas afectadas y sus familias sea de m\u00e1xima calidad.<\/p>\n<p style=\"text-align: justify;\"><strong>\u00bfC\u00f3mo os podemos ayudar?<\/strong><\/p>\n<p style=\"text-align: justify;\">La Fundaci\u00f3n Miquel Valls es una entidad privada y sin \u00e1nimo de lucro que trabaja para mejorar la calidad de vida de las personas afectadas por Esclerosis Lateral Amiotr\u00f3fica, la ELA, y otras enfermedades de la motoneurona, as\u00ed como para dar apoyo a las familias.<\/p>\n<p style=\"text-align: justify;\">Des de su creaci\u00f3n en el a\u00f1o 2005, la acci\u00f3n de la Fundaci\u00f3n ha sido decisiva en la lucha contra la ELA en Catalu\u00f1a a trav\u00e9s de la implementaci\u00f3n de un modelo propio que promueve una visi\u00f3n global de la enfermedad y se concreta en tres l\u00edneas de actuaci\u00f3n:<\/p>\n<p>&#8211; La atenci\u00f3n de las personas afectadas y su entorno.<\/p>\n<p>&#8211; La coordinaci\u00f3n de la atenci\u00f3n m\u00e9dica, social, psicol\u00f3gica y de la investigaci\u00f3n cient\u00edfica.<\/p>\n<p>&#8211; La promoci\u00f3n, el fomento y el apoyo a la investigaci\u00f3n.<\/p>\n<p style=\"text-align: justify;\">Actualmente, representan a un colectivo de <strong>m\u00e1s de seis mil personas<\/strong> i son la \u00fanica entidad en Catalu\u00f1a que aborda la problem\u00e1tica de la ELA teniendo en cuenta todos los aspectos de la enfermedad.<\/p>\n<p style=\"text-align: justify;\"><em>\u201cQueremos seguir trabajando en esta direcci\u00f3n, alentados por el apoyo que recibimos d\u00eda a d\u00eda por parte de nuestros colaboradores, y sobretodo, de las personas afectadas y sus familias. Siempre con la confianza absoluta de que la ELA es vencible.\u201d<\/em><\/p>\n<p style=\"text-align: justify;\">Para que pod\u00e1is conocer mejor su trabajo, os invitamos a leer el texto que hay a continuaci\u00f3n, en el que ofrecen una visi\u00f3n detallada del trabajo que desempe\u00f1an y de qu\u00e9 manera pod\u00e9is sacarle el m\u00e1ximo provecho.<\/p>\n<p style=\"text-align: justify;\">Una vez hab\u00e9is contactado con la Fundaci\u00f3n Miquel Valls, en l\u00edneas generales, el <strong>proceso<\/strong> es el siguiente:<\/p>\n<ol style=\"text-align: justify;\">\n<li>Una <strong>trabajadora social<\/strong> de la Fundaci\u00f3n os visitar\u00e1 en vuestra casa para conoceros personalmente y <strong>valorar, des de un punto de vista profesional, cu\u00e1l es vuestra situaci\u00f3n actual en relaci\u00f3n con la enfermedad. Os informar\u00e1 sobre la enfermedad e intentar\u00e1 resolver vuestras dudas.<\/strong><\/li>\n<\/ol>\n<p style=\"text-align: justify;\">La trabajadora social os asesorar\u00e1 sobre las <strong>ayudas p\u00fablicas<\/strong> <strong>a las que pod\u00e9is acceder<\/strong> (Grado de disminuci\u00f3n, incapacidad laboral, PUA, fisioterapia a domicilio, Ley de la Dependencia, etc.), y los tr\u00e1mites y plazos para pedirlas. Tambi\u00e9n mirar\u00e1 de guiaros en la comprensi\u00f3n de la situaci\u00f3n que est\u00e1is viviendo y os dar\u00e1 las <strong>pautas que necesit\u00e1is para afrontar la nueva realidad,<\/strong> escuch\u00e1ndoos y d\u00e1ndoos apoyo emocional.<\/p>\n<p style=\"text-align: justify;\">La trabajadora social realizar\u00e1 un seguimiento continuado de vuestro caso, con visitas peri\u00f3dicas y atenci\u00f3n telef\u00f3nica, coordinando la atenci\u00f3n con el resto de profesionales de la Fundaci\u00f3n y otros profesionales externos.<\/p>\n<ol style=\"text-align: justify;\" start=\"2\">\n<li>En el caso de que se detecte alguna dificultad a la hora de realizar las actividades de la vida diaria, se pondr\u00e1 en contacto con la <strong>terapeuta ocupacional<\/strong> de la fundaci\u00f3n, quien se desplazar\u00e1 a vuestro domicilio para conocer c\u00f3mo desarroll\u00e1is las actividades propias del d\u00eda a d\u00eda \u2013ducharse, vestirse o comer-, <strong>la<\/strong> <strong>accesibilidad y las barreras arquitect\u00f3nicas<\/strong> de vuestro hogar. Una vez hecha esta valoraci\u00f3n, podr\u00e1 recomendar qu\u00e9 mejoras se pueden introducir para mantener el m\u00e1ximo nivel de autonom\u00eda de la persona afectada y garantizar la salud del cuidador, como tambi\u00e9n <strong>el uso de alg\u00fan producto de apoyo<\/strong>: cama el\u00e9ctrica, silla de ducha, etc.<\/li>\n<li>La Fundaci\u00f3n dispone de un <strong>Banco de Productos de Apoyo<\/strong> para aquellas familias que requieran de material espec\u00edfico y no puedan comprarlo, o necesiten probarlo para valorar su utilidad antes de adquirirlo.<\/li>\n<\/ol>\n<p style=\"text-align: justify;\">El servicio incluye el pr\u00e9stamo, reparaci\u00f3n, limpieza, transporte, montaje y asesoramiento profesional para todos los productos. El banco est\u00e1 formado por material proveniente de las donaciones que las familias hacen a la fundaci\u00f3n cuando ya no los necesitan y de las subvenciones p\u00fablicas que se reciben con esta finalidad.<\/p>\n<ol style=\"text-align: justify;\" start=\"4\">\n<li>Si dispon\u00e9is de recursos para comprar el material pod\u00e9is acceder al <strong>Servicio de Ortopedia sin \u00e1nimo de lucro<\/strong>. Se trata de una empresa vinculada a la Fundaci\u00f3n y con finalidad social, ya que todos los beneficios econ\u00f3micos que genera se reinvierten en proyectos de la entidad. Fue creada para ofrecer un servicio de calidad a nivel ortop\u00e9dico.<\/li>\n<li>Si vuestra situaci\u00f3n emocional lo requiere, pod\u00e9is solicitar <strong>la intervenci\u00f3n de una psic\u00f3loga de la Fundaci\u00f3n<\/strong>, que valorar\u00e1 la situaci\u00f3n comportamental y emocional y realizar\u00e1 un plan de trabajo personalizado para dar respuesta a vuestras necesidades psicol\u00f3gicas.<\/li>\n<\/ol>\n<p style=\"text-align: justify;\">El acompa\u00f1amiento psicol\u00f3gico durante las diferentes fases de la ELA y el asesoramiento en la toma de decisiones vitales mejora, sin duda, la gesti\u00f3n de diferentes estados emocionales derivados de la enfermedad.<\/p>\n<ol style=\"text-align: justify;\" start=\"6\">\n<li>Adem\u00e1s de los servicios a domicilio, la fundaci\u00f3n os proporciona <strong>el acompa\u00f1amiento en materia de atenci\u00f3n m\u00e9dica,<\/strong> ya que se trabaja coordinados con los diferentes hospitales de referencia del territorio catal\u00e1n.<\/li>\n<li>Des del 2010 forman parte de la <strong>Unidad<\/strong><strong> Funcional<\/strong><strong> de ELA y otras enfermedades de la motoneurona<\/strong> del <strong>Hospital Universitario de Bellvitge. Participan en la<\/strong> <strong>atenci\u00f3n y gesti\u00f3n de la unidad <\/strong>y<strong> dan soporte a los ensayos cl\u00ednicos y la investigaci\u00f3n b\u00e1sica <\/strong>que se realiza.<\/li>\n<li>Finalmente, dispon\u00e9is tambi\u00e9n del <strong>servicio de furgoneta Volkswagen Caddy totalmente adaptada<\/strong>, gracias al donativo de una familia afectada. Para darle un buen uso, est\u00e1 a disposici\u00f3n de las familias que tengan la necesidad de realizar un desplazamiento y no dispongan de recursos propios para hacerlo.<\/li>\n<\/ol>\n<p style=\"text-align: justify;\">La furgoneta se deja en pr\u00e9stamo, y seg\u00fan la disponibilidad, se puede conceder para uno o dos d\u00edas. El contrato de pr\u00e9stamo representar\u00e1 un coste m\u00ednimo, s\u00f3lo el necesario para cubrir una parte del seguro.<\/p>\n<p style=\"text-align: justify;\">A causa de la dif\u00edcil situaci\u00f3n econ\u00f3mica actual, la Fundaci\u00f3n se ha visto con la necesidad de realizar algunos cambios con tal de poder garantizar que todos los afectados de ELA y sus familias puedan ser atendidos. Por tanto, os pedimos que para continuar disfrutando de todos los servicios que se ofrecen, os hag\u00e1is colaboradores de la fundaci\u00f3n.<\/p>\n<p style=\"text-align: justify;\">Vuestra contribuci\u00f3n es decisiva, ay\u00fadanos a vencer a la ELA.<\/p>\n<p style=\"text-align: justify;\"><span style=\"text-decoration: underline;\"><strong><span style=\"color: #ffcc00;\"><a style=\"color: #ffcc00; text-decoration: underline;\" href=\"http:\/\/www.fundaciomiquelvalls.org\/\">www.fundaciomiquelvalls.org<\/a><\/span><\/strong><\/span><br \/>\n<span style=\"text-decoration: underline;\"><strong><span style=\"color: #ffcc00;\"><a style=\"color: #ffcc00; text-decoration: underline;\" href=\"https:\/\/www.facebook.com\/fundacio.miquelvalls\">facebook.com\/fundacio.miquelvalls<\/a><\/span><\/strong><\/span><\/p>\n","protected":false},"excerpt":{"rendered":"<p>La Fundaci\u00f3n Miquel Valls es la \u00fanica entidad sin \u00e1nimo de lucro en toda Catalu\u00f1a que trabaja por mejorar la calidad de vida de las personas afectadas por la ELA. La fundaci\u00f3n ofrece una atenci\u00f3n integral y espec\u00edfica a los &hellip; <a href=\"http:\/\/blogs.bellvitgehospital.cat\/aulaela\/miquel-valls-fundacion\/\">Continua llegint <span class=\"meta-nav\">&rarr;<\/span><\/a><\/p>\n","protected":false},"author":10,"featured_media":0,"parent":0,"menu_order":0,"comment_status":"closed","ping_status":"closed","template":"","meta":[],"_links":{"self":[{"href":"http:\/\/blogs.bellvitgehospital.cat\/aulaela\/wp-json\/wp\/v2\/pages\/472"}],"collection":[{"href":"http:\/\/blogs.bellvitgehospital.cat\/aulaela\/wp-json\/wp\/v2\/pages"}],"about":[{"href":"http:\/\/blogs.bellvitgehospital.cat\/aulaela\/wp-json\/wp\/v2\/types\/page"}],"author":[{"embeddable":true,"href":"http:\/\/blogs.bellvitgehospital.cat\/aulaela\/wp-json\/wp\/v2\/users\/10"}],"replies":[{"embeddable":true,"href":"http:\/\/blogs.bellvitgehospital.cat\/aulaela\/wp-json\/wp\/v2\/comments?post=472"}],"version-history":[{"count":4,"href":"http:\/\/blogs.bellvitgehospital.cat\/aulaela\/wp-json\/wp\/v2\/pages\/472\/revisions"}],"predecessor-version":[{"id":546,"href":"http:\/\/blogs.bellvitgehospital.cat\/aulaela\/wp-json\/wp\/v2\/pages\/472\/revisions\/546"}],"wp:attachment":[{"href":"http:\/\/blogs.bellvitgehospital.cat\/aulaela\/wp-json\/wp\/v2\/media?parent=472"}],"curies":[{"name":"wp","href":"https:\/\/api.w.org\/{rel}","templated":true}]}}