{"id":470,"date":"2014-09-17T15:12:01","date_gmt":"2014-09-17T15:12:01","guid":{"rendered":"http:\/\/blogs.bellvitgehospital.cat\/aulaela\/?page_id=470"},"modified":"2019-03-05T14:11:33","modified_gmt":"2019-03-05T13:11:33","slug":"profesionales","status":"publish","type":"page","link":"http:\/\/blogs.bellvitgehospital.cat\/aulaela\/profesionales\/","title":{"rendered":"Equipo de profesionales"},"content":{"rendered":"<p><img loading=\"lazy\" class=\"alignnone size-full wp-image-1950\" src=\"http:\/\/blogs.bellvitgehospital.cat\/aulaela\/wp-content\/uploads\/sites\/2\/2019\/03\/NRL-grup-ELA_19_07_baixa.jpg\" alt=\"\" width=\"800\" height=\"532\" srcset=\"http:\/\/blogs.bellvitgehospital.cat\/aulaela\/wp-content\/uploads\/sites\/2\/2019\/03\/NRL-grup-ELA_19_07_baixa.jpg 800w, http:\/\/blogs.bellvitgehospital.cat\/aulaela\/wp-content\/uploads\/sites\/2\/2019\/03\/NRL-grup-ELA_19_07_baixa-300x200.jpg 300w, http:\/\/blogs.bellvitgehospital.cat\/aulaela\/wp-content\/uploads\/sites\/2\/2019\/03\/NRL-grup-ELA_19_07_baixa-768x511.jpg 768w\" sizes=\"(max-width: 800px) 100vw, 800px\" \/><\/p>\n<hr \/>\n<p><a href=\"http:\/\/blogs.bellvitgehospital.cat\/aulaela\/equipo-ufela\/\"><span style=\"text-decoration: underline;\"><strong><span style=\"color: #333333; text-decoration: underline;\">Unidad Funcional de\u00a0Motoneurona<\/span><\/strong><\/span><\/a><\/p>\n<p style=\"text-align: justify;\">Nuestro equipo multidisciplinario de la Unidad Funcional de Motoneurona (UFMNA) est\u00e1 compuesto por un seguido de expertos cl\u00ednicos especializados en el tratamiento de los s\u00edntomas y evoluci\u00f3n de la enfermedad.<\/p>\n<p style=\"text-align: justify;\">El equipo, coordinado por la Dra. M\u00f3nica Povedano, neurofisi\u00f3loga con una amplia experiencia en el diagn\u00f3stico y tratamiento de la ELA, est\u00e1 formado por especialistas en neurofisiolog\u00eda, neumolog\u00eda, terapia ocupacional y fisioterapia, enfermer\u00eda, rehabilitaci\u00f3n, diet\u00e9tica, logopedia, piscolog\u00eda y trabajo social.<\/p>\n<p style=\"text-align: justify;\">Juntos trabajamos para conseguir un abordaje multidisciplinar y personalizado con el objetivo de ayudar a mejorar la calidad de vida de nuestros pacientes.<\/p>\n<hr \/>\n<p style=\"text-align: justify;\"><span style=\"text-decoration: underline;\"><strong><a title=\"Fundaci\u00f3n Miquel Valls\" href=\"http:\/\/blogs.bellvitgehospital.cat\/aulaela\/fundacion-miquel-valls-2\/\"><span style=\"color: #333333; text-decoration: underline;\">Fundaci\u00f3n Miquel Valls<\/span><\/a><\/strong><\/span><\/p>\n<p style=\"text-align: justify;\">Nuestros profesionales de la Unidad Funcional de Motoneurona trabajan estrechamente con los profesionales de la Fundaci\u00f3n Miquel Valls, la \u00fanica entidad sin \u00e1nimo de lucro de Catalu\u00f1a que se dedica al tratamiento y el apoyo a pacientes con ELA y sus cuidadores.<\/p>\n<p style=\"text-align: justify;\">El trabajo conjunto entre el hospital y la fundaci\u00f3n nos permite ofrecer una atenci\u00f3n integral y espec\u00edfica a los afectados de ELA y sus fam\u00edlias. Avanzando hacia la mejora del tratamiento y el abordaje de la enfermedad mediante los esfuerzos destinados a investigaci\u00f3n.<\/p>\n<p style=\"text-align: justify;\">\n","protected":false},"excerpt":{"rendered":"<p>Unidad Funcional de\u00a0Motoneurona Nuestro equipo multidisciplinario de la Unidad Funcional de Motoneurona (UFMNA) est\u00e1 compuesto por un seguido de expertos cl\u00ednicos especializados en el tratamiento de los s\u00edntomas y evoluci\u00f3n de la enfermedad. El equipo, coordinado por la Dra. M\u00f3nica &hellip; <a href=\"http:\/\/blogs.bellvitgehospital.cat\/aulaela\/profesionales\/\">Continua llegint <span class=\"meta-nav\">&rarr;<\/span><\/a><\/p>\n","protected":false},"author":10,"featured_media":0,"parent":0,"menu_order":0,"comment_status":"closed","ping_status":"closed","template":"","meta":[],"_links":{"self":[{"href":"http:\/\/blogs.bellvitgehospital.cat\/aulaela\/wp-json\/wp\/v2\/pages\/470"}],"collection":[{"href":"http:\/\/blogs.bellvitgehospital.cat\/aulaela\/wp-json\/wp\/v2\/pages"}],"about":[{"href":"http:\/\/blogs.bellvitgehospital.cat\/aulaela\/wp-json\/wp\/v2\/types\/page"}],"author":[{"embeddable":true,"href":"http:\/\/blogs.bellvitgehospital.cat\/aulaela\/wp-json\/wp\/v2\/users\/10"}],"replies":[{"embeddable":true,"href":"http:\/\/blogs.bellvitgehospital.cat\/aulaela\/wp-json\/wp\/v2\/comments?post=470"}],"version-history":[{"count":6,"href":"http:\/\/blogs.bellvitgehospital.cat\/aulaela\/wp-json\/wp\/v2\/pages\/470\/revisions"}],"predecessor-version":[{"id":1952,"href":"http:\/\/blogs.bellvitgehospital.cat\/aulaela\/wp-json\/wp\/v2\/pages\/470\/revisions\/1952"}],"wp:attachment":[{"href":"http:\/\/blogs.bellvitgehospital.cat\/aulaela\/wp-json\/wp\/v2\/media?parent=470"}],"curies":[{"name":"wp","href":"https:\/\/api.w.org\/{rel}","templated":true}]}}