{"id":466,"date":"2014-09-17T14:45:40","date_gmt":"2014-09-17T14:45:40","guid":{"rendered":"http:\/\/blogs.bellvitgehospital.cat\/aulaela\/?page_id=466"},"modified":"2025-03-21T13:44:20","modified_gmt":"2025-03-21T12:44:20","slug":"equipo-ufela","status":"publish","type":"page","link":"http:\/\/blogs.bellvitgehospital.cat\/aulaela\/equipo-ufela\/","title":{"rendered":"Equipo UFMNA"},"content":{"rendered":"<p>Equipo de profesionales de la Unidad Funcional de Motoneurona:<\/p>\n<table style=\"height: 725px;\" border=\"0\" width=\"639\">\n<tbody>\n<tr>\n<td>\n<h5><span style=\"color: #333333;\"><strong>Coordinaci\u00f3n<\/strong><\/span><br \/>\n<span style=\"color: #333333;\">Dra. M\u00f2nica Povedano<\/span><\/h5>\n<h5><span style=\"color: #333333;\"><strong>Neurolog\u00eda<\/strong><br \/>\nDr. Raul Dom\u00ednguez<br \/>\nDr. Alejandro Caravaca<br \/>\nDr. Andr\u00e9s Paipa (investigaci\u00f3n)<\/span><\/h5>\n<h5><strong>Pneumolog\u00eda<\/strong><br \/>\nDra. Eva Farrero<br \/>\nDr. Enric Prats<br \/>\nDr. Mikel Sarasate<br \/>\nDra. Anna C\u00f3rdoba<\/h5>\n<h5><strong>Terapia ocupacional y fisioterapia<\/strong><br \/>\nLlu\u00eds Mateu<br \/>\nC\u00e8lia Esbr\u00ed<br \/>\nKilian G\u00f3mez<br \/>\nN\u00faria Quintana (FMV)<br \/>\nCristina Iglesias (FMV)<br \/>\nLucian Baglivo<\/h5>\n<h5><span style=\"color: #333333;\"><strong>Enfermer\u00eda<\/strong><\/span><br \/>\n<span style=\"color: #333333;\">Laia Pallar\u00e8s<\/span><br \/>\n<span style=\"color: #333333;\">Edel Anton<\/span><br \/>\n<span style=\"color: #333333;\">M\u00f2nica Meseguer<\/span><\/h5>\n<h5><span style=\"color: #333333;\"><strong>Endocrinolog\u00eda y Nutrici\u00f3n<\/strong><\/span><br \/>\n<span style=\"color: #333333;\">Dr. Rafael L\u00f3pez Urdiales<\/span><\/h5>\n<\/td>\n<td>\n<h5><strong>Diet\u00e8tica<\/strong><br \/>\nVer\u00f2nica Herrera<br \/>\nCarlota Martin<\/h5>\n<h5><strong>Logopedia<\/strong><br \/>\nStephanie Riera<\/h5>\n<h5><span style=\"color: #333333;\"><strong>Rehabilitaci\u00f3n<\/strong><\/span><br \/>\n<span style=\"color: #333333;\">Dr. Ferran Nacenta<\/span><br \/>\n<span style=\"color: #333333;\">Dr. Alejandro Arencibia<\/span><\/h5>\n<h5><strong>Trabajo social<\/strong><br \/>\nAna\u00efs S\u00e1nchez (FMV)<br \/>\nAlba Vilanova (FMV)<\/h5>\n<h5><span style=\"color: #333333;\"><strong>Psicolog\u00eda<\/strong><\/span><br \/>\n<span style=\"color: #333333;\">Montse Gim\u00e9nez (FMV)<\/span><\/h5>\n<h5><span style=\"color: #333333;\"><strong>Administraci\u00f3n<\/strong><\/span><br \/>\n<span style=\"color: #333333;\">Sr. Jos\u00e9 Luis Moreno<\/span><\/h5>\n<h5><strong>Laboratorio de investigaci\u00f3n<\/strong><br \/>\nDr. Pol Andr\u00e9s Benito<br \/>\nSergio Roca<br \/>\nYaiza L\u00f3pez<br \/>\nPol Mengod<br \/>\nAntonia Vinyals<\/h5>\n<h5><span style=\"color: #333333;\"><strong>Gesti\u00f3n<\/strong><\/span><br \/>\n<span style=\"color: #333333;\">Cristina Terrafeta<\/span><\/h5>\n<h5><strong>Data Entry<\/strong><br \/>\nGuillem Borges<\/h5>\n<h5><span style=\"color: #333333;\">*FMV: Fundaci\u00f3n Miquel Valls<\/span><\/h5>\n<\/td>\n<\/tr>\n<\/tbody>\n<\/table>\n<p><strong><img loading=\"lazy\" class=\"alignleft wp-image-275\" src=\"http:\/\/blogs.bellvitgehospital.cat\/aulaela\/wp-content\/uploads\/sites\/2\/2014\/06\/UFELA-Povedano-225x300.jpg\" alt=\"UFELA-Povedano\" width=\"170\" height=\"227\" srcset=\"http:\/\/blogs.bellvitgehospital.cat\/aulaela\/wp-content\/uploads\/sites\/2\/2014\/06\/UFELA-Povedano-225x300.jpg 225w, http:\/\/blogs.bellvitgehospital.cat\/aulaela\/wp-content\/uploads\/sites\/2\/2014\/06\/UFELA-Povedano-768x1024.jpg 768w, http:\/\/blogs.bellvitgehospital.cat\/aulaela\/wp-content\/uploads\/sites\/2\/2014\/06\/UFELA-Povedano.jpg 1519w\" sizes=\"(max-width: 170px) 100vw, 170px\" \/><\/strong><\/p>\n<p style=\"padding-left: 210px;\">Dra. M\u00f2nica Povedano Panad\u00e9s<br \/>\n<strong>Especialidad:<\/strong> Neurofisiolog\u00eda cl\u00ednica<br \/>\n<strong>Formaci\u00f3n i trayectoria:\u00a0<\/strong><br \/>\nCoordinadora de la UFELA\u00a0i del laboratorio de electromiograf\u00eda del Hospital Universitario de Bellvitge.<br \/>\nM\u00e9dico especialista en neurofisiolog\u00eda cl\u00ednica (EMG y enfermedad\u00a0de la motoneurona) del Hospital Universitario de Bellvitge.<br \/>\nFormada en enfermedad\u00a0de la motoneurona en el\u00a0California Pacific Medical Center (Dr Miller) y en\u00a0la Columbia University (Dr Mitsumoto).<\/p>\n<hr \/>\n<p><img loading=\"lazy\" class=\"alignleft wp-image-369\" src=\"http:\/\/blogs.bellvitgehospital.cat\/aulaela\/wp-content\/uploads\/sites\/2\/2014\/06\/sin-t\u00edtulo_14_13-225x300.jpg\" alt=\"equip UFELA\" width=\"170\" height=\"227\" \/><\/p>\n<p style=\"padding-left: 210px;\">Dr. Enric Prats Soro<br \/>\n<strong>Especialidad:<\/strong>\u00a0Neumolog\u00eda<br \/>\n<strong>Formaci\u00f3n i trayectoria:<\/strong><br \/>\nM\u00e9dico especialista del Servicio de Neumolog\u00eda del Hospital Universitario de Bellvitge.<br \/>\nExperiencia profesional en el campo de la insuficiencia respiratoria y en el tratamiento con ventilaci\u00f3n mec\u00e1nica, tanto hospitalaria como domiciliaria.<\/p>\n<hr \/>\n<p><img loading=\"lazy\" class=\"alignleft wp-image-367\" src=\"http:\/\/blogs.bellvitgehospital.cat\/aulaela\/wp-content\/uploads\/sites\/2\/2014\/06\/sin-t\u00edtulo_14_06-225x300.jpg\" alt=\"Equip UFELA\" width=\"170\" height=\"227\" \/><\/p>\n<p style=\"padding-left: 210px;\">Dra Eva Farrero Mu\u00f1oz<br \/>\n<strong>Especialidad:<\/strong>\u00a0Neumolog\u00eda<br \/>\n<strong>Formaci\u00f3n i trayectoria:<\/strong><br \/>\nM\u00e9dico especialista del Servicio de Neumolog\u00eda del Hospital Universitario de Bellvitge.<br \/>\nActividad profesional y de investigaci\u00f3n\u00a0centrada en el tratamiento con ventilaci\u00f3n mec\u00e1nica domiciliaria, con especial\u00a0dedicaci\u00f3n a la patolog\u00eda neuromuscular.<\/p>\n<hr \/>\n<p><img loading=\"lazy\" class=\"alignleft wp-image-272\" src=\"http:\/\/blogs.bellvitgehospital.cat\/aulaela\/wp-content\/uploads\/sites\/2\/2014\/06\/NRL-Grup-ELA_140530_04-224x300.jpg\" alt=\"NRL-Grup-ELA_140530_04\" width=\"170\" height=\"227\" srcset=\"http:\/\/blogs.bellvitgehospital.cat\/aulaela\/wp-content\/uploads\/sites\/2\/2014\/06\/NRL-Grup-ELA_140530_04-224x300.jpg 224w, http:\/\/blogs.bellvitgehospital.cat\/aulaela\/wp-content\/uploads\/sites\/2\/2014\/06\/NRL-Grup-ELA_140530_04-767x1024.jpg 767w, http:\/\/blogs.bellvitgehospital.cat\/aulaela\/wp-content\/uploads\/sites\/2\/2014\/06\/NRL-Grup-ELA_140530_04.jpg 1411w\" sizes=\"(max-width: 170px) 100vw, 170px\" \/><\/p>\n<p style=\"padding-left: 210px;\">Dr.\u00a0Ferran Nacenta Arias<br \/>\n<strong>Especialidad<\/strong>: \u00a0Medicina F\u00edsica i Rehabilitaci\u00f3n<br \/>\n<strong>Formaci\u00f3n i trayectoria:<\/strong><br \/>\nM\u00e9dico especialista del Servicio de Rehabilitaci\u00f3n del Hospital Universitario de Bellvitge.<br \/>\nFormado en rehabilitaci\u00f3n y medicina f\u00edsica en el Hospital Universitario de Bellvitge.<\/p>\n<hr \/>\n<p><img loading=\"lazy\" class=\"alignleft wp-image-271\" src=\"http:\/\/blogs.bellvitgehospital.cat\/aulaela\/wp-content\/uploads\/sites\/2\/2014\/06\/NRL-Grup-ELA_140530_03-225x300.jpg\" alt=\"NRL-Grup-ELA_140530_03\" width=\"170\" height=\"227\" srcset=\"http:\/\/blogs.bellvitgehospital.cat\/aulaela\/wp-content\/uploads\/sites\/2\/2014\/06\/NRL-Grup-ELA_140530_03-225x300.jpg 225w, http:\/\/blogs.bellvitgehospital.cat\/aulaela\/wp-content\/uploads\/sites\/2\/2014\/06\/NRL-Grup-ELA_140530_03-768x1024.jpg 768w, http:\/\/blogs.bellvitgehospital.cat\/aulaela\/wp-content\/uploads\/sites\/2\/2014\/06\/NRL-Grup-ELA_140530_03.jpg 1589w\" sizes=\"(max-width: 170px) 100vw, 170px\" \/><\/p>\n<p style=\"padding-left: 210px;\">Sr. Llu\u00eds Mateu G\u00f3mez<br \/>\n<strong>Especialidad: <\/strong>Fisioterapia<br \/>\n<strong>Formaci\u00f3n i trayectoria:<\/strong><br \/>\nFisioterapeuta de la Unidad Funcional de ELA del Hospital Universitario de Bellvitge.<br \/>\nDiplomado en Fisioterapia y en Enfermer\u00eda.<br \/>\nM\u00e1ster en Fisioterapia del t\u00f3rax.<\/p>\n<hr \/>\n<p style=\"padding-left: 210px;\">\n<p><img loading=\"lazy\" class=\"alignleft wp-image-276\" src=\"http:\/\/blogs.bellvitgehospital.cat\/aulaela\/wp-content\/uploads\/sites\/2\/2014\/06\/NRL-Grup-ELA_140530_01-224x300.jpg\" alt=\"NRL-Grup-ELA_140530_01\" width=\"170\" height=\"227\" srcset=\"http:\/\/blogs.bellvitgehospital.cat\/aulaela\/wp-content\/uploads\/sites\/2\/2014\/06\/NRL-Grup-ELA_140530_01-224x300.jpg 224w, http:\/\/blogs.bellvitgehospital.cat\/aulaela\/wp-content\/uploads\/sites\/2\/2014\/06\/NRL-Grup-ELA_140530_01-767x1024.jpg 767w, http:\/\/blogs.bellvitgehospital.cat\/aulaela\/wp-content\/uploads\/sites\/2\/2014\/06\/NRL-Grup-ELA_140530_01.jpg 1847w\" sizes=\"(max-width: 170px) 100vw, 170px\" \/><\/p>\n<p style=\"padding-left: 210px;\">Sra. Ver\u00f3nica Herrera Rodr\u00edguez<br \/>\n<strong style=\"text-align: justify;\">Especialidad: <\/strong><span style=\"text-align: justify;\">Diet\u00e9tica i nutrici\u00f3n<\/span><br \/>\n<strong style=\"text-align: justify;\">Formaci\u00f3n i\u00a0trayectoria:<\/strong><br \/>\nDietista &#8211; nutricionista en el Hospital Universitario de Bellvitge, referente de enfermedades neurol\u00f3gicas.<br \/>\n<span style=\"text-align: justify;\">Diplomada en Nutrici\u00f3n Humana i Diet\u00e9tica en el CESNID.<\/span><br \/>\n<span style=\"text-align: justify;\">M\u00e1ster en Nutrici\u00f3n y Metabolismo en la\u00a0UB.<\/span><\/p>\n<hr \/>\n<p><img loading=\"lazy\" class=\"alignleft wp-image-366\" src=\"http:\/\/blogs.bellvitgehospital.cat\/aulaela\/wp-content\/uploads\/sites\/2\/2014\/06\/sin-t\u00edtulo_14_15-224x300.jpg\" alt=\"equip UFELA\" width=\"170\" height=\"227\" \/><\/p>\n<p style=\"padding-left: 210px;\"><strong>Administraci\u00f3n<\/strong><br \/>\nSr. Jose Lu\u00eds Moreno Morej\u00f3n<\/p>\n","protected":false},"excerpt":{"rendered":"<p>Equipo de profesionales de la Unidad Funcional de Motoneurona: Coordinaci\u00f3n Dra. M\u00f2nica Povedano Neurolog\u00eda Dr. Raul Dom\u00ednguez Dr. Alejandro Caravaca Dr. Andr\u00e9s Paipa (investigaci\u00f3n) Pneumolog\u00eda Dra. Eva Farrero Dr. Enric Prats Dr. Mikel Sarasate Dra. Anna C\u00f3rdoba Terapia ocupacional y &hellip; <a href=\"http:\/\/blogs.bellvitgehospital.cat\/aulaela\/equipo-ufela\/\">Continua llegint <span class=\"meta-nav\">&rarr;<\/span><\/a><\/p>\n","protected":false},"author":10,"featured_media":0,"parent":0,"menu_order":0,"comment_status":"closed","ping_status":"closed","template":"","meta":[],"_links":{"self":[{"href":"http:\/\/blogs.bellvitgehospital.cat\/aulaela\/wp-json\/wp\/v2\/pages\/466"}],"collection":[{"href":"http:\/\/blogs.bellvitgehospital.cat\/aulaela\/wp-json\/wp\/v2\/pages"}],"about":[{"href":"http:\/\/blogs.bellvitgehospital.cat\/aulaela\/wp-json\/wp\/v2\/types\/page"}],"author":[{"embeddable":true,"href":"http:\/\/blogs.bellvitgehospital.cat\/aulaela\/wp-json\/wp\/v2\/users\/10"}],"replies":[{"embeddable":true,"href":"http:\/\/blogs.bellvitgehospital.cat\/aulaela\/wp-json\/wp\/v2\/comments?post=466"}],"version-history":[{"count":30,"href":"http:\/\/blogs.bellvitgehospital.cat\/aulaela\/wp-json\/wp\/v2\/pages\/466\/revisions"}],"predecessor-version":[{"id":20148,"href":"http:\/\/blogs.bellvitgehospital.cat\/aulaela\/wp-json\/wp\/v2\/pages\/466\/revisions\/20148"}],"wp:attachment":[{"href":"http:\/\/blogs.bellvitgehospital.cat\/aulaela\/wp-json\/wp\/v2\/media?parent=466"}],"curies":[{"name":"wp","href":"https:\/\/api.w.org\/{rel}","templated":true}]}}