{"id":463,"date":"2014-09-17T12:53:26","date_gmt":"2014-09-17T12:53:26","guid":{"rendered":"http:\/\/blogs.bellvitgehospital.cat\/aulaela\/?page_id=463"},"modified":"2014-09-18T15:08:37","modified_gmt":"2014-09-18T15:08:37","slug":"que-es-la-ela","status":"publish","type":"page","link":"http:\/\/blogs.bellvitgehospital.cat\/aulaela\/que-es-la-ela\/","title":{"rendered":"Qu\u00e9 es la ELA"},"content":{"rendered":"<p style=\"text-align: justify;\">La <strong>Esclerosis Lateral Amiotr\u00f3fica<\/strong> (ELA), tambi\u00e9n conocida como enfermedad de Lou Gehrig, es una enfermedad neurodegenerativa que afecta a las neuronas motores del cerebro, del tronco encef\u00e1lico y de la m\u00e9dula espinal, y que son las c\u00e9lulas encargadas de transmitir la orden del movimiento voluntario del cerebro a los m\u00fasculos.<\/p>\n<p style=\"text-align: justify;\">Las enfermedades de motoneurona hacen referencia a aquellos s\u00edntomas cl\u00ednicos donde hay afectaci\u00f3n de la primera motoneurona, de la segunda motoneurona o de ambas. Dentro de estas enfermedades, la ELA, que presenta afectaci\u00f3n en ambas motoneuronas, es la m\u00e1s frecuente.<\/p>\n<p style=\"text-align: justify;\"><img loading=\"lazy\" class=\"aligncenter wp-image-34 size-large\" src=\"http:\/\/blogs.bellvitgehospital.cat\/aulaela\/wp-content\/uploads\/sites\/2\/2014\/06\/foto-explicacio3-1024x696.png\" alt=\"ELA que es\" width=\"640\" height=\"435\" \/><\/p>\n<p style=\"text-align: justify;\"><strong>Caracter\u00edsticas<\/strong><\/p>\n<p style=\"text-align: justify;\">La degeneraci\u00f3n de las neuronas motores hace que la capacidad del cerebro de iniciar y controlar el movimiento muscular se pierda. Como consecuencia, los pacientes presentan una <strong>atrofia muscular<\/strong> que avanza provocando par\u00e1lisis progresiva. A parte de la autonom\u00eda motora, la capacidad de habla, degluci\u00f3n y respiraci\u00f3n tambi\u00e9n se ven afectadas.<\/p>\n<p style=\"text-align: justify;\">La ELA es considerada una <strong>enfermedad minoritaria<\/strong> o rara, dado que su prevalencia (nombre de personas que sufren la enfermedad) se sit\u00faa entre 6-8 personas afectadas\/ 100.000 habitantes. De todas maneras, no podemos olvidar que no dejan de diagnosticarse casos. La incidencia de la enfermedad es de 1-3 casos nuevos\/ 100.000 habitantes al a\u00f1o.<\/p>\n<p style=\"text-align: justify;\">La ELA afecta principalmente a <strong>personas de entre 40 y 70 a\u00f1os<\/strong>, pero tambi\u00e9n puede afectar a personas m\u00e1s j\u00f3venes o de edad m\u00e1s avanzada. Los hombres presentan una incidencia ligeramente m\u00e1s elevada que las mujeres. Afecta a personas de todo el mundo, de cualquier raza y origen \u00e9tnico.<\/p>\n<p style=\"text-align: justify;\">Se calcula que hay unas 400 personas afectadas en Catalu\u00f1a, 4.000 en toda Espa\u00f1a y 350.000 a nivel mundial. Cada a\u00f1o se diagnostican unos 120.000 casos nuevos en todo el mundo.<\/p>\n<p style=\"text-align: justify;\"><strong>S\u00edntomas<\/strong><\/p>\n<p style=\"text-align: justify;\">Los primeros s\u00edntomas de la ELA pueden ser tan sutiles que a menudo pasan desapercibidos. En algunos casos, los s\u00edntomas afectan inicialmente a una de las piernas y los pacientes experimentan dificultad para caminar o correr o tropiezan con m\u00e1s frecuencia. En otros pacientes, la afectaci\u00f3n inicial se produce en una mano o un brazo y experimentan dificultades con tareas sencillas que requieren cierta destreza manual como abotonar una camisa, escribir o girar la llave en la cerradura. Otros pacientes notan problemas de habla o dificultades para masticar o tragar.<\/p>\n<p style=\"text-align: justify;\"><img loading=\"lazy\" class=\"aligncenter size-large wp-image-33\" src=\"http:\/\/blogs.bellvitgehospital.cat\/aulaela\/wp-content\/uploads\/sites\/2\/2014\/06\/foto-explicacio2-1024x941.png\" alt=\"ELA fenotipo genotipo\" width=\"640\" height=\"588\" \/><\/p>\n<p style=\"text-align: justify;\">Es importante destacar que <strong>no hay dos casos exactamente iguales<\/strong> de ELA. Los s\u00edntomas y la progresi\u00f3n de la enfermedad pueden variar mucho de una persona a otra y es necesario tratar cada caso seg\u00fan las necesidades espec\u00edficas y la situaci\u00f3n familiar concreta. Uno de los casos m\u00e1s conocidos de personas afectadas de ELA es el f\u00edsico brit\u00e1nico Stephen Hawking, que fue diagnosticado en el 1963, cando s\u00f3lo ten\u00eda 21 a\u00f1os. Es muy importante que el diagn\u00f3stico de la ELA lo realice un <strong>neur\u00f3logo cualificado<\/strong> y especializado en la enfermedad, ya que el diagn\u00f3stico es cl\u00ednico y no hay un test espec\u00edfico.<\/p>\n<p style=\"text-align: justify;\">Estudios recientes han puesto de manifiesto que la ELA se puede presentar asociada a la demencia frontotemporal, hecho que implica que en algunos casos las personas afectadas puedan presentar tambi\u00e9n alteraciones a nivel cognitivo o conductual, en mayor o menor grado.<\/p>\n<p style=\"text-align: justify;\">Aun as\u00ed, en la mayor\u00eda de casos la persona afectada es plenamente consciente de su situaci\u00f3n y del proceso evolutivo de la enfermedad. La ELA tampoco afecta a la capacidad de la persona de ver, oler, sentir o reconocer el tacto.<\/p>\n<p style=\"text-align: justify;\"><strong>Causas<\/strong><\/p>\n<p style=\"text-align: justify;\">Las causas de la ELA son desconocidas y los cient\u00edficos todav\u00eda no saben porqu\u00e9 la ELA afecta a algunas personas y otras no. Algunos mecanismos fisiopatol\u00f3gicos involucrados en la enfermedad son:<\/p>\n<p style=\"text-align: justify; padding-left: 60px;\">\u2022 la disponibilidad disminuida de factores neurotr\u00f3ficos<br \/>\n\u2022 las alteraciones en el metabolismo del calcio<br \/>\n\u2022 la excitotoxicidad por glutamato<br \/>\n\u2022 el aumento de la respuesta neuroinflamatoria<br \/>\n\u2022 los cambios en el citoesqueleto<br \/>\n\u2022 el estr\u00e9s oxidativo<br \/>\n\u2022 el dan\u00f1o mitocondrial<br \/>\n\u2022 la agregaci\u00f3n proteica<br \/>\n\u2022 las alteraciones en la transcripci\u00f3n<br \/>\n\u2022 las alteraciones en la microglia,\u00a0etc.<\/p>\n<p style=\"text-align: justify;\">Entre el 90-95% de los casos de la ELA son considerados casos de la <strong>ELA<\/strong><strong> espor\u00e1dica<\/strong>, en los cuales la enfermedad ocurre aparentemente al azar, sin ning\u00fan factor de riesgo claramente asociado, aunque se cree que intervienen tantos factores end\u00f3genos (gen\u00e9ticos y metab\u00f3licos) como ex\u00f3genos (ambientales y relacionados con el estilo de vida). Algunos de los factores que se cree que podr\u00edan estar relacionados con la aparici\u00f3n de la enfermedad, aunque no se ha podido comprobar claramente, son:<\/p>\n<p style=\"padding-left: 60px;\">\u2022 la exposici\u00f3n a t\u00f3xicos o a ciertos productos qu\u00edmicos (metales pesados,\u00a0pesticidas, herbicidas, disolventes, etc.)<br \/>\n\u2022 las tareas\u00a0que implican esfuerzo f\u00edsico<br \/>\n\u2022 el ejercicio f\u00edsico excesivo<br \/>\n\u2022 los\u00a0traumatismos<br \/>\n\u2022 el tabaquismo<\/p>\n<p style=\"text-align: justify;\">En estos casos, los familiares de los enfermos no tienen un riesgo m\u00e1s elevado de desarrollar la ELA.<\/p>\n<p style=\"text-align: justify;\">En el 5-10% de los casos restantes, es <strong>ELA familiar y hereditaria<\/strong> y se han descrito algunos de los genes implicados (SOD1, ALSIN, VAPB, TARDBP, FUS, SETX, OPTN, VCP, ANG, UBQLN2, C9ORF72).<\/p>\n<p style=\"text-align: justify;\"><img loading=\"lazy\" class=\"aligncenter size-large wp-image-32\" src=\"http:\/\/blogs.bellvitgehospital.cat\/aulaela\/wp-content\/uploads\/sites\/2\/2014\/06\/foto-explicacio1-1024x723.png\" alt=\"ELA explicacion causay y tratamiento\" width=\"640\" height=\"451\" \/><\/p>\n<p style=\"text-align: justify;\"><img loading=\"lazy\" class=\"aligncenter size-large wp-image-37\" src=\"http:\/\/blogs.bellvitgehospital.cat\/aulaela\/wp-content\/uploads\/sites\/2\/2014\/06\/Foto-explicacio-4-1024x674.png\" alt=\"what is ELA DNA\" width=\"640\" height=\"421\" \/><\/p>\n<p style=\"text-align: justify;\"><strong>Abordaje y tratamiento<\/strong><\/p>\n<p style=\"text-align: justify;\">El \u00fanico medicamento aprobado actualmente es el <strong>Riluzol<\/strong>, que ralentiza la progresi\u00f3n de la enfermedad.<\/p>\n<p style=\"text-align: justify;\">La atenci\u00f3n a los pacientes de ELA est\u00e1 enfocada a aliviar los s\u00edntomas de la enfermedad y mejorar su calidad de vida y la de las familias. Cabe destacar que diversos estudios publicados hasta la fecha han ido demostrando que <strong>la atenci\u00f3n integral y multidisciplinar por parte de un equipo de profesionales especializados en la enfermedad mejora significativamente la calidad de vida<\/strong> de las personas afectadas por la ELA y la de sus familias, hasta el punto que contribuye a ralentizar el proceso evolutivo de la enfermedad.<\/p>\n<p style=\"text-align: justify;\">Como la enfermedad afecta a diferentes \u00f3rganos y funciones, requiere ser tratada por diferentes especialistas, que puedan dar una respuesta adecuada a las necesidades que vayan saliendo.<\/p>\n<p style=\"text-align: justify;\">En todo proceso, tambi\u00e9n hace falta ofrecer soporte a los familiares y al entorno cercano, dado que a menudo se ven superados por la dureza de la situaci\u00f3n.<\/p>\n<p style=\"text-align: justify;\">La esperanza radica en el hecho que las investigaciones acaben dando su fruto y se encuentre un tratamiento efectivo para la ELA.<\/p>\n<p style=\"text-align: justify;\">En los \u00faltimos a\u00f1os se han producido avances importantes en el conocimiento de la enfermedad y se ha incrementado el n\u00famero de ensayos cl\u00ednicos dirigido a encontrar nuevos f\u00e1rmacos y tratamientos efectivos. Actualmente, cient\u00edficos y m\u00e9dicos de todo el mundo est\u00e1n trabajando en diferentes v\u00edas y estrategias para alcanzar un objetivo com\u00fan: \u201cvencer a la ELA\u201d.<\/p>\n<div class=\"sharedaddy sd-sharing-enabled\"><div class=\"robots-nocontent sd-block sd-social sd-social-icon sd-sharing\"><h3 class=\"sd-title\">Comparteix aix\u00f2:<\/h3><div class=\"sd-content\"><ul><li class=\"share-facebook\"><a rel=\"nofollow\" data-shared=\"sharing-facebook-463\" class=\"share-facebook sd-button share-icon no-text\" href=\"http:\/\/blogs.bellvitgehospital.cat\/aulaela\/que-es-la-ela\/?share=facebook\" target=\"_blank\" title=\"Comparteix al Facebook\"><span><\/span><span class=\"sharing-screen-reader-text\">Comparteix al Facebook (Opens in new window)<\/span><\/a><\/li><li class=\"share-twitter\"><a rel=\"nofollow\" data-shared=\"sharing-twitter-463\" class=\"share-twitter sd-button share-icon no-text\" href=\"http:\/\/blogs.bellvitgehospital.cat\/aulaela\/que-es-la-ela\/?share=twitter\" target=\"_blank\" title=\"Feu clic per compartir al Twitter\"><span><\/span><span class=\"sharing-screen-reader-text\">Feu clic per compartir al Twitter (Opens in new window)<\/span><\/a><\/li><li class=\"share-google-plus-1\"><a rel=\"nofollow\" data-shared=\"sharing-google-463\" class=\"share-google-plus-1 sd-button share-icon no-text\" href=\"http:\/\/blogs.bellvitgehospital.cat\/aulaela\/que-es-la-ela\/?share=google-plus-1\" target=\"_blank\" title=\"Feu clic per compartir a Google+\"><span><\/span><span class=\"sharing-screen-reader-text\">Feu clic per compartir a Google+ (Opens in new window)<\/span><\/a><\/li><li class=\"share-email\"><a rel=\"nofollow\" data-shared=\"\" class=\"share-email sd-button share-icon no-text\" href=\"http:\/\/blogs.bellvitgehospital.cat\/aulaela\/que-es-la-ela\/?share=email\" target=\"_blank\" title=\"Feu clic per enviar un correu electr\u00f2nic a un amic\"><span><\/span><span class=\"sharing-screen-reader-text\">Feu clic per enviar un correu electr\u00f2nic a un amic (Opens in new window)<\/span><\/a><\/li><li class=\"share-print\"><a rel=\"nofollow\" data-shared=\"\" class=\"share-print sd-button share-icon no-text\" href=\"http:\/\/blogs.bellvitgehospital.cat\/aulaela\/que-es-la-ela\/\" target=\"_blank\" title=\"Feu clic per imprimir\"><span><\/span><span class=\"sharing-screen-reader-text\">Feu clic per imprimir (Opens in new window)<\/span><\/a><\/li><li class=\"share-end\"><\/li><\/ul><\/div><\/div><\/div>","protected":false},"excerpt":{"rendered":"<p>La Esclerosis Lateral Amiotr\u00f3fica (ELA), tambi\u00e9n conocida como enfermedad de Lou Gehrig, es una enfermedad neurodegenerativa que afecta a las neuronas motores del cerebro, del tronco encef\u00e1lico y de la m\u00e9dula espinal, y que son las c\u00e9lulas encargadas de transmitir &hellip; <a href=\"http:\/\/blogs.bellvitgehospital.cat\/aulaela\/que-es-la-ela\/\">Continua llegint <span class=\"meta-nav\">&rarr;<\/span><\/a><\/p>\n<div class=\"sharedaddy sd-sharing-enabled\"><div class=\"robots-nocontent sd-block sd-social sd-social-icon sd-sharing\"><h3 class=\"sd-title\">Comparteix aix\u00f2:<\/h3><div class=\"sd-content\"><ul><li class=\"share-facebook\"><a rel=\"nofollow\" data-shared=\"sharing-facebook-463\" class=\"share-facebook sd-button share-icon no-text\" href=\"http:\/\/blogs.bellvitgehospital.cat\/aulaela\/que-es-la-ela\/?share=facebook\" target=\"_blank\" title=\"Comparteix al Facebook\"><span><\/span><span class=\"sharing-screen-reader-text\">Comparteix al Facebook (Opens in new window)<\/span><\/a><\/li><li class=\"share-twitter\"><a rel=\"nofollow\" data-shared=\"sharing-twitter-463\" class=\"share-twitter sd-button share-icon no-text\" href=\"http:\/\/blogs.bellvitgehospital.cat\/aulaela\/que-es-la-ela\/?share=twitter\" target=\"_blank\" title=\"Feu clic per compartir al Twitter\"><span><\/span><span class=\"sharing-screen-reader-text\">Feu clic per compartir al Twitter (Opens in new window)<\/span><\/a><\/li><li class=\"share-google-plus-1\"><a rel=\"nofollow\" data-shared=\"sharing-google-463\" class=\"share-google-plus-1 sd-button share-icon no-text\" href=\"http:\/\/blogs.bellvitgehospital.cat\/aulaela\/que-es-la-ela\/?share=google-plus-1\" target=\"_blank\" title=\"Feu clic per compartir a Google+\"><span><\/span><span class=\"sharing-screen-reader-text\">Feu clic per compartir a Google+ (Opens in new window)<\/span><\/a><\/li><li class=\"share-email\"><a rel=\"nofollow\" data-shared=\"\" class=\"share-email sd-button share-icon no-text\" href=\"http:\/\/blogs.bellvitgehospital.cat\/aulaela\/que-es-la-ela\/?share=email\" target=\"_blank\" title=\"Feu clic per enviar un correu electr\u00f2nic a un amic\"><span><\/span><span class=\"sharing-screen-reader-text\">Feu clic per enviar un correu electr\u00f2nic a un amic (Opens in new window)<\/span><\/a><\/li><li class=\"share-print\"><a rel=\"nofollow\" data-shared=\"\" class=\"share-print sd-button share-icon no-text\" href=\"http:\/\/blogs.bellvitgehospital.cat\/aulaela\/que-es-la-ela\/\" target=\"_blank\" title=\"Feu clic per imprimir\"><span><\/span><span class=\"sharing-screen-reader-text\">Feu clic per imprimir (Opens in new window)<\/span><\/a><\/li><li class=\"share-end\"><\/li><\/ul><\/div><\/div><\/div>","protected":false},"author":10,"featured_media":0,"parent":0,"menu_order":0,"comment_status":"closed","ping_status":"closed","template":"","meta":[],"_links":{"self":[{"href":"http:\/\/blogs.bellvitgehospital.cat\/aulaela\/wp-json\/wp\/v2\/pages\/463"}],"collection":[{"href":"http:\/\/blogs.bellvitgehospital.cat\/aulaela\/wp-json\/wp\/v2\/pages"}],"about":[{"href":"http:\/\/blogs.bellvitgehospital.cat\/aulaela\/wp-json\/wp\/v2\/types\/page"}],"author":[{"embeddable":true,"href":"http:\/\/blogs.bellvitgehospital.cat\/aulaela\/wp-json\/wp\/v2\/users\/10"}],"replies":[{"embeddable":true,"href":"http:\/\/blogs.bellvitgehospital.cat\/aulaela\/wp-json\/wp\/v2\/comments?post=463"}],"version-history":[{"count":1,"href":"http:\/\/blogs.bellvitgehospital.cat\/aulaela\/wp-json\/wp\/v2\/pages\/463\/revisions"}],"predecessor-version":[{"id":464,"href":"http:\/\/blogs.bellvitgehospital.cat\/aulaela\/wp-json\/wp\/v2\/pages\/463\/revisions\/464"}],"wp:attachment":[{"href":"http:\/\/blogs.bellvitgehospital.cat\/aulaela\/wp-json\/wp\/v2\/media?parent=463"}],"curies":[{"name":"wp","href":"https:\/\/api.w.org\/{rel}","templated":true}]}}