{"id":461,"date":"2014-09-17T12:29:05","date_gmt":"2014-09-17T12:29:05","guid":{"rendered":"http:\/\/blogs.bellvitgehospital.cat\/aulaela\/?page_id=461"},"modified":"2014-09-19T07:57:00","modified_gmt":"2014-09-19T07:57:00","slug":"bellvitge-pacientes","status":"publish","type":"page","link":"http:\/\/blogs.bellvitgehospital.cat\/aulaela\/bellvitge-pacientes\/","title":{"rendered":"Bellvitge Pacientes"},"content":{"rendered":"<hr \/>\n<p><strong><img loading=\"lazy\" class=\"size-medium wp-image-140 aligncenter\" src=\"http:\/\/blogs.bellvitgehospital.cat\/aulaela\/wp-content\/uploads\/sites\/2\/2014\/06\/Logo_BellvitgePacients_color1-300x49.png\" alt=\"Logo_BellvitgePacients_color\" width=\"300\" height=\"49\" srcset=\"http:\/\/blogs.bellvitgehospital.cat\/aulaela\/wp-content\/uploads\/sites\/2\/2014\/06\/Logo_BellvitgePacients_color1-300x49.png 300w, http:\/\/blogs.bellvitgehospital.cat\/aulaela\/wp-content\/uploads\/sites\/2\/2014\/06\/Logo_BellvitgePacients_color1.png 450w\" sizes=\"(max-width: 300px) 100vw, 300px\" \/><\/strong><\/p>\n<p style=\"text-align: justify;\">Bellvitge Pacientes es un proyecto iniciado por el Hospital Universitario de Bellvitge, que nace con el objetivo de <strong>promover y compartir recomendaciones, consejos y h\u00e1bitos de vida saludables,<\/strong> con tal de mejorar la calidad de vida de los pacientes cr\u00f3nicos.<\/p>\n<p style=\"text-align: justify;\">Mediante la creaci\u00f3n de <strong>espacios de di\u00e1logo<\/strong> entre pacientes, cuidadores y profesionales, ofrecemos informaci\u00f3n veraz y fiable, tanto en red como en las sesiones presenciales celebradas en el hospital, dedicadas a diferentes enfermedades. En estos espacios, los pacientes tienen la oportunidad de resolver sus dudas, compartir experiencias y mantener una comunicaci\u00f3n directa con nuestros profesionales de referencia de cada patolog\u00eda.<\/p>\n<p style=\"text-align: justify;\">M\u00e1s all\u00e1 de las sesiones presenciales, Bellvitge Pacientes cuenta con diferentes blogs dedicados a enfermedades cr\u00f3nicas, como la diabetes, la ELA, la fibrosis pulmonar, el dolor y las enfermedades reum\u00e1ticas. El objetivo es crear una comunidad virtual de f\u00e1cil acceso y cercana donde pacientes, cuidadores y familiares interact\u00faen y obtengan informaci\u00f3n de calidad sobre temas de salud.<\/p>\n<p style=\"text-align: justify;\">Bellvitge Pacientes tiene la finalidad de complementar el modelo asistencial cl\u00e1sico, acercando pacientes, cuidadores y profesionales.<\/p>\n<hr \/>\n<p style=\"text-align: justify;\"><strong><img loading=\"lazy\" class=\" wp-image-137 aligncenter\" src=\"http:\/\/blogs.bellvitgehospital.cat\/aulaela\/wp-content\/uploads\/sites\/2\/2014\/06\/ela-color-300x90.png\" alt=\"ela color\" width=\"207\" height=\"62\" srcset=\"http:\/\/blogs.bellvitgehospital.cat\/aulaela\/wp-content\/uploads\/sites\/2\/2014\/06\/ela-color-300x90.png 300w, http:\/\/blogs.bellvitgehospital.cat\/aulaela\/wp-content\/uploads\/sites\/2\/2014\/06\/ela-color.png 658w\" sizes=\"(max-width: 207px) 100vw, 207px\" \/><\/strong><\/p>\n<p style=\"text-align: justify;\">Aula ELA es el espacio de di\u00e1logo dedicado a la <strong>Esclerosis Lateral Amiotr\u00f3fica<\/strong> (ELA) que engloba tanto las aulas realizadas en el Hospital Universitario de Bellvitge como todos los contenidos publicados en el blog.<\/p>\n<p style=\"text-align: justify;\">Aula ELA tiene como objetivo proporcionar informaci\u00f3n de actualidad, documentos, testimonios, recomendaciones, poniendo a disposici\u00f3n de pacientes, cuidadores y familiares un canal de comunicaci\u00f3n directa, fiable y de calidad con los profesionales sanitarios especializados en ELA.<\/p>\n<p style=\"text-align: justify;\">Queremos ayudarte a mejorar.<\/p>\n<p style=\"text-align: justify;\">\n","protected":false},"excerpt":{"rendered":"<p>Bellvitge Pacientes es un proyecto iniciado por el Hospital Universitario de Bellvitge, que nace con el objetivo de promover y compartir recomendaciones, consejos y h\u00e1bitos de vida saludables, con tal de mejorar la calidad de vida de los pacientes cr\u00f3nicos. &hellip; <a href=\"http:\/\/blogs.bellvitgehospital.cat\/aulaela\/bellvitge-pacientes\/\">Continua llegint <span class=\"meta-nav\">&rarr;<\/span><\/a><\/p>\n","protected":false},"author":10,"featured_media":0,"parent":0,"menu_order":0,"comment_status":"closed","ping_status":"closed","template":"","meta":[],"_links":{"self":[{"href":"http:\/\/blogs.bellvitgehospital.cat\/aulaela\/wp-json\/wp\/v2\/pages\/461"}],"collection":[{"href":"http:\/\/blogs.bellvitgehospital.cat\/aulaela\/wp-json\/wp\/v2\/pages"}],"about":[{"href":"http:\/\/blogs.bellvitgehospital.cat\/aulaela\/wp-json\/wp\/v2\/types\/page"}],"author":[{"embeddable":true,"href":"http:\/\/blogs.bellvitgehospital.cat\/aulaela\/wp-json\/wp\/v2\/users\/10"}],"replies":[{"embeddable":true,"href":"http:\/\/blogs.bellvitgehospital.cat\/aulaela\/wp-json\/wp\/v2\/comments?post=461"}],"version-history":[{"count":2,"href":"http:\/\/blogs.bellvitgehospital.cat\/aulaela\/wp-json\/wp\/v2\/pages\/461\/revisions"}],"predecessor-version":[{"id":542,"href":"http:\/\/blogs.bellvitgehospital.cat\/aulaela\/wp-json\/wp\/v2\/pages\/461\/revisions\/542"}],"wp:attachment":[{"href":"http:\/\/blogs.bellvitgehospital.cat\/aulaela\/wp-json\/wp\/v2\/media?parent=461"}],"curies":[{"name":"wp","href":"https:\/\/api.w.org\/{rel}","templated":true}]}}