{"id":46,"date":"2014-06-04T14:20:27","date_gmt":"2014-06-04T14:20:27","guid":{"rendered":"http:\/\/blogs.bellvitgehospital.cat\/aulaela\/?page_id=46"},"modified":"2021-02-02T13:07:55","modified_gmt":"2021-02-02T12:07:55","slug":"documents-interes","status":"publish","type":"page","link":"http:\/\/blogs.bellvitgehospital.cat\/aulaela\/documents-interes\/","title":{"rendered":"Documents"},"content":{"rendered":"<hr \/>\n<p>En aquest apartat podeu consultar i descarregar documents i material d&#8217;inter\u00e8s sobre l&#8217;ELA.<\/p>\n<p><a href=\"https:\/\/bellvitgehospital.cat\/sites\/default\/files\/2021-02\/HUB%20434%20guia%20motoneurona_cat%2021%20intranet.pdf\"><strong>Guia del pacient.<\/strong><\/a> Malaltia de la motoneurona (MMN). Diag\u00f2stic d&#8217;una MMN Qu\u00e8 necessito saber?<\/p>\n<p><strong><a href=\"http:\/\/blogs.bellvitgehospital.cat\/aulaela\/wp-content\/uploads\/sites\/2\/2014\/06\/TSC_13JN_D4.1.2_PALS_Rights_Document_CAT.pdf\"><span style=\"text-decoration: underline;\">Drets fonamentals per a les persones que conviuen amb l&#8217;ELA\/MNM (Malaltia de la Neurona Motora)<\/span> <\/a><\/strong>. Alian\u00e7a Internacional d&#8217;Associacions d&#8217;ELA\/ENM (<a href=\"http:\/\/www.alsmndalliance.org\/?s=rights\">Document original en angl\u00e8s<\/a>).<\/p>\n<p><span style=\"text-decoration: underline;\"><strong><a href=\"http:\/\/www.gacetamedica.com\/noticias-medicina\/2016-06-24\/especializada\/identificados-cuatro-nuevos-genes-cuya-expresion-podria-ser-diferente-en-ela\/pagina.aspx?idart=989213\">Article de la Gaceta M\u00e9dica<\/a><\/strong><\/span> (28 de juny) sobre el I Congr\u00e9s Nacional d&#8217;Investigaci\u00f3 de l\u00a1ELA, celebrat a Sevilla.<\/p>\n<p><span style=\"text-decoration: underline; color: #333333;\"><strong><a title=\"Libro blanco ELA\" href=\"http:\/\/www.bellvitgehospital.cat\/media\/upload\/arxius\/ELA\/LibroBlancoELA.pdf\" target=\"_blank\" rel=\"noopener\"><span style=\"text-decoration: underline; color: #333333;\">Libro blanco de la ELA<\/span><\/a><\/strong><\/span><\/p>\n<p><span style=\"text-decoration: underline; color: #333333;\"><strong><a title=\"Guia ELA \" href=\"http:\/\/www.bellvitgehospital.cat\/media\/upload\/arxius\/ELA\/GuiaELA.pdf\" target=\"_blank\" rel=\"noopener\"><span style=\"text-decoration: underline; color: #333333;\">Guia en l&#8217;ELA de la Societat Catalana de neurologia<\/span><\/a><\/strong><\/span><\/p>\n<p><strong><span style=\"text-decoration: underline; color: #333333;\"><span style=\"text-decoration: underline;\"><a style=\"color: #333333; text-decoration: underline;\" title=\"Butlletins Fundaci\u00f3 Miquel Valls\" href=\"http:\/\/www.fundaciomiquelvalls.org\/ca\/actualitat\/butlleti.html\" target=\"_blank\" rel=\"noopener\">Butllet\u00ed mensual de la Fundaci\u00f3 Miquel Valls<\/a><\/span><\/span><\/strong><\/p>\n<p><span style=\"text-decoration: underline;\"><strong><span style=\"color: #333333;\"><a style=\"color: #333333; text-decoration: underline;\" href=\"http:\/\/blogs.bellvitgehospital.cat\/aulaela\/wp-content\/uploads\/sites\/2\/2015\/01\/posterSENPE_ELA.pdf\" target=\"_blank\" rel=\"noopener\">Seguretat i efic\u00e0cia en la col\u00b7locaci\u00f3 preco\u00e7 de la gastrostomia radiol\u00f2gica percut\u00e0nia (GRP) en pacients amb ELA<\/a><\/span><\/strong><\/span><\/p>\n<hr \/>\n<p><strong>Article d&#8217;opini\u00f3:<\/strong><\/p>\n<p><span style=\"color: #333333;\"><em><a style=\"color: #333333;\" href=\"http:\/\/blogs.elconfidencial.com\/alma-corazon-vida\/mi-batalla-contra-la-ela\/2015-03-18\/jetas-visionarios-vendehumos-e-hipotesis-serias-que-rodean-a-la-desconocida-ela_729981\/\">Mi batalla contra la ELA, Carlos Matallanas<\/a><\/em><\/span>.<\/p>\n<p><strong>Articles en angl\u00e8s:<\/strong><\/p>\n<p><span style=\"text-decoration: underline;\"><em><span style=\"color: #333333;\"><a style=\"color: #333333; text-decoration: underline;\" href=\"http:\/\/blogs.bellvitgehospital.cat\/aulaela\/wp-content\/uploads\/sites\/2\/2015\/01\/JNNP-Rooney-Multidisciplinar-Ireland-2014-Rooney-2014.pdf\">A multidisciplinary clinic approach improves survival\u00a0in ALS: a comparative study of ALS in Ireland and\u00a0Northern Ireland<\/a><\/span><\/em><\/span><\/p>\n<p><span style=\"color: #333333;\"><a style=\"color: #333333;\" href=\"http:\/\/blogs.bellvitgehospital.cat\/aulaela\/wp-content\/uploads\/sites\/2\/2015\/01\/JNNP-Multidisciplinar-Ireland-editorial-Turner.pdf\"><span style=\"text-decoration: underline;\"><em>The standard of care in amyotrophic\u00a0lateral sclerosis: a centralised\u00a0multidisciplinary clinic \u00a0encounter\u00a0sets a new benchmark for a uniquely\u00a0challenging neurodegenerative\u00a0disorder<\/em><\/span><\/a><\/span><\/p>\n<p><em><span style=\"text-decoration: underline;\"><span style=\"color: #333333;\"><a style=\"color: #333333; text-decoration: underline;\" href=\"http:\/\/blogs.bellvitgehospital.cat\/aulaela\/wp-content\/uploads\/sites\/2\/2014\/12\/ALS-review-robberech.compressed.compressed-1.pdf\" target=\"_blank\" rel=\"noopener\">ALS Review Robberecht<\/a>:<\/span><\/span><\/em><br \/>\n<em>Aquest article, publicat el\u00a0passat novembre, ha estat escrit per W. Robberecht, metge que lidera un dels grups m\u00e9s importants d&#8217;ELA, nosaltres vam poder comptar amb el cap de recerca del seu laboratori el passat juny. Aquest article revisa els diferents fenotips, formes de presentaci\u00f3, es q\u00fcestiona el per qu\u00e8 de les diferents presentacions i susceptibilitat neuronal. Remarca el fet que la categoritzaci\u00f3 en criteris de El Escorial es va dur a terme per incorporar a malalts en els estudis, per\u00f2 \u00e9s dif\u00edcil usar aquesta categoritzaci\u00f3 en una malaltia que s&#8217;ha convertit en un complex que va des de \u00a0la dem\u00e8ncia frontotemporal a l\u2019ELA. \u00a0Us recomanem la seva lectura.<\/em><\/p>\n<p><em><a style=\"color: #333333;\" href=\"http:\/\/blogs.bellvitgehospital.cat\/aulaela\/wp-content\/uploads\/sites\/2\/2014\/10\/continum-als.compressed.pdf\">Excel.lent revisi\u00f3 global de la malaltia, els diagn\u00f2stics diferencials i l&#8217;algoritme diagn\u00f2stic<\/a><\/em><\/p>\n<p><span style=\"text-decoration: underline;\"><em><span style=\"color: #333333;\"><a style=\"color: #333333; text-decoration: underline;\" title=\"Ela i rehabilitaci\u00f3\" href=\"http:\/\/blogs.bellvitgehospital.cat\/aulaela\/wp-content\/uploads\/sites\/2\/2014\/11\/ELA-Y-REHAB.pdf\" target=\"_blank\" rel=\"noopener\">Ela i rehabilitaci\u00f3:<\/a><\/span><\/em><\/span><br \/>\n<em>L&#8217;ELA \u00e9s una malaltia incurable, per\u00f2 tractable. A les unitats multidisciplinars la rehabilitaci\u00f3 juga un paper important, per tal de mantenir funcionalitat, independ\u00e8ncia i donar qualitat \u00a0de vida. La variabilitat en l&#8217;inici i curs de la malaltia fa que el tractament hagi d&#8217;estar personalitzat i present des de l &#8216;inici. \u00c9s per aix\u00f2 que l&#8217;Associaci\u00f3 Americana de Neurologia contempla en les seves guies aquest tractament rehabilitador. D&#8217;altra banda, existeixen estudis per tal de valorar la seva efic\u00e0cia , com el que s&#8217;est\u00e0 fent a EEUU amb 60 pacients, valorant diferents tipus de rehabilitaci\u00f3 i el seu efecte sobre la funcionalitat i qualitat de vida.<\/em><\/p>\n<p><span style=\"color: #333333;\"><span style=\"text-decoration: underline;\"><a title=\"Articles\" href=\"http:\/\/blogs.bellvitgehospital.cat\/wp-content\/uploads\/2014\/06\/ela-preclinica.pdf\" target=\"_blank\" rel=\"noopener\"><span style=\"text-decoration: underline; color: #333333;\"><em>A<\/em><\/span><\/a><\/span><span style=\"text-decoration: underline;\"><a title=\"Articles\" href=\"http:\/\/blogs.bellvitgehospital.cat\/wp-content\/uploads\/2014\/06\/ela-preclinica.pdf\" target=\"_blank\" rel=\"noopener\"><span style=\"text-decoration: underline; color: #333333;\"><em>myotrop<\/em><\/span><\/a><\/span><span style=\"text-decoration: underline;\"><a title=\"Articles\" href=\"http:\/\/blogs.bellvitgehospital.cat\/wp-content\/uploads\/2014\/06\/ela-preclinica.pdf\" target=\"_blank\" rel=\"noopener\"><span style=\"text-decoration: underline; color: #333333;\"><em>hic lateral sclerosis: a long\u00a0preclinical period?<\/em><\/span><\/a><\/span><\/span><\/p>\n<p><span style=\"color: #333333;\"><em><span style=\"text-decoration: underline;\"><a title=\"Articles\" href=\"http:\/\/blogs.bellvitgehospital.cat\/wp-content\/uploads\/2014\/06\/gordon-ela-review2013.pdf\" target=\"_blank\" rel=\"noopener\"><span style=\"text-decoration: underline; color: #333333;\">Amyotrophic Lateral Sclerosis: An update for 2013 Clinical Features, Pathophysiology, Management and Therapeutic Trials<\/span><\/a><\/span>\u00a0\u00a0<\/em><\/span><\/p>\n<p><span style=\"color: #333333;\"><span style=\"text-decoration: underline;\"><a title=\"Articles\" href=\"http:\/\/blogs.bellvitgehospital.cat\/wp-content\/uploads\/2014\/06\/AVANCES-Y-TTO-ELA.pdf\" target=\"_blank\" rel=\"noopener\"><span style=\"color: #333333; text-decoration: underline;\"><em>Advances in treating amyotrophic\u00a0lateral sclerosis: insights from\u00a0pathophysiological studies<\/em><\/span><\/a><\/span><\/span><\/p>\n<p><em><span style=\"text-decoration: underline;\"><span style=\"color: #000000;\"><a href=\"http:\/\/blogs.bellvitgehospital.cat\/aulaela\/wp-content\/uploads\/sites\/2\/2014\/09\/gene.pdf\" target=\"_blank\" rel=\"noopener\"><span style=\"color: #000000; text-decoration: underline;\">Genetic of ALS<\/span><\/a><\/span><\/span><\/em><\/p>\n<p><em><span style=\"text-decoration: underline;\"><span style=\"color: #000000;\"><a href=\"http:\/\/blogs.bellvitgehospital.cat\/aulaela\/wp-content\/uploads\/sites\/2\/2014\/09\/update-en-genetica.pdf\" target=\"_blank\" rel=\"noopener\"><span style=\"color: #000000; text-decoration: underline;\">Genetics of amyotrophic lateral sclerosis: an update<\/span><\/a><\/span><\/span><\/em><\/p>\n<p><em><span style=\"text-decoration: underline;\"><span style=\"color: #000000;\"><a href=\"http:\/\/blogs.bellvitgehospital.cat\/aulaela\/wp-content\/uploads\/sites\/2\/2014\/09\/ela-y-tto-sintomatico.pdf\" target=\"_blank\" rel=\"noopener\"><span style=\"color: #000000; text-decoration: underline;\">The evidence for symptomatic treatments in ALS<\/span><\/a><\/span><\/span><\/em><\/p>\n<p>&nbsp;<\/p>\n<p>&nbsp;<\/p>\n<p>&nbsp;<\/p>\n<p>&nbsp;<\/p>\n<p>&nbsp;<\/p>\n<p>&nbsp;<\/p>\n<p>&nbsp;<\/p>\n<p>&nbsp;<\/p>\n<p>&nbsp;<\/p>\n<p>&nbsp;<\/p>\n<p>&nbsp;<\/p>\n<p>&nbsp;<\/p>\n<p>&nbsp;<\/p>\n<p>&nbsp;<\/p>\n<p>&nbsp;<\/p>\n<p>&nbsp;<\/p>\n","protected":false},"excerpt":{"rendered":"<p>En aquest apartat podeu consultar i descarregar documents i material d&#8217;inter\u00e8s sobre l&#8217;ELA. Guia del pacient. Malaltia de la motoneurona (MMN). Diag\u00f2stic d&#8217;una MMN Qu\u00e8 necessito saber? Drets fonamentals per a les persones que conviuen amb l&#8217;ELA\/MNM (Malaltia de la &hellip; <a href=\"http:\/\/blogs.bellvitgehospital.cat\/aulaela\/documents-interes\/\">Continua llegint <span class=\"meta-nav\">&rarr;<\/span><\/a><\/p>\n","protected":false},"author":10,"featured_media":0,"parent":0,"menu_order":0,"comment_status":"closed","ping_status":"closed","template":"","meta":[],"_links":{"self":[{"href":"http:\/\/blogs.bellvitgehospital.cat\/aulaela\/wp-json\/wp\/v2\/pages\/46"}],"collection":[{"href":"http:\/\/blogs.bellvitgehospital.cat\/aulaela\/wp-json\/wp\/v2\/pages"}],"about":[{"href":"http:\/\/blogs.bellvitgehospital.cat\/aulaela\/wp-json\/wp\/v2\/types\/page"}],"author":[{"embeddable":true,"href":"http:\/\/blogs.bellvitgehospital.cat\/aulaela\/wp-json\/wp\/v2\/users\/10"}],"replies":[{"embeddable":true,"href":"http:\/\/blogs.bellvitgehospital.cat\/aulaela\/wp-json\/wp\/v2\/comments?post=46"}],"version-history":[{"count":25,"href":"http:\/\/blogs.bellvitgehospital.cat\/aulaela\/wp-json\/wp\/v2\/pages\/46\/revisions"}],"predecessor-version":[{"id":2669,"href":"http:\/\/blogs.bellvitgehospital.cat\/aulaela\/wp-json\/wp\/v2\/pages\/46\/revisions\/2669"}],"wp:attachment":[{"href":"http:\/\/blogs.bellvitgehospital.cat\/aulaela\/wp-json\/wp\/v2\/media?parent=46"}],"curies":[{"name":"wp","href":"https:\/\/api.w.org\/{rel}","templated":true}]}}