{"id":42,"date":"2014-06-04T14:20:41","date_gmt":"2014-06-04T14:20:41","guid":{"rendered":"http:\/\/blogs.bellvitgehospital.cat\/aulaela\/?page_id=42"},"modified":"2019-05-10T12:17:44","modified_gmt":"2019-05-10T11:17:44","slug":"avis-legal","status":"publish","type":"page","link":"http:\/\/blogs.bellvitgehospital.cat\/aulaela\/avis-legal\/","title":{"rendered":"Av\u00eds legal"},"content":{"rendered":"<hr \/>\n<p><strong>Informaci\u00f3 general<\/strong><\/p>\n<p>En compliment de la Llei 34\/2002, d\u201911 de juliol, de serveis de la societat de la informaci\u00f3 i comer\u00e7 electr\u00f2nic, i altra legislaci\u00f3 complement\u00e0ria, s\u2019informa que el titular d\u2019aquest blog \u00e9s l\u2019Institut Catal\u00e0 de la Salut \u2013en endavant ICS\u2013, amb domicili social a la Gran Via de les Corts Catalanes, 587, 08007 Barcelona, amb el CIF n\u00fam. Q-5855029-D.<\/p>\n<p>L\u2019ICS permet la reutilitzaci\u00f3 dels continguts i de les dades d\u2019aquest blog per a tot el m\u00f3n i sense cap mena de limitaci\u00f3 temporal ni restricci\u00f3 m\u00e9s enll\u00e0 de les condicions b\u00e0siques establertes en l\u2019article 8 de la Llei 37\/2007 (citaci\u00f3 de la font, no alteraci\u00f3 ni desnaturalitzaci\u00f3 de la informaci\u00f3 i especificaci\u00f3 de la data d\u2019\u00faltima actualitzaci\u00f3), i sempre que no es contradigui amb la llic\u00e8ncia o av\u00eds que pugui tenir una obra i que \u00e9s la que preval.<\/p>\n<p><strong>Modalitats de reutilitzaci\u00f3 de la informaci\u00f3 del blog<\/strong><\/p>\n<p>La Llei 37\/2007, de 16 de novembre, sobre reutilitzaci\u00f3 de la informaci\u00f3 del sector p\u00fablic, que transposa la Directiva 2003\/98\/CE del Parlament Europeu i del Consell, regula la reutilitzaci\u00f3 de la informaci\u00f3 p\u00fablica de qu\u00e8 disposen les administracions i organismes en qu\u00e8 participen majorit\u00e0riament, \u00e9s a dir, el dret de tots els agents potencials del mercat a la reutilitzaci\u00f3 de la informaci\u00f3 de les inst\u00e0ncies p\u00fabliques. D\u2019acord amb aquesta normativa, l\u2019ICS, com a empresa p\u00fablica de la Generalitat de Catalunya, permet la reproducci\u00f3, la distribuci\u00f3 i la comunicaci\u00f3 p\u00fablica de l\u2019obra i, a m\u00e9s, la transformaci\u00f3 de l\u2019obra per fer-ne obres derivades, per a tot el m\u00f3n i sense cap limitaci\u00f3 temporal, i sempre que no es contradigui amb la llic\u00e8ncia o av\u00eds que pugui tenir una obra i que \u00e9s la que preval.<\/p>\n<p>Per reutilitzar la informaci\u00f3, cal seguir les condicions seg\u00fcents:<\/p>\n<p>a) No desnaturalitzar el sentit de la informaci\u00f3.<br \/>\nb) Citar sempre la font de la informaci\u00f3.<br \/>\nc) Mencionar la data de l\u2019\u00faltima actualitzaci\u00f3 de la informaci\u00f3.<br \/>\nCal citar sempre l\u2019autor o el titular dels drets: Institut Catal\u00e0 de la Salut.<\/p>\n<p><strong>Altres modalitats de reutilitzaci\u00f3<\/strong><\/p>\n<p>Aix\u00ed mateix, la reutilitzaci\u00f3 es pot limitar per la tutela d\u2019altres b\u00e9ns jur\u00eddics prioritaris, com ara la protecci\u00f3 de les dades personals, la intimitat o els drets de protecci\u00f3 intel\u00b7lectual de tercers. La reutilitzaci\u00f3 d\u2019obres protegides per la propietat intel\u00b7lectual es pot formalitzar mitjan\u00e7ant l\u2019\u00fas de llic\u00e8ncies de difusi\u00f3 oberta, com les de Creative Commons, que cedeixen determinats drets d\u2019explotaci\u00f3 de les obres. En els continguts on s\u2019apliqui aquest tipus de llic\u00e8ncies, es permet la reutilitzaci\u00f3 en les condicions que s\u2019hi estableixin.<\/p>\n<p>No es permet en cap cas l\u2019\u00fas de logotips, marques, escuts i s\u00edmbols distintius de l\u2019Institut Catal\u00e0 de la Salut ni dels seus centres i serveis en publicacions, webs, blogs ni avatars que no siguin participats o autoritzats per aquesta instituci\u00f3. Aquests elements d\u2019identitat gr\u00e0fica corporativa s\u00f3n propietat exclusiva de l\u2019ICS i estan protegits per la legislaci\u00f3 vigent aplicable.<\/p>\n<p>L\u2019ICS perseguir\u00e0 l\u2019incompliment d\u2019aquestes condicions, aix\u00ed com qualsevol altra utilitzaci\u00f3 indeguda del seu portal, i exercir\u00e0 totes les accions civils i penals que puguin correspondre.<\/p>\n<p><strong>Exclusi\u00f3 de responsabilitat<\/strong><\/p>\n<p>L\u2019ICS no es fa responsable, en cap cas, dels danys i perjudicis que de qualsevol naturalesa es poguessin derivar; a t\u00edtol enunciatiu: errors o omissions en els continguts, falta de disponibilitat del portal o de la transmissi\u00f3 de virus o programes lesius en els continguts, malgrat haver adoptat totes les mesures tecnol\u00f2giques per evitar-ho.<\/p>\n<p><strong>Legislaci\u00f3 aplicable i jurisdicci\u00f3<\/strong><\/p>\n<p>La relaci\u00f3 entre l\u2019ICS i l\u2019usuari es regir\u00e0 per la normativa espanyola vigent i qualsevol controv\u00e8rsia ser\u00e0 sotmesa als jutjats i tribunals de la ciutat de Barcelona.<\/p>\n<p><strong>Condicions de participaci\u00f3 al Blog<\/strong><\/p>\n<p>Per facilitar un entorn constructiu i participatiu us demanem que els comentaris i les informacions aportades segueixin aquests principis:<\/p>\n<p>\u2013 Que siguin pertinents.<br \/>\n\u2013 Que mantinguin el respecte i el bon clima i no ofenguin ni atemptin contra la dignitat d\u2019altres persones.<br \/>\n\u2013 Que no continguin dades de car\u00e0cter personal ni informaci\u00f3 publicit\u00e0ria.<\/p>\n<p>Ens reservem el dret a eliminar qualsevol contingut que no compleixi aquestes pautes. Si hi ha opinions repetides a diferents entrades, es deixar\u00e0 l\u2019\u00faltima i la resta s\u2019eliminaran.<\/p>\n<p>&nbsp;<\/p>\n","protected":false},"excerpt":{"rendered":"<p>Informaci\u00f3 general En compliment de la Llei 34\/2002, d\u201911 de juliol, de serveis de la societat de la informaci\u00f3 i comer\u00e7 electr\u00f2nic, i altra legislaci\u00f3 complement\u00e0ria, s\u2019informa que el titular d\u2019aquest blog \u00e9s l\u2019Institut Catal\u00e0 de la Salut \u2013en endavant &hellip; <a href=\"http:\/\/blogs.bellvitgehospital.cat\/aulaela\/avis-legal\/\">Continua llegint <span class=\"meta-nav\">&rarr;<\/span><\/a><\/p>\n","protected":false},"author":10,"featured_media":0,"parent":0,"menu_order":0,"comment_status":"closed","ping_status":"closed","template":"","meta":[],"_links":{"self":[{"href":"http:\/\/blogs.bellvitgehospital.cat\/aulaela\/wp-json\/wp\/v2\/pages\/42"}],"collection":[{"href":"http:\/\/blogs.bellvitgehospital.cat\/aulaela\/wp-json\/wp\/v2\/pages"}],"about":[{"href":"http:\/\/blogs.bellvitgehospital.cat\/aulaela\/wp-json\/wp\/v2\/types\/page"}],"author":[{"embeddable":true,"href":"http:\/\/blogs.bellvitgehospital.cat\/aulaela\/wp-json\/wp\/v2\/users\/10"}],"replies":[{"embeddable":true,"href":"http:\/\/blogs.bellvitgehospital.cat\/aulaela\/wp-json\/wp\/v2\/comments?post=42"}],"version-history":[{"count":7,"href":"http:\/\/blogs.bellvitgehospital.cat\/aulaela\/wp-json\/wp\/v2\/pages\/42\/revisions"}],"predecessor-version":[{"id":2021,"href":"http:\/\/blogs.bellvitgehospital.cat\/aulaela\/wp-json\/wp\/v2\/pages\/42\/revisions\/2021"}],"wp:attachment":[{"href":"http:\/\/blogs.bellvitgehospital.cat\/aulaela\/wp-json\/wp\/v2\/media?parent=42"}],"curies":[{"name":"wp","href":"https:\/\/api.w.org\/{rel}","templated":true}]}}