{"id":372,"date":"2014-07-01T14:46:51","date_gmt":"2014-07-01T14:46:51","guid":{"rendered":"http:\/\/blogs.bellvitgehospital.cat\/aulaela\/?page_id=372"},"modified":"2014-09-18T12:38:57","modified_gmt":"2014-09-18T12:38:57","slug":"ela-parla-i-deglucio","status":"publish","type":"page","link":"http:\/\/blogs.bellvitgehospital.cat\/aulaela\/ela-parla-i-deglucio\/","title":{"rendered":"ELA: parla i degluci\u00f3"},"content":{"rendered":"<hr \/>\n<p style=\"text-align: justify;\">En l&#8217;ELA, l&#8217;abordatge multidisciplinari \u00e9s fonamental en la millora de la qualitat de vida dels pacients. Un dels temes destacables dins aquesta malaltia \u00e9s la parla i la degluci\u00f3, ja que en la majoria de casos aquestes funcions es veuen afectades.<\/p>\n<p style=\"text-align: justify;\">Els assistents valoren positivament aquesta sessi\u00f3 i el projecte en general:<\/p>\n<p style=\"text-align: left;\">\u00a0 \u00a0 \u00a0 \u00a0 \u00a0 \u00a0 \u00a0 \u00a0 \u00a0 \u00a0<iframe loading=\"lazy\" src=\"\/\/www.youtube.com\/embed\/g_5vOwFjg94\" width=\"480\" height=\"360\" frameborder=\"0\" allowfullscreen=\"allowfullscreen\"><\/iframe><\/p>\n<hr \/>\n<p><strong>Sessi\u00f3<\/strong><\/p>\n<p style=\"text-align: justify;\">L\u2019abordatge multidisciplinari de l\u2019ELA \u00e9s clau en la millora de la qualitat de vida d\u2019aquests pacients. En aquest sentit, <strong>el rol del logopeda \u00e9s molt important<\/strong> ja que ajuda a establir t\u00e8cniques que facilitin la parla i la degluci\u00f3 de les persones que la pateixen.<\/p>\n<p>\u00a0 \u00a0 \u00a0 \u00a0 \u00a0 \u00a0 \u00a0 \u00a0 \u00a0 \u00a0<iframe loading=\"lazy\" src=\"\/\/www.youtube.com\/embed\/tGj0dKy9ZwA\" width=\"480\" height=\"360\" frameborder=\"0\" allowfullscreen=\"allowfullscreen\"><\/iframe><\/p>\n<p style=\"text-align: justify;\">La disf\u00e0gia \u00e9s la dificultat per despla\u00e7ar l\u2019aliment de la boca a l\u2019estomac. Les professionals expliquen quins s\u00f3n els signes <strong>claus per a detectar la disfagia<\/strong>, com ara el tancament labial inadequat o feble. Aix\u00ed mateix, es repassen els consells d\u2019alimentaci\u00f3 per ajudar els pacients.<\/p>\n<p>\u00a0 \u00a0 \u00a0 \u00a0 \u00a0 \u00a0 \u00a0 \u00a0 \u00a0\u00a0<iframe loading=\"lazy\" src=\"\/\/www.youtube.com\/embed\/hH-fZyo5f_U\" width=\"480\" height=\"360\" frameborder=\"0\" allowfullscreen=\"allowfullscreen\"><\/iframe><\/p>\n<p style=\"text-align: justify;\">El treball del logopeda \u00e9s molt important en els pacients amb ELA. Aquests els hi ensenyen t\u00e8cniques per millorar tan la parla com la degluci\u00f3. Es treballen <strong>t\u00e8cniques de posici\u00f3 o respiraci\u00f3<\/strong>. Tamb\u00e9 realitzen conjuntament exercicis d\u2019articulaci\u00f3, vocalitzaci\u00f3 i coordinaci\u00f3 respirat\u00f2ria.<\/p>\n<p>\u00a0 \u00a0 \u00a0 \u00a0 \u00a0 \u00a0 \u00a0 \u00a0 \u00a0\u00a0<iframe loading=\"lazy\" src=\"\/\/www.youtube.com\/embed\/ZUzsn7omzJc\" width=\"480\" height=\"360\" frameborder=\"0\" allowfullscreen=\"allowfullscreen\"><\/iframe><\/p>\n<p style=\"text-align: justify;\">Pels pacients que els hi costa molt enraonar o que no poden escriure, els logopedes els hi personalitzen uns <strong>plafons de comunicaci\u00f3<\/strong>. \u00a0Aquests intenten cobrir necessitats puntuals i s\u00f3n adaptats espec\u00edficament a cada pacient.<\/p>\n<p>\u00a0 \u00a0 \u00a0 \u00a0 \u00a0 \u00a0 \u00a0 \u00a0 \u00a0\u00a0<iframe loading=\"lazy\" src=\"\/\/www.youtube.com\/embed\/w_NG38A8_94\" width=\"480\" height=\"360\" frameborder=\"0\" allowfullscreen=\"allowfullscreen\"><\/iframe><\/p>\n<p style=\"text-align: justify;\"><strong>Torn de preguntes<\/strong><\/p>\n<p style=\"text-align: justify;\">Despr\u00e9s de l\u2019exposici\u00f3 de les professionals logopedes, \u00e9s el torn de pacients i familiars de compartir els seus dubtes. Els assistents s\u2019interessen en con\u00e8ixer el valor de mantenir les funcions amb <strong>exercicis des de casa<\/strong> i si aix\u00f2 serveix per preservar-les. Tamb\u00e9, es posa en relleu els <strong>consells diet\u00e8tics<\/strong> per augmentar els components energ\u00e8tics que contrarestin la p\u00e8rdua de pes.<\/p>\n<p>\u00a0 \u00a0 \u00a0 \u00a0 \u00a0 \u00a0 \u00a0 \u00a0 \u00a0\u00a0<iframe loading=\"lazy\" src=\"\/\/www.youtube.com\/embed\/Xjm1Yo3HPWI\" width=\"480\" height=\"360\" frameborder=\"0\" allowfullscreen=\"allowfullscreen\"><\/iframe><\/p>\n<p style=\"text-align: justify;\">Les preguntes dels pacients continuen. Es repassen els criteris que determinen quin \u00e9s el millor moment per<strong> introduir els espessidors en la dieta<\/strong>. Aix\u00ed mateix, s\u2019aprofundeix m\u00e9s en les <strong>causes i conseq\u00fc\u00e8ncies de la broncoaspiraci\u00f3<\/strong>, pr\u00e8viament tractat durant la pon\u00e8ncia de les professionals.<\/p>\n<p>\u00a0 \u00a0 \u00a0 \u00a0 \u00a0 \u00a0 \u00a0 \u00a0 \u00a0\u00a0<iframe loading=\"lazy\" src=\"\/\/www.youtube.com\/embed\/CGMf7-lGnL4\" width=\"480\" height=\"360\" frameborder=\"0\" allowfullscreen=\"allowfullscreen\"><\/iframe><\/p>\n<p style=\"text-align: justify;\">La neur\u00f2loga de l\u2019Hospital Universitari de Bellvitge, la Dra. Povedano, explica quines s\u00f3n les <strong>solucions existents a les broncoaspiracions<\/strong> produ\u00efdes per la pr\u00f2pia saliva del malalt. Una altra de les recomanacions que s\u2019explica \u00e9s que ingerir l\u00edquids a trav\u00e9s de canyes \u00e9s contraproduent en els pacients que tenen poc control motriu. Tamb\u00e9, es parla sobre la <strong>quantitat de l\u00edquid di\u00e0ria necess\u00e0ria<\/strong>, la qual varia depenent de l\u2019\u00e8poca de l\u2019any. Aquesta hauria de ser de tres quarts o un litre al dia, i augmentar-la en temporades m\u00e9s caloroses.<\/p>\n<p>\u00a0 \u00a0 \u00a0 \u00a0 \u00a0 \u00a0 \u00a0 \u00a0 \u00a0\u00a0<iframe loading=\"lazy\" src=\"\/\/www.youtube.com\/embed\/Zk2JzhJm6ig\" width=\"480\" height=\"360\" frameborder=\"0\" allowfullscreen=\"allowfullscreen\"><\/iframe><\/p>\n<p style=\"text-align: justify;\">La <strong>ventilaci\u00f3 mec\u00e0nica<\/strong> influeix en positiu en els pacients amb ELA ja que resseca la boca i disminueix la secreci\u00f3 de saliva. Tamb\u00e9 existeixen aparells aspiradors de secrecions, tot i que nom\u00e9s s\u00f3n recomanables en casos en concrets.<\/p>\n<p>\u00a0 \u00a0 \u00a0 \u00a0 \u00a0 \u00a0 \u00a0 \u00a0 \u00a0\u00a0<iframe loading=\"lazy\" src=\"\/\/www.youtube.com\/embed\/gygjyekhkGI\" width=\"480\" height=\"360\" frameborder=\"0\" allowfullscreen=\"allowfullscreen\"><\/iframe><\/p>\n<p style=\"text-align: justify;\">Empassar-se els f\u00e0rmacs a vegades pot resultar complicat. Amb l\u2019ajuda dels consells dels nutricionistes, conjuntament amb els professionals que prescriuen les pastilles, sempre es troben alternatives adaptades a cada pacients per tal que prendre la medicaci\u00f3 no perjudiqui la degluci\u00f3.<\/p>\n<p>\u00a0 \u00a0 \u00a0 \u00a0 \u00a0 \u00a0 \u00a0 \u00a0 \u00a0\u00a0<iframe loading=\"lazy\" src=\"\/\/www.youtube.com\/embed\/o008MRmNqdY\" width=\"480\" height=\"360\" frameborder=\"0\" allowfullscreen=\"allowfullscreen\"><\/iframe><\/p>\n<p>&nbsp;<\/p>\n<div class=\"sharedaddy sd-sharing-enabled\"><div class=\"robots-nocontent sd-block sd-social sd-social-icon sd-sharing\"><h3 class=\"sd-title\">Comparteix aix\u00f2:<\/h3><div class=\"sd-content\"><ul><li class=\"share-facebook\"><a rel=\"nofollow\" data-shared=\"sharing-facebook-372\" class=\"share-facebook sd-button share-icon no-text\" href=\"http:\/\/blogs.bellvitgehospital.cat\/aulaela\/ela-parla-i-deglucio\/?share=facebook\" target=\"_blank\" title=\"Comparteix al Facebook\"><span><\/span><span class=\"sharing-screen-reader-text\">Comparteix al Facebook (Opens in new window)<\/span><\/a><\/li><li class=\"share-twitter\"><a rel=\"nofollow\" data-shared=\"sharing-twitter-372\" class=\"share-twitter sd-button share-icon no-text\" href=\"http:\/\/blogs.bellvitgehospital.cat\/aulaela\/ela-parla-i-deglucio\/?share=twitter\" target=\"_blank\" title=\"Feu clic per compartir al Twitter\"><span><\/span><span class=\"sharing-screen-reader-text\">Feu clic per compartir al Twitter (Opens in new window)<\/span><\/a><\/li><li class=\"share-google-plus-1\"><a rel=\"nofollow\" data-shared=\"sharing-google-372\" class=\"share-google-plus-1 sd-button share-icon no-text\" href=\"http:\/\/blogs.bellvitgehospital.cat\/aulaela\/ela-parla-i-deglucio\/?share=google-plus-1\" target=\"_blank\" title=\"Feu clic per compartir a Google+\"><span><\/span><span class=\"sharing-screen-reader-text\">Feu clic per compartir a Google+ (Opens in new window)<\/span><\/a><\/li><li class=\"share-email\"><a rel=\"nofollow\" data-shared=\"\" class=\"share-email sd-button share-icon no-text\" href=\"http:\/\/blogs.bellvitgehospital.cat\/aulaela\/ela-parla-i-deglucio\/?share=email\" target=\"_blank\" title=\"Feu clic per enviar un correu electr\u00f2nic a un amic\"><span><\/span><span class=\"sharing-screen-reader-text\">Feu clic per enviar un correu electr\u00f2nic a un amic (Opens in new window)<\/span><\/a><\/li><li class=\"share-print\"><a rel=\"nofollow\" data-shared=\"\" class=\"share-print sd-button share-icon no-text\" href=\"http:\/\/blogs.bellvitgehospital.cat\/aulaela\/ela-parla-i-deglucio\/\" target=\"_blank\" title=\"Feu clic per imprimir\"><span><\/span><span class=\"sharing-screen-reader-text\">Feu clic per imprimir (Opens in new window)<\/span><\/a><\/li><li class=\"share-end\"><\/li><\/ul><\/div><\/div><\/div>","protected":false},"excerpt":{"rendered":"<p>En l&#8217;ELA, l&#8217;abordatge multidisciplinari \u00e9s fonamental en la millora de la qualitat de vida dels pacients. Un dels temes destacables dins aquesta malaltia \u00e9s la parla i la degluci\u00f3, ja que en la majoria de casos aquestes funcions es veuen &hellip; <a href=\"http:\/\/blogs.bellvitgehospital.cat\/aulaela\/ela-parla-i-deglucio\/\">Continua llegint <span class=\"meta-nav\">&rarr;<\/span><\/a><\/p>\n<div class=\"sharedaddy sd-sharing-enabled\"><div class=\"robots-nocontent sd-block sd-social sd-social-icon sd-sharing\"><h3 class=\"sd-title\">Comparteix aix\u00f2:<\/h3><div class=\"sd-content\"><ul><li class=\"share-facebook\"><a rel=\"nofollow\" data-shared=\"sharing-facebook-372\" class=\"share-facebook sd-button share-icon no-text\" href=\"http:\/\/blogs.bellvitgehospital.cat\/aulaela\/ela-parla-i-deglucio\/?share=facebook\" target=\"_blank\" title=\"Comparteix al Facebook\"><span><\/span><span class=\"sharing-screen-reader-text\">Comparteix al Facebook (Opens in new window)<\/span><\/a><\/li><li class=\"share-twitter\"><a rel=\"nofollow\" data-shared=\"sharing-twitter-372\" class=\"share-twitter sd-button share-icon no-text\" href=\"http:\/\/blogs.bellvitgehospital.cat\/aulaela\/ela-parla-i-deglucio\/?share=twitter\" target=\"_blank\" title=\"Feu clic per compartir al Twitter\"><span><\/span><span class=\"sharing-screen-reader-text\">Feu clic per compartir al Twitter (Opens in new window)<\/span><\/a><\/li><li class=\"share-google-plus-1\"><a rel=\"nofollow\" data-shared=\"sharing-google-372\" class=\"share-google-plus-1 sd-button share-icon no-text\" href=\"http:\/\/blogs.bellvitgehospital.cat\/aulaela\/ela-parla-i-deglucio\/?share=google-plus-1\" target=\"_blank\" title=\"Feu clic per compartir a Google+\"><span><\/span><span class=\"sharing-screen-reader-text\">Feu clic per compartir a Google+ (Opens in new window)<\/span><\/a><\/li><li class=\"share-email\"><a rel=\"nofollow\" data-shared=\"\" class=\"share-email sd-button share-icon no-text\" href=\"http:\/\/blogs.bellvitgehospital.cat\/aulaela\/ela-parla-i-deglucio\/?share=email\" target=\"_blank\" title=\"Feu clic per enviar un correu electr\u00f2nic a un amic\"><span><\/span><span class=\"sharing-screen-reader-text\">Feu clic per enviar un correu electr\u00f2nic a un amic (Opens in new window)<\/span><\/a><\/li><li class=\"share-print\"><a rel=\"nofollow\" data-shared=\"\" class=\"share-print sd-button share-icon no-text\" href=\"http:\/\/blogs.bellvitgehospital.cat\/aulaela\/ela-parla-i-deglucio\/\" target=\"_blank\" title=\"Feu clic per imprimir\"><span><\/span><span class=\"sharing-screen-reader-text\">Feu clic per imprimir (Opens in new window)<\/span><\/a><\/li><li class=\"share-end\"><\/li><\/ul><\/div><\/div><\/div>","protected":false},"author":10,"featured_media":0,"parent":0,"menu_order":0,"comment_status":"open","ping_status":"closed","template":"","meta":[],"_links":{"self":[{"href":"http:\/\/blogs.bellvitgehospital.cat\/aulaela\/wp-json\/wp\/v2\/pages\/372"}],"collection":[{"href":"http:\/\/blogs.bellvitgehospital.cat\/aulaela\/wp-json\/wp\/v2\/pages"}],"about":[{"href":"http:\/\/blogs.bellvitgehospital.cat\/aulaela\/wp-json\/wp\/v2\/types\/page"}],"author":[{"embeddable":true,"href":"http:\/\/blogs.bellvitgehospital.cat\/aulaela\/wp-json\/wp\/v2\/users\/10"}],"replies":[{"embeddable":true,"href":"http:\/\/blogs.bellvitgehospital.cat\/aulaela\/wp-json\/wp\/v2\/comments?post=372"}],"version-history":[{"count":7,"href":"http:\/\/blogs.bellvitgehospital.cat\/aulaela\/wp-json\/wp\/v2\/pages\/372\/revisions"}],"predecessor-version":[{"id":501,"href":"http:\/\/blogs.bellvitgehospital.cat\/aulaela\/wp-json\/wp\/v2\/pages\/372\/revisions\/501"}],"wp:attachment":[{"href":"http:\/\/blogs.bellvitgehospital.cat\/aulaela\/wp-json\/wp\/v2\/media?parent=372"}],"curies":[{"name":"wp","href":"https:\/\/api.w.org\/{rel}","templated":true}]}}