{"id":23,"date":"2014-06-04T14:19:10","date_gmt":"2014-06-04T14:19:10","guid":{"rendered":"http:\/\/blogs.bellvitgehospital.cat\/aulaela\/?page_id=23"},"modified":"2014-09-18T12:29:10","modified_gmt":"2014-09-18T12:29:10","slug":"bellvitge-pacients","status":"publish","type":"page","link":"http:\/\/blogs.bellvitgehospital.cat\/aulaela\/bellvitge-pacients\/","title":{"rendered":"Bellvitge Pacients"},"content":{"rendered":"<hr \/>\n<p style=\"text-align: justify;\"><img loading=\"lazy\" class=\"aligncenter wp-image-138 size-medium\" src=\"http:\/\/blogs.bellvitgehospital.cat\/aulaela\/wp-content\/uploads\/sites\/2\/2014\/06\/Logo_BellvitgePacients_color-300x49.png\" alt=\"Logo_BellvitgePacients_color\" width=\"300\" height=\"49\" srcset=\"http:\/\/blogs.bellvitgehospital.cat\/aulaela\/wp-content\/uploads\/sites\/2\/2014\/06\/Logo_BellvitgePacients_color-300x49.png 300w, http:\/\/blogs.bellvitgehospital.cat\/aulaela\/wp-content\/uploads\/sites\/2\/2014\/06\/Logo_BellvitgePacients_color.png 900w\" sizes=\"(max-width: 300px) 100vw, 300px\" \/><\/p>\n<p style=\"text-align: justify;\"><span style=\"color: #333333;\">Bellvitge<\/span><span style=\"color: #333333;\"> Pacients<\/span> \u00e9s un projecte, iniciat a l\u2019Hospital Universitari de Bellvitge, que neix amb l\u2019objectiu de <strong><span style=\"color: #333333;\">promoure i compartir recomanacions, consells i h\u00e0bits de vida saludables <\/span><\/strong>per tal de millorar la qualitat de vida dels pacients cr\u00f2nics.<\/p>\n<p style=\"text-align: justify;\"><span style=\"color: #333333;\">Mitjan\u00e7ant la creaci\u00f3 d<\/span>\u2019<strong>espais de di\u00e0leg<\/strong>\u00a0<span style=\"color: #333333;\">entre pacients, cuidadors i professionals, oferim informaci\u00f3 vera\u00e7 i fiable, tant a la xarxa com en les sessions presencials celebrades a l\u2019hospital, dedicades a diferents malalties. En aquests espais, els pacients tenen l\u2019oportunitat de resoldre els seus dubtes, compartir experi\u00e8ncies i mantenir una comunicaci\u00f3 directa amb els nostres professionals de refer\u00e8ncia de cada malaltia.<\/span><\/p>\n<p style=\"text-align: justify;\"><span style=\"color: #333333;\">M\u00e9s enll\u00e0 de les sessions presencials, Bellvitge Pacients compta amb diferents blogs dedicats a malalties cr\u00f2niques, com ara la diabetis, l\u2019ELA, la fibrosi pulmonar, el dolor i les malalties reum\u00e0tiques. L\u2019objectiu \u00e9s crear una comunitat virtual de f\u00e0cil acc\u00e9s i propera on els pacients, cuidadors i familiars interactu\u00efn i es nodreixin d\u2019informaci\u00f3 de qualitat sobre temes de salut.<\/span><\/p>\n<p style=\"text-align: justify;\"><span style=\"color: #333333;\">Bellvitge Pacients t\u00e9 la finalitat de complementar el model assistencial cl\u00e0ssic, apropant pacients, cuidadors i professionals.<\/span><\/p>\n<hr \/>\n<p style=\"text-align: justify;\"><img loading=\"lazy\" class=\"aligncenter wp-image-137\" src=\"http:\/\/blogs.bellvitgehospital.cat\/aulaela\/wp-content\/uploads\/sites\/2\/2014\/06\/ela-color-300x90.png\" alt=\"ela color\" width=\"200\" height=\"60\" srcset=\"http:\/\/blogs.bellvitgehospital.cat\/aulaela\/wp-content\/uploads\/sites\/2\/2014\/06\/ela-color-300x90.png 300w, http:\/\/blogs.bellvitgehospital.cat\/aulaela\/wp-content\/uploads\/sites\/2\/2014\/06\/ela-color.png 658w\" sizes=\"(max-width: 200px) 100vw, 200px\" \/><\/p>\n<p style=\"text-align: justify;\"><span style=\"color: #333333;\">\u00c9s l\u2019espai de di\u00e0<\/span>leg dedicat a l\u2019<strong><span style=\"color: #333333;\">Esclerosi<\/span><\/strong> <span style=\"color: #808080;\"><strong><span style=\"color: #333333;\">Lateral<\/span> <span style=\"color: #333333;\">Amiotr\u00f2fica<\/span><\/strong> <span style=\"color: #333333;\">(ELA) el qual engloba tant les aules realitzades a l\u2019Hospital Universitari de Bellvitge com tots els continguts publicats al blog.<\/span><\/span><\/p>\n<p style=\"text-align: justify;\"><span style=\"color: #333333;\">L\u2019Aula ELA t\u00e9 l\u2019objectiu de proporcionar informaci\u00f3 d\u2019actualitat, documents, testimonis, recomanacions, posant a la disposici\u00f3 de pacients, cuidadors i familiars un canal de comunicaci\u00f3 directa, fiable i de qualitat amb els professionals sanitaris especialitzats en ELA.<\/span><\/p>\n<p style=\"text-align: justify;\"><span style=\"color: #333333;\">Volem ajudar-te a millorar.<\/span><\/p>\n<p style=\"text-align: justify;\">\n","protected":false},"excerpt":{"rendered":"<p>Bellvitge Pacients \u00e9s un projecte, iniciat a l\u2019Hospital Universitari de Bellvitge, que neix amb l\u2019objectiu de promoure i compartir recomanacions, consells i h\u00e0bits de vida saludables per tal de millorar la qualitat de vida dels pacients cr\u00f2nics. Mitjan\u00e7ant la creaci\u00f3 &hellip; <a href=\"http:\/\/blogs.bellvitgehospital.cat\/aulaela\/bellvitge-pacients\/\">Continua llegint <span class=\"meta-nav\">&rarr;<\/span><\/a><\/p>\n","protected":false},"author":10,"featured_media":0,"parent":0,"menu_order":0,"comment_status":"closed","ping_status":"closed","template":"","meta":[],"_links":{"self":[{"href":"http:\/\/blogs.bellvitgehospital.cat\/aulaela\/wp-json\/wp\/v2\/pages\/23"}],"collection":[{"href":"http:\/\/blogs.bellvitgehospital.cat\/aulaela\/wp-json\/wp\/v2\/pages"}],"about":[{"href":"http:\/\/blogs.bellvitgehospital.cat\/aulaela\/wp-json\/wp\/v2\/types\/page"}],"author":[{"embeddable":true,"href":"http:\/\/blogs.bellvitgehospital.cat\/aulaela\/wp-json\/wp\/v2\/users\/10"}],"replies":[{"embeddable":true,"href":"http:\/\/blogs.bellvitgehospital.cat\/aulaela\/wp-json\/wp\/v2\/comments?post=23"}],"version-history":[{"count":20,"href":"http:\/\/blogs.bellvitgehospital.cat\/aulaela\/wp-json\/wp\/v2\/pages\/23\/revisions"}],"predecessor-version":[{"id":134,"href":"http:\/\/blogs.bellvitgehospital.cat\/aulaela\/wp-json\/wp\/v2\/pages\/23\/revisions\/134"}],"wp:attachment":[{"href":"http:\/\/blogs.bellvitgehospital.cat\/aulaela\/wp-json\/wp\/v2\/media?parent=23"}],"curies":[{"name":"wp","href":"https:\/\/api.w.org\/{rel}","templated":true}]}}