{"id":1116,"date":"2016-12-02T15:40:22","date_gmt":"2016-12-02T14:40:22","guid":{"rendered":"http:\/\/blogs.bellvitgehospital.cat\/aulaela\/?page_id=1116"},"modified":"2017-02-20T11:39:08","modified_gmt":"2017-02-20T10:39:08","slug":"compartim","status":"publish","type":"page","link":"http:\/\/blogs.bellvitgehospital.cat\/aulaela\/compartim\/","title":{"rendered":"Compartim"},"content":{"rendered":"<p style=\"text-align: justify;\">A<strong><em> Compartim<\/em><\/strong>, la nova secci\u00f3 del blog AulaELA, pretenem fer cr\u00e9ixer un espai que ens ajudi a resoldre dubtes a partir del coneixement col\u00b7lectiu i participatiu. Reunirem les consultes que puguin ser \u00fatils en major o menor grau per als pacients i familiars i que ja ens podeu enviar a l\u2019adre\u00e7a <a href=\"mailto:consultasobertes.ela@gmail.com\">consultasobertes.ela@gmail.com\u00a0<\/a><\/p>\n<p style=\"text-align: justify;\">A la Unitat Funcional de Motoneurona de l\u2019HUB respondrem les vostres preguntes que s\u2019aniran afegint en aquesta nova secci\u00f3, on seran accessibles per a tothom. En la publicaci\u00f3 de pregunta i resposta no s\u2019inclour\u00e0 cap tipus de nom ni dada concreta que pugui afectar a la privacitat dels pacients.<\/p>\n<p style=\"text-align: justify;\">Esperem les vostres consultes per fer cr\u00e9ixer aquest nou espai del Blog AulaELA que estem conven\u00e7uts pot contribuir a millorar la qualitat de vida dels pacients d\u2019ELA i la seva gent m\u00e9s propera. A continuaci\u00f3, trobareu quatre noves Consultes Compartides (i m\u00e9s avall, les anteriors).<\/p>\n<p style=\"text-align: justify;\"><strong><span style=\"color: #339966;\">Nova!<\/span><\/strong><\/p>\n<p><em><strong>&#8211; Qu\u00e8 pot aportar el Masinitib als pacients d&#8217;ELA? Quan estar\u00e0 disponible?<\/strong><\/em><\/p>\n<p>En primer lloc, s&#8217;ha de destacar que el Masinitib no \u00e9s un tractament curatiu de la malaltia, per\u00f2 si que busca demostrar efectes sobre la seva progressi\u00f3. Es tracta d&#8217;un medicament que modula una part del sistema immune i te\u00f2ricament pot alleujar part del dany neuronal mitjan\u00e7ant la regulaci\u00f3 de la inflamaci\u00f3. Ja ha estat aprovat per un altre tipus de malalties inflamat\u00f2ries i actualment es troba en fase 3 (la pr\u00e8via a la seva aprovaci\u00f3 definitiva).<\/p>\n<p>En l&#8217;assaig internacional que est\u00e0 en marxa en l&#8217;actualitat participen centenars de pacients d&#8217;ELA que reben diferents dosis del f\u00e0rmac i pacients que reben un placebo. En ser un assaig cec, ni els investigadors de cada hospital ni el mateix pacient saben si estan rebent el f\u00e0rmac o no. L&#8217;assaig es troba bastant avan\u00e7at i la gran majoria dels pacients participants han completat ja el seu seguiment, pel que esperem obtenir not\u00edcies sobre la seva efic\u00e0cia o no a la primera meitat d&#8217;aquest any 2017.<\/p>\n<p><strong><span style=\"color: #339966;\">Nova!<\/span><\/strong><\/p>\n<p>&#8211;<em><strong> Quina \u00e9s la millor dieta que pot seguir un pacient d&#8217;ELA?<\/strong><\/em><\/p>\n<p>Alguns treballs parcials suggereixen que una dieta rica en greixos podria ser beneficiosa per als pacients amb ELA. Tot i aix\u00f2, a dia d&#8217;avui no est\u00e0 demostrat que hi hagi uns aliments concrets m\u00e9s adequats que altres. Des del nostre punt de vista, el m\u00e9s important \u00e9s aconseguir que la ingesta total de calories sigui capa\u00e7 de compensar la p\u00e8rdua d&#8217;energia que comporta la malaltia. Per a aix\u00f2, hem de fer un recompte de les calories ingerides.<\/p>\n<p>Els aliments s&#8217;han d&#8217;adaptar al gust del pacient, i en cas que hi hagi afectaci\u00f3 de la musculatura encarregada d&#8217;empassar, tamb\u00e9 a les textures. El nutricionista ha de ajudar-te a fer aquest c\u00e0lcul i pot afegir suplements cal\u00f2rics en cas que la ingesta sigui insuficient.<\/p>\n<p><strong><span style=\"color: #339966;\">Nova!<\/span><\/strong><\/p>\n<p><em><strong>&#8211; Quan \u00e9s aconsellable una sonda g\u00e0strica?<\/strong><\/em><\/p>\n<p>Realitzar una gastrostomia \u00e9s una decisi\u00f3 important tant per al pacient com per a la fam\u00edlia i ha de discutir-se amb l&#8217;equip m\u00e8dic. En general, tot i que inicialment pot generar por o incertesa, utilitzar una gastrostomia no s&#8217;ha de veure d&#8217;una manera negativa, sin\u00f3 com un tractament que busca resoldre el problema de l&#8217;aportaci\u00f3 de calories, d&#8217;aigua i de medicaments.<\/p>\n<p>En termes generals, informem als nostres pacients de la possibilitat de realitzar una gastrostomia quan apareixen s\u00edmptomes de disf\u00e0gia o ennuegaments i quan hi ha una p\u00e8rdua de pes que suggereix una aportaci\u00f3 nutricional insuficient, tenint en compte que l&#8217;estat global i de la funci\u00f3 respirat\u00f2ria ho permeti . En qualsevol cas i com en totes les intervencions en la malaltia, sempre \u00e9s el pacient el que ha de prendre la decisi\u00f3 final, guiant-se per la informaci\u00f3 de la seva neur\u00f2leg, pneum\u00f2leg i equip de diet\u00e8tica. Com a norma general, la decisi\u00f3 ha d&#8217;estar basada en la millor informaci\u00f3 disponible i prou meditada, evitant en el possible la presa de decisions en situacions d&#8217;urg\u00e8ncies.<\/p>\n<p>En el nostre centre realitzem la gastrostomia assistida per esc\u00f2pia, que consisteix en la col\u00b7locaci\u00f3 d&#8217;una sonda (tub) a l&#8217;est\u00f3mac guiant-nos per raigs X. Tamb\u00e9 hi ha l&#8217;opci\u00f3 de realitzar-ho mitjan\u00e7ant endosc\u00f2pia, depenent de l&#8217;experi\u00e8ncia de cada centre. \u00c9s un procediment que se sol fer de forma programada, amb sedaci\u00f3 perqu\u00e8 sigui indolor i sol implicar un ingr\u00e9s curt de 24-48 hores. Encara que molt infreq\u00fcent, hi ha la possibilitat de complicacions derivades de la intervenci\u00f3 com sagnat o infecci\u00f3 de la ferida.<\/p>\n<p>Tot tractament ha de tenir com a objectiu millorar la qualitat de vida del pacient i la seva fam\u00edlia i la gastrostomia moltes vegades resol una situaci\u00f3 de manca d&#8217;ingesta que pot arribar a ser molt angoixant per a tothom.<\/p>\n<p><strong><span style=\"color: #339966;\">Nova!<\/span><\/strong><\/p>\n<p><em><strong>&#8211; Per qu\u00e8 l&#8217;ELA produeix tant dolor muscular? Com es pot reduir aquest dolor si els f\u00e0rmacs no fan efecte?<\/strong><\/em><\/p>\n<p>L&#8217;ELA produeix una p\u00e8rdua de les neurones (denervaci\u00f3) que normalment controlen al sistema motor. Amb la denervaci\u00f3, el m\u00fascul pateix una s\u00e8rie de canvis com la debilitat, l&#8217;atr\u00f2fia, la fasciculaci\u00f3 i les molestes rampes i agulletes. Aquests s\u00edmptomes no s\u00f3n m\u00e9s que l&#8217;expressi\u00f3 d&#8217;un m\u00fascul que est\u00e0 perdent la seva funci\u00f3 habitual.<\/p>\n<p>No hi ha un medicament que sigui capa\u00e7 de contenir la p\u00e8rdua neuronal i per aix\u00f2 els s\u00edmptomes de rampa i agulletes solen ser de dif\u00edcil tractament. Es proven medicaments que serveixen per estabilitzar la membrana neuronal i evitar desc\u00e0rregues el\u00e8ctriques (lyrica, Tegretol) o per reduir la rigidesa muscular (lioresal). En la nostra experi\u00e8ncia, aquests medicaments s\u00f3n d&#8217;utilitat limitada i la millor resposta s&#8217;obt\u00e9 a partir de mesures m\u00e9s senzilles com el manteniment d&#8217;una correcta hidrataci\u00f3 (la deshidrataci\u00f3 potencia les desc\u00e0rregues an\u00f2males de la uni\u00f3 entre el nervi i el m\u00fascul) i una fisioter\u00e0pia dirigida a mantenir els rangs de moviment articular amb estiraments que pot realitzar b\u00e9 el propi pacient o el seu\u00a0cuidador. Una medicaci\u00f3 antigament utilitzada i amb alguna efectivitat \u00e9s la quinina, que en estar fora del mercat com a f\u00e0rmac, es pot aconseguir a l&#8217;aigua t\u00f2nica i pot ajudar a alguns pacients.<\/p>\n<p>&nbsp;<\/p>\n<p>&nbsp;<\/p>\n<p>&nbsp;<\/p>\n<ul>\n<li><em><strong>Fins A quin punt \u00e9s rellevant el component gen\u00e8tic en l&#8217;aparici\u00f3 de l&#8217;ELA? Li han detectat la malaltia al meu cunyat. Podrien desenvolupar-la el meu marit o el meu fill?<\/strong><\/em><\/li>\n<\/ul>\n<p>El 90% dels pacients amb ELA presenten formes de malaltia espor\u00e0dica, \u00e9s a dir no hi ha un antecedent familiar de malaltia. En aquests casos, el risc per a altres familiars \u00e9s el mateix que pot tenir qualsevol persona. Nom\u00e9s un 10% dels pacients t\u00e9 un antecedent familiar i no en tots els casos es pot detectar el gen responsable. No hi ha un increment del risc de malaltia per al teu marit i el teu fill i tampoc cal fer proves gen\u00e8tiques en abs\u00e8ncia de s\u00edmptomes.<\/p>\n<ul>\n<li><em><strong>La ELA pot comportar problemes respiratoris, com la impossibilitat de tossir, per exemple?<\/strong><\/em><\/li>\n<\/ul>\n<p>L&#8217;ELA pot afectar la musculatura respirat\u00f2ria i per aix\u00f2 cal que dins dels controls s&#8217;inclogui una valoraci\u00f3 peri\u00f2dica de la funci\u00f3 respirat\u00f2ria. No obstant aix\u00f2, els s\u00edmptomes respiratoris poden tenir altres causes i per tant han de ser valorats per un professional.<\/p>\n<ul>\n<li><em><strong>\u00bfLes m\u00e0quines que ajuden a dormir a les persones amb apnea del son estan indicades per als pacients d&#8217;ELA?<\/strong><\/em><\/li>\n<\/ul>\n<p>L&#8217;apnea del son es tracta amb una m\u00e0quina coneguda com CPAP (sigles en angl\u00e8s de pressi\u00f3 respirat\u00f2ria cont\u00ednua). En el cas dels pacients d&#8217;ELA que presenten afectaci\u00f3 respirat\u00f2ria, la m\u00e0quina de ventilaci\u00f3 que s&#8217;utilitza \u00e9s diferent, encara que amb algunes similituds. El pneum\u00f2leg \u00e9s el professional ideal per a indicar el dispositiu que millor s&#8217;adapta per a cada pacient. Per aix\u00f2, els pacients amb ELA han de ser visitats pel pneum\u00f2leg de manera rutin\u00e0ria.<\/p>\n<div class=\"sharedaddy sd-sharing-enabled\"><div class=\"robots-nocontent sd-block sd-social sd-social-icon sd-sharing\"><h3 class=\"sd-title\">Comparteix aix\u00f2:<\/h3><div class=\"sd-content\"><ul><li class=\"share-facebook\"><a rel=\"nofollow\" data-shared=\"sharing-facebook-1116\" class=\"share-facebook sd-button share-icon no-text\" href=\"http:\/\/blogs.bellvitgehospital.cat\/aulaela\/compartim\/?share=facebook\" target=\"_blank\" title=\"Comparteix al Facebook\"><span><\/span><span class=\"sharing-screen-reader-text\">Comparteix al Facebook (Opens in new window)<\/span><\/a><\/li><li class=\"share-twitter\"><a rel=\"nofollow\" data-shared=\"sharing-twitter-1116\" class=\"share-twitter sd-button share-icon no-text\" href=\"http:\/\/blogs.bellvitgehospital.cat\/aulaela\/compartim\/?share=twitter\" target=\"_blank\" title=\"Feu clic per compartir al Twitter\"><span><\/span><span class=\"sharing-screen-reader-text\">Feu clic per compartir al Twitter (Opens in new window)<\/span><\/a><\/li><li class=\"share-google-plus-1\"><a rel=\"nofollow\" data-shared=\"sharing-google-1116\" class=\"share-google-plus-1 sd-button share-icon no-text\" href=\"http:\/\/blogs.bellvitgehospital.cat\/aulaela\/compartim\/?share=google-plus-1\" target=\"_blank\" title=\"Feu clic per compartir a Google+\"><span><\/span><span class=\"sharing-screen-reader-text\">Feu clic per compartir a Google+ (Opens in new window)<\/span><\/a><\/li><li class=\"share-email\"><a rel=\"nofollow\" data-shared=\"\" class=\"share-email sd-button share-icon no-text\" href=\"http:\/\/blogs.bellvitgehospital.cat\/aulaela\/compartim\/?share=email\" target=\"_blank\" title=\"Feu clic per enviar un correu electr\u00f2nic a un amic\"><span><\/span><span class=\"sharing-screen-reader-text\">Feu clic per enviar un correu electr\u00f2nic a un amic (Opens in new window)<\/span><\/a><\/li><li class=\"share-print\"><a rel=\"nofollow\" data-shared=\"\" class=\"share-print sd-button share-icon no-text\" href=\"http:\/\/blogs.bellvitgehospital.cat\/aulaela\/compartim\/\" target=\"_blank\" title=\"Feu clic per imprimir\"><span><\/span><span class=\"sharing-screen-reader-text\">Feu clic per imprimir (Opens in new window)<\/span><\/a><\/li><li class=\"share-end\"><\/li><\/ul><\/div><\/div><\/div>","protected":false},"excerpt":{"rendered":"<p>A Compartim, la nova secci\u00f3 del blog AulaELA, pretenem fer cr\u00e9ixer un espai que ens ajudi a resoldre dubtes a partir del coneixement col\u00b7lectiu i participatiu. Reunirem les consultes que puguin ser \u00fatils en major o menor grau per als &hellip; <a href=\"http:\/\/blogs.bellvitgehospital.cat\/aulaela\/compartim\/\">Continua llegint <span class=\"meta-nav\">&rarr;<\/span><\/a><\/p>\n<div class=\"sharedaddy sd-sharing-enabled\"><div class=\"robots-nocontent sd-block sd-social sd-social-icon sd-sharing\"><h3 class=\"sd-title\">Comparteix aix\u00f2:<\/h3><div class=\"sd-content\"><ul><li class=\"share-facebook\"><a rel=\"nofollow\" data-shared=\"sharing-facebook-1116\" class=\"share-facebook sd-button share-icon no-text\" href=\"http:\/\/blogs.bellvitgehospital.cat\/aulaela\/compartim\/?share=facebook\" target=\"_blank\" title=\"Comparteix al Facebook\"><span><\/span><span class=\"sharing-screen-reader-text\">Comparteix al Facebook (Opens in new window)<\/span><\/a><\/li><li class=\"share-twitter\"><a rel=\"nofollow\" data-shared=\"sharing-twitter-1116\" class=\"share-twitter sd-button share-icon no-text\" href=\"http:\/\/blogs.bellvitgehospital.cat\/aulaela\/compartim\/?share=twitter\" target=\"_blank\" title=\"Feu clic per compartir al Twitter\"><span><\/span><span class=\"sharing-screen-reader-text\">Feu clic per compartir al Twitter (Opens in new window)<\/span><\/a><\/li><li class=\"share-google-plus-1\"><a rel=\"nofollow\" data-shared=\"sharing-google-1116\" class=\"share-google-plus-1 sd-button share-icon no-text\" href=\"http:\/\/blogs.bellvitgehospital.cat\/aulaela\/compartim\/?share=google-plus-1\" target=\"_blank\" title=\"Feu clic per compartir a Google+\"><span><\/span><span class=\"sharing-screen-reader-text\">Feu clic per compartir a Google+ (Opens in new window)<\/span><\/a><\/li><li class=\"share-email\"><a rel=\"nofollow\" data-shared=\"\" class=\"share-email sd-button share-icon no-text\" href=\"http:\/\/blogs.bellvitgehospital.cat\/aulaela\/compartim\/?share=email\" target=\"_blank\" title=\"Feu clic per enviar un correu electr\u00f2nic a un amic\"><span><\/span><span class=\"sharing-screen-reader-text\">Feu clic per enviar un correu electr\u00f2nic a un amic (Opens in new window)<\/span><\/a><\/li><li class=\"share-print\"><a rel=\"nofollow\" data-shared=\"\" class=\"share-print sd-button share-icon no-text\" href=\"http:\/\/blogs.bellvitgehospital.cat\/aulaela\/compartim\/\" target=\"_blank\" title=\"Feu clic per imprimir\"><span><\/span><span class=\"sharing-screen-reader-text\">Feu clic per imprimir (Opens in new window)<\/span><\/a><\/li><li class=\"share-end\"><\/li><\/ul><\/div><\/div><\/div>","protected":false},"author":10,"featured_media":0,"parent":0,"menu_order":0,"comment_status":"closed","ping_status":"closed","template":"","meta":[],"_links":{"self":[{"href":"http:\/\/blogs.bellvitgehospital.cat\/aulaela\/wp-json\/wp\/v2\/pages\/1116"}],"collection":[{"href":"http:\/\/blogs.bellvitgehospital.cat\/aulaela\/wp-json\/wp\/v2\/pages"}],"about":[{"href":"http:\/\/blogs.bellvitgehospital.cat\/aulaela\/wp-json\/wp\/v2\/types\/page"}],"author":[{"embeddable":true,"href":"http:\/\/blogs.bellvitgehospital.cat\/aulaela\/wp-json\/wp\/v2\/users\/10"}],"replies":[{"embeddable":true,"href":"http:\/\/blogs.bellvitgehospital.cat\/aulaela\/wp-json\/wp\/v2\/comments?post=1116"}],"version-history":[{"count":7,"href":"http:\/\/blogs.bellvitgehospital.cat\/aulaela\/wp-json\/wp\/v2\/pages\/1116\/revisions"}],"predecessor-version":[{"id":1658,"href":"http:\/\/blogs.bellvitgehospital.cat\/aulaela\/wp-json\/wp\/v2\/pages\/1116\/revisions\/1658"}],"wp:attachment":[{"href":"http:\/\/blogs.bellvitgehospital.cat\/aulaela\/wp-json\/wp\/v2\/media?parent=1116"}],"curies":[{"name":"wp","href":"https:\/\/api.w.org\/{rel}","templated":true}]}}